{"id":45146,"date":"2023-05-12T11:20:45","date_gmt":"2023-05-12T08:20:45","guid":{"rendered":"https:\/\/exlibris.ee\/toode\/beste-freunde-plus-a2-1-arbeitsbuch-interaktive-version\/"},"modified":"2026-04-05T17:23:35","modified_gmt":"2026-04-05T14:23:35","slug":"beste-freunde-plus-a2-1-arbeitsbuch-interaktive-version","status":"publish","type":"product","link":"https:\/\/exlibris.ee\/ru\/produkt\/beste-freunde-plus-a2-1-arbeitsbuch-interaktive-version\/","title":{"rendered":"Beste Freunde PLUS A2.1    \/ Arbeitsbuch \u2013 Interaktive Version"},"content":{"rendered":"<p>Beste Freunde PLUS \u2013 das interaktive DaF-Lehrwerk (A1 &#8212; B1) f\u00fcr Deutsch als Fremdsprache Zielgruppe: Jugendliche ohne Vorkenntnisse Beste Freunde PLUS A2.1 Arbeitsbuch \u2013 interaktive Version (nur digitales Produkt) &#8212; digitales Arbeitsbuch f\u00fcr Whiteboard, PC\/Mac und Tablet &#8212; integrierte Audiodateien zum Arbeitsbuch &#8212; interaktiv umgesetzte \u00dcbungen aus dem Arbeitsbuch &#8212; Grammatik-Clips und interaktive Zusatz\u00fcbungen zu Aussprache,Wortschatz, Grammatik und Kommunikation &#8212; integrierte Whiteboard-Werkzeuge zum Markieren, Kommentieren und Pr\u00e4sentieren &#8212; intuitiv und ohne Einf\u00fchrung sofort einsetzbar &#8212; Nutzung auf allen Ger\u00e4ten und allen g\u00e4ngigen Browsern &#8212; offline verf\u00fcgbar \u00fcber die Hueber-interaktiv-App und als Kopie auf USB-Stick.<\/p>\n","protected":false},"excerpt":{"rendered":"<p>Beste Freunde PLUS \u2013 das interaktive DaF-Lehrwerk (A1 &#8212; B1) f\u00fcr Deutsch als Fremdsprache Zielgruppe: Jugendliche ohne Vorkenntnisse Beste Freunde PLUS A2.1 Arbeitsbuch \u2013 interaktive Version (nur digitales Produkt) &#8212; digitales Arbeitsbuch f\u00fcr Whiteboard, PC\/Mac und Tablet &#8212; integrierte Audiodateien&#8230;<\/p>\n","protected":false},"featured_media":131255,"template":"","meta":{"_acf_changed":false,"inline_featured_image":false},"product_brand":[],"product_cat":[477],"product_tag":[],"series":[{"id":1044,"name":"Beste Freunde PLUS A2.1","slug":"beste-freunde-plus-a2-1"}],"publisher":[{"id":497,"name":"Hueber Verlag","slug":"hueber-verlag"}],"class_list":{"0":"post-45146","1":"product","2":"type-product","3":"status-publish","4":"has-post-thumbnail","6":"product_cat-lehrwerke-fur-jugendliche","7":"series-beste-freunde-plus-a2-1","8":"publisher-hueber-verlag","10":"first","11":"onbackorder","12":"taxable","13":"shipping-taxable","14":"purchasable","15":"product-type-simple"},"acf":[],"_links":{"self":[{"href":"https:\/\/exlibris.ee\/ru\/wp-json\/wp\/v2\/product\/45146","targetHints":{"allow":["GET"]}}],"collection":[{"href":"https:\/\/exlibris.ee\/ru\/wp-json\/wp\/v2\/product"}],"about":[{"href":"https:\/\/exlibris.ee\/ru\/wp-json\/wp\/v2\/types\/product"}],"wp:featuredmedia":[{"embeddable":true,"href":"https:\/\/exlibris.ee\/ru\/wp-json\/wp\/v2\/media\/131255"}],"wp:attachment":[{"href":"https:\/\/exlibris.ee\/ru\/wp-json\/wp\/v2\/media?parent=45146"}],"wp:term":[{"taxonomy":"product_brand","embeddable":true,"href":"https:\/\/exlibris.ee\/ru\/wp-json\/wp\/v2\/product_brand?post=45146"},{"taxonomy":"product_cat","embeddable":true,"href":"https:\/\/exlibris.ee\/ru\/wp-json\/wp\/v2\/product_cat?post=45146"},{"taxonomy":"product_tag","embeddable":true,"href":"https:\/\/exlibris.ee\/ru\/wp-json\/wp\/v2\/product_tag?post=45146"},{"taxonomy":"series","embeddable":true,"href":"https:\/\/exlibris.ee\/ru\/wp-json\/wp\/v2\/series?post=45146"},{"taxonomy":"publisher","embeddable":true,"href":"https:\/\/exlibris.ee\/ru\/wp-json\/wp\/v2\/publisher?post=45146"}],"curies":[{"name":"wp","href":"https:\/\/api.w.org\/{rel}","templated":true}]}}