{"id":45150,"date":"2023-05-12T11:20:46","date_gmt":"2023-05-12T08:20:46","guid":{"rendered":"https:\/\/exlibris.ee\/toode\/alphabetisierung-fur-erwachsene-buch-mit-mp3-download\/"},"modified":"2026-04-18T17:21:13","modified_gmt":"2026-04-18T14:21:13","slug":"alphabetisierung-fur-erwachsene-buch-mit-mp3-download","status":"publish","type":"product","link":"https:\/\/exlibris.ee\/ru\/produkt\/alphabetisierung-fur-erwachsene-buch-mit-mp3-download\/","title":{"rendered":"Alphabetisierung f\u00fcr Erwachsene  Buch mit MP3-Download"},"content":{"rendered":"<p>Das \u00dcbungsheft richtet sich an Erwachsene und Jugendliche, die alphabetisiert oder zweitalphabetisiert werden, z.B. auch Asylbewerber mit arabischer Muttersprache. Anhand von Schwung- und Schreib\u00fcbungen werden alle Buchstaben von A bis Z sowie die Umlaute und \u00df kleinschrittig nahegebracht und ge\u00fcbt. Auf der linken Seite wird jeweils der Gro\u00dfbuchstabe und rechts der Kleinbuchstabe einge\u00fcbt. Die Ziffern 0 bis 9 werden ge\u00fcbt. Anschlie\u00dfend wird die Systematik der Zahlen vom Zehner- bis in den Tausenderbereich und der Grundrechenarten vorgestellt und trainiert. Mit H\u00f6r\u00fcbungen als MP3-Download!.<\/p>\n","protected":false},"excerpt":{"rendered":"<p>Das \u00dcbungsheft richtet sich an Erwachsene und Jugendliche, die alphabetisiert oder zweitalphabetisiert werden, z.B. auch Asylbewerber mit arabischer Muttersprache. Anhand von Schwung- und Schreib\u00fcbungen werden alle Buchstaben von A bis Z sowie die Umlaute und \u00df kleinschrittig nahegebracht und ge\u00fcbt&#8230;.<\/p>\n","protected":false},"featured_media":338744,"template":"","meta":{"_acf_changed":false,"inline_featured_image":false},"product_brand":[],"product_cat":[538],"product_tag":[],"series":[],"publisher":[{"id":497,"name":"Hueber Verlag","slug":"hueber-verlag"}],"class_list":{"0":"post-45150","1":"product","2":"type-product","3":"status-publish","4":"has-post-thumbnail","6":"product_cat-lehrwerke-fur-erwachsene","7":"publisher-hueber-verlag","9":"first","10":"onbackorder","11":"taxable","12":"shipping-taxable","13":"purchasable","14":"product-type-simple"},"acf":[],"_links":{"self":[{"href":"https:\/\/exlibris.ee\/ru\/wp-json\/wp\/v2\/product\/45150","targetHints":{"allow":["GET"]}}],"collection":[{"href":"https:\/\/exlibris.ee\/ru\/wp-json\/wp\/v2\/product"}],"about":[{"href":"https:\/\/exlibris.ee\/ru\/wp-json\/wp\/v2\/types\/product"}],"wp:featuredmedia":[{"embeddable":true,"href":"https:\/\/exlibris.ee\/ru\/wp-json\/wp\/v2\/media\/338744"}],"wp:attachment":[{"href":"https:\/\/exlibris.ee\/ru\/wp-json\/wp\/v2\/media?parent=45150"}],"wp:term":[{"taxonomy":"product_brand","embeddable":true,"href":"https:\/\/exlibris.ee\/ru\/wp-json\/wp\/v2\/product_brand?post=45150"},{"taxonomy":"product_cat","embeddable":true,"href":"https:\/\/exlibris.ee\/ru\/wp-json\/wp\/v2\/product_cat?post=45150"},{"taxonomy":"product_tag","embeddable":true,"href":"https:\/\/exlibris.ee\/ru\/wp-json\/wp\/v2\/product_tag?post=45150"},{"taxonomy":"series","embeddable":true,"href":"https:\/\/exlibris.ee\/ru\/wp-json\/wp\/v2\/series?post=45150"},{"taxonomy":"publisher","embeddable":true,"href":"https:\/\/exlibris.ee\/ru\/wp-json\/wp\/v2\/publisher?post=45150"}],"curies":[{"name":"wp","href":"https:\/\/api.w.org\/{rel}","templated":true}]}}