{"id":45153,"date":"2023-05-12T11:20:47","date_gmt":"2023-05-12T08:20:47","guid":{"rendered":"https:\/\/exlibris.ee\/toode\/starten-wir-a1-kursbuch-2\/"},"modified":"2026-04-04T05:14:34","modified_gmt":"2026-04-04T02:14:34","slug":"starten-wir-a1-kursbuch-2","status":"publish","type":"product","link":"https:\/\/exlibris.ee\/ru\/produkt\/starten-wir-a1-kursbuch-2\/","title":{"rendered":"Starten wir! A1  Kursbuch mit Audios online"},"content":{"rendered":"<p>Starten wir! ist geeignet f\u00fcr Lernende ohne Vorkenntnisse der deutschen Sprache. &#8212; ber\u00fccksichtigt die Erweiterungen und Erg\u00e4nzungen nach dem neuen Begleitband zum GER: Mediation wird mithilfe der f\u00fcr A1 ausgewiesenen Kann-Beschreibungen realisiert &#8212; f\u00fcr ca. 80 Unterrichtseinheiten pro Niveaustufe &#8212; klare Struktur mit Doppelseiten f\u00fcr je 2 Unterrichtseinheiten: gut portionierbar f\u00fcr alle g\u00e4ngigen Kurstypen &#8212; kleinschrittiger Aufbau &#8212; thematisch aufgebaute Lektionen &#8212; emotionale Einstiegsseite in jede Lektion &#8212; moderne Textsorten, die den Lebensstil junger und mobiler Menschen thematisieren &#8212; Hinweise auf die landeskundlichen Filme (erh\u00e4ltlich auf separater Video-DVD) &#8212; leicht und auch ohne Lehrerhandbuch zu unterrichten: Arbeitsanleitungen mit Angaben zur Sozialform &#8212; bew\u00e4hrte \u00dcbungstypen mit detaillierten und leicht verst\u00e4ndlichen Arbeitsanleitungen &#8212; eingebaute Wiederholungsschleifen zu Beginn jeder Doppelstunde mit dem Einstieg \u201eStarten wir!\u201c &#8212; taskorientierter Ansatz: am Ende jeder Doppelseite sorgt eine Mini-Task bzw. Handlungsaufgabe f\u00fcr eine hohe Motivation &#8212; lexikalischer Ansatz: Lernen von Chunks und die Entwicklung von Wortfeldern. &#8212; induktive Grammatik: klar und einfach &#8212; \u201eXtra Lesen\u201c: Lesetexte mit \u00dcbungen am Ende jeder Lektion &#8212; bietet ausgewiesene Portfolio-Aufgaben (Dossier). &#8212; f\u00f6rdert den handlungsorientierten Einsatz von mobilen Endger\u00e4ten wie Smartphones und Tablets.<\/p>\n","protected":false},"excerpt":{"rendered":"<p>Starten wir! ist geeignet f\u00fcr Lernende ohne Vorkenntnisse der deutschen Sprache. &#8212; ber\u00fccksichtigt die Erweiterungen und Erg\u00e4nzungen nach dem neuen Begleitband zum GER: Mediation wird mithilfe der f\u00fcr A1 ausgewiesenen Kann-Beschreibungen realisiert &#8212; f\u00fcr ca. 80 Unterrichtseinheiten pro Niveaustufe &#8212;&#8230;<\/p>\n","protected":false},"featured_media":58327,"template":"","meta":{"_acf_changed":false,"inline_featured_image":false},"product_brand":[],"product_cat":[1121],"product_tag":[],"series":[{"id":552,"name":"Starten Wir! A1","slug":"starten-wir-a1"}],"publisher":[{"id":497,"name":"Hueber Verlag","slug":"hueber-verlag"}],"class_list":{"0":"post-45153","1":"product","2":"type-product","3":"status-publish","4":"has-post-thumbnail","6":"product_cat-lehrwerke-fur-jugendliche-und-erwachsene","7":"series-starten-wir-a1","8":"publisher-hueber-verlag","10":"first","11":"onbackorder","12":"taxable","13":"shipping-taxable","14":"purchasable","15":"product-type-simple"},"acf":[],"_links":{"self":[{"href":"https:\/\/exlibris.ee\/ru\/wp-json\/wp\/v2\/product\/45153","targetHints":{"allow":["GET"]}}],"collection":[{"href":"https:\/\/exlibris.ee\/ru\/wp-json\/wp\/v2\/product"}],"about":[{"href":"https:\/\/exlibris.ee\/ru\/wp-json\/wp\/v2\/types\/product"}],"wp:featuredmedia":[{"embeddable":true,"href":"https:\/\/exlibris.ee\/ru\/wp-json\/wp\/v2\/media\/58327"}],"wp:attachment":[{"href":"https:\/\/exlibris.ee\/ru\/wp-json\/wp\/v2\/media?parent=45153"}],"wp:term":[{"taxonomy":"product_brand","embeddable":true,"href":"https:\/\/exlibris.ee\/ru\/wp-json\/wp\/v2\/product_brand?post=45153"},{"taxonomy":"product_cat","embeddable":true,"href":"https:\/\/exlibris.ee\/ru\/wp-json\/wp\/v2\/product_cat?post=45153"},{"taxonomy":"product_tag","embeddable":true,"href":"https:\/\/exlibris.ee\/ru\/wp-json\/wp\/v2\/product_tag?post=45153"},{"taxonomy":"series","embeddable":true,"href":"https:\/\/exlibris.ee\/ru\/wp-json\/wp\/v2\/series?post=45153"},{"taxonomy":"publisher","embeddable":true,"href":"https:\/\/exlibris.ee\/ru\/wp-json\/wp\/v2\/publisher?post=45153"}],"curies":[{"name":"wp","href":"https:\/\/api.w.org\/{rel}","templated":true}]}}