{"id":45160,"date":"2023-05-12T11:20:48","date_gmt":"2023-05-12T08:20:48","guid":{"rendered":"https:\/\/exlibris.ee\/toode\/ideen-sprachniveau-1-digitalisiertes-arbeitsbuch-mit-integrierten-audiodateien\/"},"modified":"2026-04-14T21:20:29","modified_gmt":"2026-04-14T18:20:29","slug":"ideen-sprachniveau-1-digitalisiertes-arbeitsbuch-mit-integrierten-audiodateien","status":"publish","type":"product","link":"https:\/\/exlibris.ee\/ru\/produkt\/ideen-sprachniveau-1-digitalisiertes-arbeitsbuch-mit-integrierten-audiodateien\/","title":{"rendered":"Ideen 1 \u2013 Digitale Ausgabe  Digitalisiertes Arbeitsbuch mit integrierten Audiodateien"},"content":{"rendered":"<p>Digitales Arbeitsbuch mit MP3-Dateien Eine Vielfalt unterschiedlicher Aktivit\u00e4ten und Aufgabenstellungen gibt den Lernenden zus\u00e4tzliche M\u00f6glichkeiten f\u00fcr ein erweitertes \u00dcben und Festigen der sprachlichen Mittel, die sie in der Lektion gelernt haben. Das Arbeitsbuch kann im Unterricht oder zu Hause im Selbststudium (z.B. als Hausaufgabe) verwendet werden. Da bekanntlich die meisten Lehrpersonen mit sehr heterogenen Lerngruppen konfrontiert sind, sind die Aufgabenstellungen im Arbeitsbuch so konzipiert, dass sie Lernenden auf sehr unterschiedlichen Kompetenzniveaus Erfolgserlebnisse vermitteln k\u00f6nnen.<\/p>\n","protected":false},"excerpt":{"rendered":"<p>Digitales Arbeitsbuch mit MP3-Dateien Eine Vielfalt unterschiedlicher Aktivit\u00e4ten und Aufgabenstellungen gibt den Lernenden zus\u00e4tzliche M\u00f6glichkeiten f\u00fcr ein erweitertes \u00dcben und Festigen der sprachlichen Mittel, die sie in der Lektion gelernt haben. Das Arbeitsbuch kann im Unterricht oder zu Hause im&#8230;<\/p>\n","protected":false},"featured_media":58390,"template":"","meta":{"_acf_changed":false,"inline_featured_image":false},"product_brand":[],"product_cat":[1121],"product_tag":[],"series":[{"id":541,"name":"Ideen Sprachniveau 1","slug":"ideen-sprachniveau-1"}],"publisher":[{"id":497,"name":"Hueber Verlag","slug":"hueber-verlag"}],"class_list":{"0":"post-45160","1":"product","2":"type-product","3":"status-publish","4":"has-post-thumbnail","6":"product_cat-lehrwerke-fur-jugendliche-und-erwachsene","7":"series-ideen-sprachniveau-1","8":"publisher-hueber-verlag","10":"first","11":"onbackorder","12":"taxable","13":"shipping-taxable","14":"purchasable","15":"product-type-simple"},"acf":[],"_links":{"self":[{"href":"https:\/\/exlibris.ee\/ru\/wp-json\/wp\/v2\/product\/45160","targetHints":{"allow":["GET"]}}],"collection":[{"href":"https:\/\/exlibris.ee\/ru\/wp-json\/wp\/v2\/product"}],"about":[{"href":"https:\/\/exlibris.ee\/ru\/wp-json\/wp\/v2\/types\/product"}],"wp:featuredmedia":[{"embeddable":true,"href":"https:\/\/exlibris.ee\/ru\/wp-json\/wp\/v2\/media\/58390"}],"wp:attachment":[{"href":"https:\/\/exlibris.ee\/ru\/wp-json\/wp\/v2\/media?parent=45160"}],"wp:term":[{"taxonomy":"product_brand","embeddable":true,"href":"https:\/\/exlibris.ee\/ru\/wp-json\/wp\/v2\/product_brand?post=45160"},{"taxonomy":"product_cat","embeddable":true,"href":"https:\/\/exlibris.ee\/ru\/wp-json\/wp\/v2\/product_cat?post=45160"},{"taxonomy":"product_tag","embeddable":true,"href":"https:\/\/exlibris.ee\/ru\/wp-json\/wp\/v2\/product_tag?post=45160"},{"taxonomy":"series","embeddable":true,"href":"https:\/\/exlibris.ee\/ru\/wp-json\/wp\/v2\/series?post=45160"},{"taxonomy":"publisher","embeddable":true,"href":"https:\/\/exlibris.ee\/ru\/wp-json\/wp\/v2\/publisher?post=45160"}],"curies":[{"name":"wp","href":"https:\/\/api.w.org\/{rel}","templated":true}]}}