{"id":45166,"date":"2023-05-12T11:20:49","date_gmt":"2023-05-12T08:20:49","guid":{"rendered":"https:\/\/exlibris.ee\/toode\/die-bremer-stadtmusikanten-die-bremer-stadtmusikanten-rotkappchen-und-aschenputtel-neu-erzahlt-von-urs-luger-pdf-mp3-download\/"},"modified":"2026-04-18T17:23:16","modified_gmt":"2026-04-18T14:23:16","slug":"die-bremer-stadtmusikanten-die-bremer-stadtmusikanten-rotkappchen-und-aschenputtel-neu-erzahlt-von-urs-luger-pdf-mp3-download","status":"publish","type":"product","link":"https:\/\/exlibris.ee\/ru\/produkt\/die-bremer-stadtmusikanten-die-bremer-stadtmusikanten-rotkappchen-und-aschenputtel-neu-erzahlt-von-urs-luger-pdf-mp3-download\/","title":{"rendered":"Die Bremer Stadtmusikanten  Die Bremer Stadtmusikanten, Rotk\u00e4ppchen und Aschenputtel neu erz\u00e4hlt von Urs Luger \/ PDF\/MP3-Download"},"content":{"rendered":"<p>Carsten Tsara ist Anfang 30, besitzt keinen besonders scharfen Verstand und auch sein Ged\u00e4chtnis ist eher durchschnittlich. Keine guten Voraussetzungen f\u00fcr einen Privatdetektiv, oder? Er ist trotzdem einer. Er vertraut seiner Intuition, und sein Wahlspruch ist: Probieren geht \u00fcber Studieren. Frau B\u00e4r kommt in die Detektei M\u00fcller. Sie hat Angst. Jemand beobachtet sie. Jemand fotografiert sie heimlich und schickt ihr dann die Bilder. Sie will wissen, wer dieser Unbekannte ist. Ein toller Job? Schon, aber leider nicht f\u00fcr Carsten Tsara. Ein anderer Mitarbeiter der Detektei bekommt den Auftrag. Tsara mischt sich trotzdem ein und &#8230; kommt in gro\u00dfe Schwierigkeiten. Niveaustufe B1.<\/p>\n","protected":false},"excerpt":{"rendered":"<p>Carsten Tsara ist Anfang 30, besitzt keinen besonders scharfen Verstand und auch sein Ged\u00e4chtnis ist eher durchschnittlich. Keine guten Voraussetzungen f\u00fcr einen Privatdetektiv, oder? Er ist trotzdem einer. Er vertraut seiner Intuition, und sein Wahlspruch ist: Probieren geht \u00fcber Studieren&#8230;.<\/p>\n","protected":false},"featured_media":58447,"template":"","meta":{"_acf_changed":false,"inline_featured_image":false},"product_brand":[],"product_cat":[851],"product_tag":[],"series":[{"id":975,"name":"Die Bremer Stadtmusikanten","slug":"die-bremer-stadtmusikanten"}],"publisher":[{"id":497,"name":"Hueber Verlag","slug":"hueber-verlag"}],"class_list":{"0":"post-45166","1":"product","2":"type-product","3":"status-publish","4":"has-post-thumbnail","6":"product_cat-lesetexte-deutsch","7":"series-die-bremer-stadtmusikanten","8":"publisher-hueber-verlag","10":"first","11":"onbackorder","12":"taxable","13":"shipping-taxable","14":"purchasable","15":"product-type-simple"},"acf":[],"_links":{"self":[{"href":"https:\/\/exlibris.ee\/ru\/wp-json\/wp\/v2\/product\/45166","targetHints":{"allow":["GET"]}}],"collection":[{"href":"https:\/\/exlibris.ee\/ru\/wp-json\/wp\/v2\/product"}],"about":[{"href":"https:\/\/exlibris.ee\/ru\/wp-json\/wp\/v2\/types\/product"}],"wp:featuredmedia":[{"embeddable":true,"href":"https:\/\/exlibris.ee\/ru\/wp-json\/wp\/v2\/media\/58447"}],"wp:attachment":[{"href":"https:\/\/exlibris.ee\/ru\/wp-json\/wp\/v2\/media?parent=45166"}],"wp:term":[{"taxonomy":"product_brand","embeddable":true,"href":"https:\/\/exlibris.ee\/ru\/wp-json\/wp\/v2\/product_brand?post=45166"},{"taxonomy":"product_cat","embeddable":true,"href":"https:\/\/exlibris.ee\/ru\/wp-json\/wp\/v2\/product_cat?post=45166"},{"taxonomy":"product_tag","embeddable":true,"href":"https:\/\/exlibris.ee\/ru\/wp-json\/wp\/v2\/product_tag?post=45166"},{"taxonomy":"series","embeddable":true,"href":"https:\/\/exlibris.ee\/ru\/wp-json\/wp\/v2\/series?post=45166"},{"taxonomy":"publisher","embeddable":true,"href":"https:\/\/exlibris.ee\/ru\/wp-json\/wp\/v2\/publisher?post=45166"}],"curies":[{"name":"wp","href":"https:\/\/api.w.org\/{rel}","templated":true}]}}