{"id":45179,"date":"2023-05-12T11:20:53","date_gmt":"2023-05-12T08:20:53","guid":{"rendered":"https:\/\/exlibris.ee\/toode\/aktiv-und-kreativ-lernen-pdf-download\/"},"modified":"2026-04-20T09:53:24","modified_gmt":"2026-04-20T06:53:24","slug":"aktiv-und-kreativ-lernen-pdf-download","status":"publish","type":"product","link":"https:\/\/exlibris.ee\/ru\/produkt\/aktiv-und-kreativ-lernen-pdf-download\/","title":{"rendered":"Aktiv und kreativ lernen  \/ PDF-Download"},"content":{"rendered":"<p>Dieses Buch behandelt methodische M\u00f6glichkeiten, den Unterricht \u00fcber das Lehrwerk hinaus zu erweitern und mit authentischen Kommunikationsanl\u00e4ssen Sprache zu \u00fcben. Es leistet einen Beitrag zur Projektarbeit im Fremdsprachenunterricht und liefert Tipps und Anregungen zum kreativen und aktiven Lehren und Lernen.<\/p>\n","protected":false},"excerpt":{"rendered":"<p>Dieses Buch behandelt methodische M\u00f6glichkeiten, den Unterricht \u00fcber das Lehrwerk hinaus zu erweitern und mit authentischen Kommunikationsanl\u00e4ssen Sprache zu \u00fcben. Es leistet einen Beitrag zur Projektarbeit im Fremdsprachenunterricht und liefert Tipps und Anregungen zum kreativen und aktiven Lehren und Lernen.<\/p>\n","protected":false},"featured_media":58522,"template":"","meta":{"_acf_changed":false,"inline_featured_image":false},"product_brand":[],"product_cat":[886],"product_tag":[],"series":[],"publisher":[{"id":497,"name":"Hueber Verlag","slug":"hueber-verlag"}],"class_list":{"0":"post-45179","1":"product","2":"type-product","3":"status-publish","4":"has-post-thumbnail","6":"product_cat-methodik","7":"publisher-hueber-verlag","9":"first","10":"onbackorder","11":"taxable","12":"shipping-taxable","13":"purchasable","14":"product-type-simple"},"acf":[],"_links":{"self":[{"href":"https:\/\/exlibris.ee\/ru\/wp-json\/wp\/v2\/product\/45179","targetHints":{"allow":["GET"]}}],"collection":[{"href":"https:\/\/exlibris.ee\/ru\/wp-json\/wp\/v2\/product"}],"about":[{"href":"https:\/\/exlibris.ee\/ru\/wp-json\/wp\/v2\/types\/product"}],"wp:featuredmedia":[{"embeddable":true,"href":"https:\/\/exlibris.ee\/ru\/wp-json\/wp\/v2\/media\/58522"}],"wp:attachment":[{"href":"https:\/\/exlibris.ee\/ru\/wp-json\/wp\/v2\/media?parent=45179"}],"wp:term":[{"taxonomy":"product_brand","embeddable":true,"href":"https:\/\/exlibris.ee\/ru\/wp-json\/wp\/v2\/product_brand?post=45179"},{"taxonomy":"product_cat","embeddable":true,"href":"https:\/\/exlibris.ee\/ru\/wp-json\/wp\/v2\/product_cat?post=45179"},{"taxonomy":"product_tag","embeddable":true,"href":"https:\/\/exlibris.ee\/ru\/wp-json\/wp\/v2\/product_tag?post=45179"},{"taxonomy":"series","embeddable":true,"href":"https:\/\/exlibris.ee\/ru\/wp-json\/wp\/v2\/series?post=45179"},{"taxonomy":"publisher","embeddable":true,"href":"https:\/\/exlibris.ee\/ru\/wp-json\/wp\/v2\/publisher?post=45179"}],"curies":[{"name":"wp","href":"https:\/\/api.w.org\/{rel}","templated":true}]}}