{"id":45187,"date":"2023-05-12T11:20:54","date_gmt":"2023-05-12T08:20:54","guid":{"rendered":"https:\/\/exlibris.ee\/toode\/die-bremer-stadtmusikanten-die-bremer-stadtmusikanten-rotkappchen-und-aschenputtel-neu-erzahlt-von-urs-luger-leseheft-mit-audios-online\/"},"modified":"2026-04-18T17:25:09","modified_gmt":"2026-04-18T14:25:09","slug":"die-bremer-stadtmusikanten-die-bremer-stadtmusikanten-rotkappchen-und-aschenputtel-neu-erzahlt-von-urs-luger-leseheft-mit-audios-online","status":"publish","type":"product","link":"https:\/\/exlibris.ee\/ru\/produkt\/die-bremer-stadtmusikanten-die-bremer-stadtmusikanten-rotkappchen-und-aschenputtel-neu-erzahlt-von-urs-luger-leseheft-mit-audios-online\/","title":{"rendered":"Die Bremer Stadtmusikanten  Die Bremer Stadtmusikanten, Rotk\u00e4ppchen und Aschenputtel neu erz\u00e4hlt von Urs Luger \/ Leseheft mit Audios online"},"content":{"rendered":"<p>Friedrich Schillers gro\u00dfes Drama \u00fcber Liebe, Hass, Tod und Freiheit. Deutschland im 18. Jahrhundert: Karl von Moor will nach seiner Studienzeit nach Hause zur\u00fcckgehen, zu seinem Vater und seiner gro\u00dfen Liebe Amalia. Aber sein Bruder Franz hat andere Pl\u00e4ne \u2026 Er erz\u00e4hlt L\u00fcgen \u00fcber Karl, so b\u00f6se L\u00fcgen, dass dieser nicht mehr zur\u00fcck nach Hause darf. Karl, w\u00fctend und verzweifelt, sieht keinen Sinn mehr im Leben und wird R\u00e4uber. Aber damit fangen seine Probleme erst richtig an \u2026<\/p>\n","protected":false},"excerpt":{"rendered":"<p>Friedrich Schillers gro\u00dfes Drama \u00fcber Liebe, Hass, Tod und Freiheit. Deutschland im 18. Jahrhundert: Karl von Moor will nach seiner Studienzeit nach Hause zur\u00fcckgehen, zu seinem Vater und seiner gro\u00dfen Liebe Amalia. Aber sein Bruder Franz hat andere Pl\u00e4ne \u2026&#8230;<\/p>\n","protected":false},"featured_media":58576,"template":"","meta":{"_acf_changed":false,"inline_featured_image":false},"product_brand":[],"product_cat":[851],"product_tag":[],"series":[{"id":975,"name":"Die Bremer Stadtmusikanten","slug":"die-bremer-stadtmusikanten"}],"publisher":[{"id":497,"name":"Hueber Verlag","slug":"hueber-verlag"}],"class_list":{"0":"post-45187","1":"product","2":"type-product","3":"status-publish","4":"has-post-thumbnail","6":"product_cat-lesetexte-deutsch","7":"series-die-bremer-stadtmusikanten","8":"publisher-hueber-verlag","10":"first","11":"onbackorder","12":"taxable","13":"shipping-taxable","14":"purchasable","15":"product-type-simple"},"acf":[],"_links":{"self":[{"href":"https:\/\/exlibris.ee\/ru\/wp-json\/wp\/v2\/product\/45187","targetHints":{"allow":["GET"]}}],"collection":[{"href":"https:\/\/exlibris.ee\/ru\/wp-json\/wp\/v2\/product"}],"about":[{"href":"https:\/\/exlibris.ee\/ru\/wp-json\/wp\/v2\/types\/product"}],"wp:featuredmedia":[{"embeddable":true,"href":"https:\/\/exlibris.ee\/ru\/wp-json\/wp\/v2\/media\/58576"}],"wp:attachment":[{"href":"https:\/\/exlibris.ee\/ru\/wp-json\/wp\/v2\/media?parent=45187"}],"wp:term":[{"taxonomy":"product_brand","embeddable":true,"href":"https:\/\/exlibris.ee\/ru\/wp-json\/wp\/v2\/product_brand?post=45187"},{"taxonomy":"product_cat","embeddable":true,"href":"https:\/\/exlibris.ee\/ru\/wp-json\/wp\/v2\/product_cat?post=45187"},{"taxonomy":"product_tag","embeddable":true,"href":"https:\/\/exlibris.ee\/ru\/wp-json\/wp\/v2\/product_tag?post=45187"},{"taxonomy":"series","embeddable":true,"href":"https:\/\/exlibris.ee\/ru\/wp-json\/wp\/v2\/series?post=45187"},{"taxonomy":"publisher","embeddable":true,"href":"https:\/\/exlibris.ee\/ru\/wp-json\/wp\/v2\/publisher?post=45187"}],"curies":[{"name":"wp","href":"https:\/\/api.w.org\/{rel}","templated":true}]}}