{"id":45504,"date":"2023-05-12T11:23:35","date_gmt":"2023-05-12T08:23:35","guid":{"rendered":"https:\/\/exlibris.ee\/toode\/eesti-keele-verbirektsioone\/"},"modified":"2026-04-17T19:48:11","modified_gmt":"2026-04-17T16:48:11","slug":"eesti-keele-verbirektsioone","status":"publish","type":"product","link":"https:\/\/exlibris.ee\/ru\/produkt\/eesti-keele-verbirektsioone\/","title":{"rendered":"Eesti keele verbirektsioone"},"content":{"rendered":"<p>Eesti keele verbirektsioone&#187;&#187; on kasulik abimaterjal k\u00f5igile, kes \u00f5pivad v\u00f5i \u00f5petavad eesti keelt v\u00f5\u00f5rkeelena. Raamat sisaldab 663 verbi koos rektsioonikirjeldustega ning rohkem kui tuhat n\u00e4itelauset, mis on t\u00f5lgitud ka inglise, soome ja vene keelde. Raili Pool t\u00f6\u00f6tab alates 1992. aastast Tartu \u00fclikoolis, \u00f5petab eesti keele kui v\u00f5\u00f5rkeelega seotud \u00f5ppeaineid, uurib eesti keele kui teise keele omandamist ning koostab ja toimetab \u00f5ppematerjale.<\/p>\n","protected":false},"excerpt":{"rendered":"<p>Eesti keele verbirektsioone&#187;&#187; on kasulik abimaterjal k\u00f5igile, kes \u00f5pivad v\u00f5i \u00f5petavad eesti keelt v\u00f5\u00f5rkeelena. Raamat sisaldab 663 verbi koos rektsioonikirjeldustega ning rohkem kui tuhat n\u00e4itelauset, mis on t\u00f5lgitud ka inglise, soome ja vene keelde. Raili Pool t\u00f6\u00f6tab alates 1992. aastast&#8230;<\/p>\n","protected":false},"featured_media":106316,"template":"","meta":{"_acf_changed":false,"inline_featured_image":false},"product_brand":[],"product_cat":[714],"product_tag":[],"series":[],"publisher":[{"id":1085,"name":"Tartu \u00dclikooli Kirjastus","slug":"tartu-ulikooli-kirjastus"}],"class_list":{"0":"post-45504","1":"product","2":"type-product","3":"status-publish","4":"has-post-thumbnail","6":"product_cat-c1-taseme-opikud","7":"publisher-tartu-ulikooli-kirjastus","9":"first","10":"instock","11":"taxable","12":"shipping-taxable","13":"purchasable","14":"product-type-simple"},"acf":[],"_links":{"self":[{"href":"https:\/\/exlibris.ee\/ru\/wp-json\/wp\/v2\/product\/45504","targetHints":{"allow":["GET"]}}],"collection":[{"href":"https:\/\/exlibris.ee\/ru\/wp-json\/wp\/v2\/product"}],"about":[{"href":"https:\/\/exlibris.ee\/ru\/wp-json\/wp\/v2\/types\/product"}],"wp:featuredmedia":[{"embeddable":true,"href":"https:\/\/exlibris.ee\/ru\/wp-json\/wp\/v2\/media\/106316"}],"wp:attachment":[{"href":"https:\/\/exlibris.ee\/ru\/wp-json\/wp\/v2\/media?parent=45504"}],"wp:term":[{"taxonomy":"product_brand","embeddable":true,"href":"https:\/\/exlibris.ee\/ru\/wp-json\/wp\/v2\/product_brand?post=45504"},{"taxonomy":"product_cat","embeddable":true,"href":"https:\/\/exlibris.ee\/ru\/wp-json\/wp\/v2\/product_cat?post=45504"},{"taxonomy":"product_tag","embeddable":true,"href":"https:\/\/exlibris.ee\/ru\/wp-json\/wp\/v2\/product_tag?post=45504"},{"taxonomy":"series","embeddable":true,"href":"https:\/\/exlibris.ee\/ru\/wp-json\/wp\/v2\/series?post=45504"},{"taxonomy":"publisher","embeddable":true,"href":"https:\/\/exlibris.ee\/ru\/wp-json\/wp\/v2\/publisher?post=45504"}],"curies":[{"name":"wp","href":"https:\/\/api.w.org\/{rel}","templated":true}]}}