{"id":45512,"date":"2023-05-12T11:23:48","date_gmt":"2023-05-12T08:23:48","guid":{"rendered":"https:\/\/exlibris.ee\/toode\/ennemuistsed-jutud-reinuvader-rebasest\/"},"modified":"2026-04-16T21:39:29","modified_gmt":"2026-04-16T18:39:29","slug":"ennemuistsed-jutud-reinuvader-rebasest","status":"publish","type":"product","link":"https:\/\/exlibris.ee\/ru\/produkt\/ennemuistsed-jutud-reinuvader-rebasest\/","title":{"rendered":"Ennemuistsed jutud Reinuvader Rebasest"},"content":{"rendered":"<p>Eesti lastekirjanduse klassik Ernst Peterson-S\u00e4rgava on s\u00f5lminud rahvusvaheliselt tuntud jutuainese kahek\u00fcmneks looks.<\/p>\n","protected":false},"excerpt":{"rendered":"<p>Eesti lastekirjanduse klassik Ernst Peterson-S\u00e4rgava on s\u00f5lminud rahvusvaheliselt tuntud jutuainese kahek\u00fcmneks looks.<\/p>\n","protected":false},"featured_media":0,"template":"","meta":{"_acf_changed":false,"inline_featured_image":false},"product_brand":[],"product_cat":[2410],"product_tag":[],"series":[],"publisher":[],"class_list":{"0":"post-45512","1":"product","2":"type-product","3":"status-publish","5":"product_cat-rlas-eesti","7":"first","8":"instock","9":"taxable","10":"shipping-taxable","11":"purchasable","12":"product-type-simple"},"acf":[],"_links":{"self":[{"href":"https:\/\/exlibris.ee\/ru\/wp-json\/wp\/v2\/product\/45512","targetHints":{"allow":["GET"]}}],"collection":[{"href":"https:\/\/exlibris.ee\/ru\/wp-json\/wp\/v2\/product"}],"about":[{"href":"https:\/\/exlibris.ee\/ru\/wp-json\/wp\/v2\/types\/product"}],"wp:attachment":[{"href":"https:\/\/exlibris.ee\/ru\/wp-json\/wp\/v2\/media?parent=45512"}],"wp:term":[{"taxonomy":"product_brand","embeddable":true,"href":"https:\/\/exlibris.ee\/ru\/wp-json\/wp\/v2\/product_brand?post=45512"},{"taxonomy":"product_cat","embeddable":true,"href":"https:\/\/exlibris.ee\/ru\/wp-json\/wp\/v2\/product_cat?post=45512"},{"taxonomy":"product_tag","embeddable":true,"href":"https:\/\/exlibris.ee\/ru\/wp-json\/wp\/v2\/product_tag?post=45512"},{"taxonomy":"series","embeddable":true,"href":"https:\/\/exlibris.ee\/ru\/wp-json\/wp\/v2\/series?post=45512"},{"taxonomy":"publisher","embeddable":true,"href":"https:\/\/exlibris.ee\/ru\/wp-json\/wp\/v2\/publisher?post=45512"}],"curies":[{"name":"wp","href":"https:\/\/api.w.org\/{rel}","templated":true}]}}