{"id":45533,"date":"2023-05-12T11:23:58","date_gmt":"2023-05-12T08:23:58","guid":{"rendered":"https:\/\/exlibris.ee\/toode\/onnekass\/"},"modified":"2026-04-13T09:33:14","modified_gmt":"2026-04-13T06:33:14","slug":"onnekass","status":"publish","type":"product","link":"https:\/\/exlibris.ee\/ru\/produkt\/onnekass\/","title":{"rendered":"\u00d5nnekass"},"content":{"rendered":"<p>Raamatu tegevus toimub \u00fches v\u00e4ikeses v\u00e4ikelinnas.Peategelasteks on lapsed, kes k\u00f5ik armastavad v\u00e4ga loomi. T\u00f5eline seiklus algab siis, kui lapsed n\u00e4evad pealt, kuidas \u00fcks siilisoenguga mees varastab \u00e4ra nende naabri haruldase kassi. Lapsed annavad k\u00f5ik endast s\u00f5ltuva, et tabada kassivaras. Raamat v\u00e4\u00e4rtustab s\u00f5prussuhteid, koos tegutsemise t\u00f5husust ning t\u00f5stab esile imep\u00e4rast loomaarmastust. Autor ise raamatust: \u00abLapsed, kes armastavad loomi ja keda k\u00fctkestavad kriminullid, loevad raamatu l\u00e4bi \u00fche hinget\u00f5mbega. Lugu \u00f5petab n\u00e4gema vahet hea ja kurja vahel.\u00bb<\/p>\n","protected":false},"excerpt":{"rendered":"<p>Raamatu tegevus toimub \u00fches v\u00e4ikeses v\u00e4ikelinnas.Peategelasteks on lapsed, kes k\u00f5ik armastavad v\u00e4ga loomi. T\u00f5eline seiklus algab siis, kui lapsed n\u00e4evad pealt, kuidas \u00fcks siilisoenguga mees varastab \u00e4ra nende naabri haruldase kassi. Lapsed annavad k\u00f5ik endast s\u00f5ltuva, et tabada kassivaras. Raamat&#8230;<\/p>\n","protected":false},"featured_media":106053,"template":"","meta":{"_acf_changed":false,"inline_featured_image":false},"product_brand":[],"product_cat":[2410],"product_tag":[],"series":[],"publisher":[],"class_list":{"0":"post-45533","1":"product","2":"type-product","3":"status-publish","4":"has-post-thumbnail","6":"product_cat-rlas-eesti","8":"first","9":"instock","10":"taxable","11":"shipping-taxable","12":"purchasable","13":"product-type-simple"},"acf":[],"_links":{"self":[{"href":"https:\/\/exlibris.ee\/ru\/wp-json\/wp\/v2\/product\/45533","targetHints":{"allow":["GET"]}}],"collection":[{"href":"https:\/\/exlibris.ee\/ru\/wp-json\/wp\/v2\/product"}],"about":[{"href":"https:\/\/exlibris.ee\/ru\/wp-json\/wp\/v2\/types\/product"}],"wp:featuredmedia":[{"embeddable":true,"href":"https:\/\/exlibris.ee\/ru\/wp-json\/wp\/v2\/media\/106053"}],"wp:attachment":[{"href":"https:\/\/exlibris.ee\/ru\/wp-json\/wp\/v2\/media?parent=45533"}],"wp:term":[{"taxonomy":"product_brand","embeddable":true,"href":"https:\/\/exlibris.ee\/ru\/wp-json\/wp\/v2\/product_brand?post=45533"},{"taxonomy":"product_cat","embeddable":true,"href":"https:\/\/exlibris.ee\/ru\/wp-json\/wp\/v2\/product_cat?post=45533"},{"taxonomy":"product_tag","embeddable":true,"href":"https:\/\/exlibris.ee\/ru\/wp-json\/wp\/v2\/product_tag?post=45533"},{"taxonomy":"series","embeddable":true,"href":"https:\/\/exlibris.ee\/ru\/wp-json\/wp\/v2\/series?post=45533"},{"taxonomy":"publisher","embeddable":true,"href":"https:\/\/exlibris.ee\/ru\/wp-json\/wp\/v2\/publisher?post=45533"}],"curies":[{"name":"wp","href":"https:\/\/api.w.org\/{rel}","templated":true}]}}