{"id":47028,"date":"2023-05-19T12:23:07","date_gmt":"2023-05-19T09:23:07","guid":{"rendered":"https:\/\/exlibris.ee\/toode\/lagune-3-kursbuch-mit-audio-cd\/"},"modified":"2026-04-05T15:25:44","modified_gmt":"2026-04-05T12:25:44","slug":"lagune-3-kursbuch-mit-audio-cd","status":"publish","type":"product","link":"https:\/\/exlibris.ee\/ru\/produkt\/lagune-3-kursbuch-mit-audio-cd\/","title":{"rendered":"Lagune 3  Kursbuch mit Audio-CD"},"content":{"rendered":"<p>Lagune ist ein Grundstufenlehrwerk mit einer sanften, verl\u00e4sslich ausgearbeiteten Wortschatz- und Grammatikprogression und einem gro\u00dfen \u00dcbungsangebot. Mit seinem Autorenteam Hartmut Aufderstra\u00dfe, Jutta M\u00fcller und Thomas Storz setzt Lagune die Tradition international erfolgreicher Hueber-DaF-Lehrwerke fort. Lagune wird allen aktuellen Standards gerecht, die ein modernes kommunikatives Lehrwerk definieren. Zielgruppe: Erwachsene und Jugendliche ab 16 Jahren in allen Grundstufenkursen (A1\u2013B1) weltweit.<\/p>\n","protected":false},"excerpt":{"rendered":"<p>Lagune ist ein Grundstufenlehrwerk mit einer sanften, verl\u00e4sslich ausgearbeiteten Wortschatz- und Grammatikprogression und einem gro\u00dfen \u00dcbungsangebot. Mit seinem Autorenteam Hartmut Aufderstra\u00dfe, Jutta M\u00fcller und Thomas Storz setzt Lagune die Tradition international erfolgreicher Hueber-DaF-Lehrwerke fort. Lagune wird allen aktuellen Standards gerecht,&#8230;<\/p>\n","protected":false},"featured_media":55456,"template":"","meta":{"_acf_changed":false,"inline_featured_image":false},"product_brand":[],"product_cat":[1121],"product_tag":[],"series":[{"id":1122,"name":"Lagune","slug":"lagune"}],"publisher":[{"id":497,"name":"Hueber Verlag","slug":"hueber-verlag"}],"class_list":{"0":"post-47028","1":"product","2":"type-product","3":"status-publish","4":"has-post-thumbnail","6":"product_cat-lehrwerke-fur-jugendliche-und-erwachsene","7":"series-lagune","8":"publisher-hueber-verlag","10":"first","11":"instock","12":"taxable","13":"shipping-taxable","14":"purchasable","15":"product-type-simple"},"acf":[],"_links":{"self":[{"href":"https:\/\/exlibris.ee\/ru\/wp-json\/wp\/v2\/product\/47028","targetHints":{"allow":["GET"]}}],"collection":[{"href":"https:\/\/exlibris.ee\/ru\/wp-json\/wp\/v2\/product"}],"about":[{"href":"https:\/\/exlibris.ee\/ru\/wp-json\/wp\/v2\/types\/product"}],"wp:featuredmedia":[{"embeddable":true,"href":"https:\/\/exlibris.ee\/ru\/wp-json\/wp\/v2\/media\/55456"}],"wp:attachment":[{"href":"https:\/\/exlibris.ee\/ru\/wp-json\/wp\/v2\/media?parent=47028"}],"wp:term":[{"taxonomy":"product_brand","embeddable":true,"href":"https:\/\/exlibris.ee\/ru\/wp-json\/wp\/v2\/product_brand?post=47028"},{"taxonomy":"product_cat","embeddable":true,"href":"https:\/\/exlibris.ee\/ru\/wp-json\/wp\/v2\/product_cat?post=47028"},{"taxonomy":"product_tag","embeddable":true,"href":"https:\/\/exlibris.ee\/ru\/wp-json\/wp\/v2\/product_tag?post=47028"},{"taxonomy":"series","embeddable":true,"href":"https:\/\/exlibris.ee\/ru\/wp-json\/wp\/v2\/series?post=47028"},{"taxonomy":"publisher","embeddable":true,"href":"https:\/\/exlibris.ee\/ru\/wp-json\/wp\/v2\/publisher?post=47028"}],"curies":[{"name":"wp","href":"https:\/\/api.w.org\/{rel}","templated":true}]}}