{"id":47032,"date":"2023-05-19T12:23:08","date_gmt":"2023-05-19T09:23:08","guid":{"rendered":"https:\/\/exlibris.ee\/toode\/leichte-tests-deutsch-als-fremdsprache-buch\/"},"modified":"2026-04-09T09:25:12","modified_gmt":"2026-04-09T06:25:12","slug":"leichte-tests-deutsch-als-fremdsprache-buch","status":"publish","type":"product","link":"https:\/\/exlibris.ee\/ru\/produkt\/leichte-tests-deutsch-als-fremdsprache-buch\/","title":{"rendered":"Leichte Tests Deutsch als Fremdsprache  Buch"},"content":{"rendered":"<p>Mit den Leichten Tests gelingt eine m\u00fchelose Festigung und Erweiterung des Grundwortschatzes. Die Tests mit L\u00f6sungsschl\u00fcssel geben dem Sprachenlerner mehr Sicherheit im m\u00fcndlichen und schriftlichen Ausdruck. Auf spielerische Art und ohne Anstrengung lassen sich wichtige W\u00f6rter zu ganz verschiedenen Themengebieten wiederholen oder neu erlernen. Das Buch ist besonders geeignet f\u00fcr das Lernen zwischendurch, am Strand, im Zug, in kurzen Pausen \u2013 \u00fcberall dort, wo man ohne gro\u00dfe M\u00fche seine Zeit f\u00fcr einen kleinen Sprachtest sinnvoll nutzen m\u00f6chte. Nur geringe Sprachkenntnisse werden vorausgesetzt: Das Buch eignet sich f\u00fcr alle Lernenden am Ende der Grundstufe.<\/p>\n","protected":false},"excerpt":{"rendered":"<p>Mit den Leichten Tests gelingt eine m\u00fchelose Festigung und Erweiterung des Grundwortschatzes. Die Tests mit L\u00f6sungsschl\u00fcssel geben dem Sprachenlerner mehr Sicherheit im m\u00fcndlichen und schriftlichen Ausdruck. Auf spielerische Art und ohne Anstrengung lassen sich wichtige W\u00f6rter zu ganz verschiedenen Themengebieten&#8230;<\/p>\n","protected":false},"featured_media":55486,"template":"","meta":{"_acf_changed":false,"inline_featured_image":false},"product_brand":[],"product_cat":[507],"product_tag":[],"series":[],"publisher":[{"id":497,"name":"Hueber Verlag","slug":"hueber-verlag"}],"class_list":{"0":"post-47032","1":"product","2":"type-product","3":"status-publish","4":"has-post-thumbnail","6":"product_cat-prufungsvorbereitung","7":"publisher-hueber-verlag","9":"first","10":"instock","11":"taxable","12":"shipping-taxable","13":"purchasable","14":"product-type-simple"},"acf":[],"_links":{"self":[{"href":"https:\/\/exlibris.ee\/ru\/wp-json\/wp\/v2\/product\/47032","targetHints":{"allow":["GET"]}}],"collection":[{"href":"https:\/\/exlibris.ee\/ru\/wp-json\/wp\/v2\/product"}],"about":[{"href":"https:\/\/exlibris.ee\/ru\/wp-json\/wp\/v2\/types\/product"}],"wp:featuredmedia":[{"embeddable":true,"href":"https:\/\/exlibris.ee\/ru\/wp-json\/wp\/v2\/media\/55486"}],"wp:attachment":[{"href":"https:\/\/exlibris.ee\/ru\/wp-json\/wp\/v2\/media?parent=47032"}],"wp:term":[{"taxonomy":"product_brand","embeddable":true,"href":"https:\/\/exlibris.ee\/ru\/wp-json\/wp\/v2\/product_brand?post=47032"},{"taxonomy":"product_cat","embeddable":true,"href":"https:\/\/exlibris.ee\/ru\/wp-json\/wp\/v2\/product_cat?post=47032"},{"taxonomy":"product_tag","embeddable":true,"href":"https:\/\/exlibris.ee\/ru\/wp-json\/wp\/v2\/product_tag?post=47032"},{"taxonomy":"series","embeddable":true,"href":"https:\/\/exlibris.ee\/ru\/wp-json\/wp\/v2\/series?post=47032"},{"taxonomy":"publisher","embeddable":true,"href":"https:\/\/exlibris.ee\/ru\/wp-json\/wp\/v2\/publisher?post=47032"}],"curies":[{"name":"wp","href":"https:\/\/api.w.org\/{rel}","templated":true}]}}