{"id":47036,"date":"2023-05-19T12:23:08","date_gmt":"2023-05-19T09:23:08","guid":{"rendered":"https:\/\/exlibris.ee\/toode\/planet-3-deutsch-fur-jugendliche-kursbuch\/"},"modified":"2026-04-13T23:31:14","modified_gmt":"2026-04-13T20:31:14","slug":"planet-3-deutsch-fur-jugendliche-kursbuch","status":"publish","type":"product","link":"https:\/\/exlibris.ee\/ru\/produkt\/planet-3-deutsch-fur-jugendliche-kursbuch\/","title":{"rendered":"Planet 3  Deutsch f\u00fcr Jugendliche \/ Kursbuch"},"content":{"rendered":"<p>Entdecken Sie Planet f\u00fcr Ihren Unterricht! Zielgruppe: Jugendliche Deutschlerner mit Kenntnissen auf Niveau A2. Lernziel: Band 3 f\u00fchrt zum Niveau B1. Didaktisch durchdacht: Dann funktioniert auch der Unterricht! Planet bietet ein komplettes und didaktisch durchdachtes Konzept f\u00fcr die Unterrichtspraxis. Die kurzen Lektionen sind genau durchstrukturiert. Jeder Arbeitsschritt ist ausgewiesen, sodass ein sicherer Weg durch den Unterricht f\u00fchrt. Die Progression ist flach. Nach jeweils zwei Lektionen werden die erarbeiteten Sprechintentionen und Redemittel und die gelernte Grammatik in der Rubrik &#171;Das kann ich schon&#187; bewusst gemacht. Nach jeweils vier Lektionen ist Gelegenheit, die gelernten sprachlichen Mittel und Strategien geb\u00fcndelt einzusetzen. &#171;Zum Schluss&#187; bietet komplexere Lesetexte mit Ein\u00fcbung von Lesestrategien, landeskundliche Informationen, Anregungen zur Projektarbeit und Wiederholungs\u00fcbungen. Die Vermittlung von Lerntechniken, lockere Aussprache\u00fcbungen, Partner- und Klassenspiele sind in die Lektionen integriert.<\/p>\n","protected":false},"excerpt":{"rendered":"<p>Entdecken Sie Planet f\u00fcr Ihren Unterricht! Zielgruppe: Jugendliche Deutschlerner mit Kenntnissen auf Niveau A2. Lernziel: Band 3 f\u00fchrt zum Niveau B1. Didaktisch durchdacht: Dann funktioniert auch der Unterricht! Planet bietet ein komplettes und didaktisch durchdachtes Konzept f\u00fcr die Unterrichtspraxis. Die&#8230;<\/p>\n","protected":false},"featured_media":55507,"template":"","meta":{"_acf_changed":false,"inline_featured_image":false},"product_brand":[],"product_cat":[477],"product_tag":[],"series":[{"id":1125,"name":"Planet","slug":"planet"}],"publisher":[{"id":497,"name":"Hueber Verlag","slug":"hueber-verlag"}],"class_list":{"0":"post-47036","1":"product","2":"type-product","3":"status-publish","4":"has-post-thumbnail","6":"product_cat-lehrwerke-fur-jugendliche","7":"series-planet","8":"publisher-hueber-verlag","10":"first","11":"instock","12":"taxable","13":"shipping-taxable","14":"purchasable","15":"product-type-simple"},"acf":[],"_links":{"self":[{"href":"https:\/\/exlibris.ee\/ru\/wp-json\/wp\/v2\/product\/47036","targetHints":{"allow":["GET"]}}],"collection":[{"href":"https:\/\/exlibris.ee\/ru\/wp-json\/wp\/v2\/product"}],"about":[{"href":"https:\/\/exlibris.ee\/ru\/wp-json\/wp\/v2\/types\/product"}],"wp:featuredmedia":[{"embeddable":true,"href":"https:\/\/exlibris.ee\/ru\/wp-json\/wp\/v2\/media\/55507"}],"wp:attachment":[{"href":"https:\/\/exlibris.ee\/ru\/wp-json\/wp\/v2\/media?parent=47036"}],"wp:term":[{"taxonomy":"product_brand","embeddable":true,"href":"https:\/\/exlibris.ee\/ru\/wp-json\/wp\/v2\/product_brand?post=47036"},{"taxonomy":"product_cat","embeddable":true,"href":"https:\/\/exlibris.ee\/ru\/wp-json\/wp\/v2\/product_cat?post=47036"},{"taxonomy":"product_tag","embeddable":true,"href":"https:\/\/exlibris.ee\/ru\/wp-json\/wp\/v2\/product_tag?post=47036"},{"taxonomy":"series","embeddable":true,"href":"https:\/\/exlibris.ee\/ru\/wp-json\/wp\/v2\/series?post=47036"},{"taxonomy":"publisher","embeddable":true,"href":"https:\/\/exlibris.ee\/ru\/wp-json\/wp\/v2\/publisher?post=47036"}],"curies":[{"name":"wp","href":"https:\/\/api.w.org\/{rel}","templated":true}]}}