{"id":47037,"date":"2023-05-19T12:23:09","date_gmt":"2023-05-19T09:23:09","guid":{"rendered":"https:\/\/exlibris.ee\/toode\/motive-a1-b1-kompaktkurs-daf-kursbuch-lektion-1-30\/"},"modified":"2026-04-06T09:10:28","modified_gmt":"2026-04-06T06:10:28","slug":"motive-a1-b1-kompaktkurs-daf-kursbuch-lektion-1-30","status":"publish","type":"product","link":"https:\/\/exlibris.ee\/ru\/produkt\/motive-a1-b1-kompaktkurs-daf-kursbuch-lektion-1-30\/","title":{"rendered":"Motive  A1\u2013B1: Kompaktkurs DaF \/ Kursbuch, Lektion 1\u201330"},"content":{"rendered":"<p>alle Lektionen mit klarem Aufbau f\u00fcr hohe Transparenz &#8212; attraktive Einstiegsseiten zur Aktivierung des Vorwissens &#8212; motivierende Lesetexte (auch als H\u00f6rtexte auf den Audio-CDs zum Kursbuch) &#8212; interessante H\u00f6rgeschichten &#8212; authentische Gespr\u00e4chsanl\u00e4sse &#8212; Aktivierung von Vorwissen auf den Einstiegsseiten &#8212; Lernen in 3 Phasen: Erkennen, gelenkte Anwendung, freies Anwenden &#8212; Grammatik- und Redemittel\u00fcbersicht am Ende jeder Lektion (mit Audiotraining).<\/p>\n","protected":false},"excerpt":{"rendered":"<p>alle Lektionen mit klarem Aufbau f\u00fcr hohe Transparenz &#8212; attraktive Einstiegsseiten zur Aktivierung des Vorwissens &#8212; motivierende Lesetexte (auch als H\u00f6rtexte auf den Audio-CDs zum Kursbuch) &#8212; interessante H\u00f6rgeschichten &#8212; authentische Gespr\u00e4chsanl\u00e4sse &#8212; Aktivierung von Vorwissen auf den Einstiegsseiten &#8212;&#8230;<\/p>\n","protected":false},"featured_media":55567,"template":"","meta":{"_acf_changed":false,"inline_featured_image":false},"product_brand":[],"product_cat":[1121],"product_tag":[],"series":[{"id":1131,"name":"Motive","slug":"motive"}],"publisher":[{"id":497,"name":"Hueber Verlag","slug":"hueber-verlag"}],"class_list":{"0":"post-47037","1":"product","2":"type-product","3":"status-publish","4":"has-post-thumbnail","6":"product_cat-lehrwerke-fur-jugendliche-und-erwachsene","7":"series-motive","8":"publisher-hueber-verlag","10":"first","11":"instock","12":"taxable","13":"shipping-taxable","14":"purchasable","15":"product-type-simple"},"acf":[],"_links":{"self":[{"href":"https:\/\/exlibris.ee\/ru\/wp-json\/wp\/v2\/product\/47037","targetHints":{"allow":["GET"]}}],"collection":[{"href":"https:\/\/exlibris.ee\/ru\/wp-json\/wp\/v2\/product"}],"about":[{"href":"https:\/\/exlibris.ee\/ru\/wp-json\/wp\/v2\/types\/product"}],"wp:featuredmedia":[{"embeddable":true,"href":"https:\/\/exlibris.ee\/ru\/wp-json\/wp\/v2\/media\/55567"}],"wp:attachment":[{"href":"https:\/\/exlibris.ee\/ru\/wp-json\/wp\/v2\/media?parent=47037"}],"wp:term":[{"taxonomy":"product_brand","embeddable":true,"href":"https:\/\/exlibris.ee\/ru\/wp-json\/wp\/v2\/product_brand?post=47037"},{"taxonomy":"product_cat","embeddable":true,"href":"https:\/\/exlibris.ee\/ru\/wp-json\/wp\/v2\/product_cat?post=47037"},{"taxonomy":"product_tag","embeddable":true,"href":"https:\/\/exlibris.ee\/ru\/wp-json\/wp\/v2\/product_tag?post=47037"},{"taxonomy":"series","embeddable":true,"href":"https:\/\/exlibris.ee\/ru\/wp-json\/wp\/v2\/series?post=47037"},{"taxonomy":"publisher","embeddable":true,"href":"https:\/\/exlibris.ee\/ru\/wp-json\/wp\/v2\/publisher?post=47037"}],"curies":[{"name":"wp","href":"https:\/\/api.w.org\/{rel}","templated":true}]}}