{"id":47040,"date":"2023-05-19T12:23:09","date_gmt":"2023-05-19T09:23:09","guid":{"rendered":"https:\/\/exlibris.ee\/toode\/lehr-und-ubungsbuch-der-deutschen-grammatik-neubearbeitung-lehrbuch\/"},"modified":"2026-04-07T21:20:29","modified_gmt":"2026-04-07T18:20:29","slug":"lehr-und-ubungsbuch-der-deutschen-grammatik-neubearbeitung-lehrbuch","status":"publish","type":"product","link":"https:\/\/exlibris.ee\/ru\/produkt\/lehr-und-ubungsbuch-der-deutschen-grammatik-neubearbeitung-lehrbuch\/","title":{"rendered":"Lehr- und \u00dcbungsbuch der deutschen Grammatik \u2013 Neubearbeitung  Lehrbuch"},"content":{"rendered":"<p>Zielgruppe: Anf\u00e4nger zum systematischen Lernen und \u00dcben; Fortgeschrittene zur gr\u00fcndlichen Wiederholung und Systematisierung; allgemein zum Nachschlagen. Voraussetzungen: Basiskenntnisse im Deutschen Lernziel: Sichere Beherrschung der Sprache in der schriftlichen und m\u00fcndlichen Anwendung. Diese weltweit bekannte und bew\u00e4hrte Standardgrammatik ist universell einsetzbar f\u00fcr die Grund- und Mittelstufe: als kurstragendes Lehrwerk f\u00fcr den Grammatikunterricht, als kursbegleitende \u00dcbungsgrammatik und zusammen mit dem ausf\u00fchrlichen Schl\u00fcssel als Grammatik zum Selbststudium. Sie ist das Basiswerk f\u00fcr den strukturierten Grammatikerwerb und zeichnet sich durch den schnellen Wechsel von Erkl\u00e4ren und \u00dcben aus. Diese Kleinschrittigkeit unterstreicht die lernerfreundliche Struktur. Eine \u00dcbersicht \u00fcber die Konjugation und Deklination zum Ausklappen hilft dem Lernenden, sich schnell zu orientieren. Nicht zuletzt unterst\u00fctzt die Zweifarbigkeit die \u00dcbersichtlichkeit und hebt die Erkl\u00e4rungen hervor.<\/p>\n","protected":false},"excerpt":{"rendered":"<p>Zielgruppe: Anf\u00e4nger zum systematischen Lernen und \u00dcben; Fortgeschrittene zur gr\u00fcndlichen Wiederholung und Systematisierung; allgemein zum Nachschlagen. Voraussetzungen: Basiskenntnisse im Deutschen Lernziel: Sichere Beherrschung der Sprache in der schriftlichen und m\u00fcndlichen Anwendung. Diese weltweit bekannte und bew\u00e4hrte Standardgrammatik ist universell einsetzbar&#8230;<\/p>\n","protected":false},"featured_media":55582,"template":"","meta":{"_acf_changed":false,"inline_featured_image":false},"product_brand":[],"product_cat":[480],"product_tag":[],"series":[{"id":1133,"name":"Lehr- und \u00dcbungsbuch der deutschen Grammatik","slug":"lehr-und-ubungsbuch-der-deutschen-grammatik"}],"publisher":[{"id":497,"name":"Hueber Verlag","slug":"hueber-verlag"}],"class_list":{"0":"post-47040","1":"product","2":"type-product","3":"status-publish","4":"has-post-thumbnail","6":"product_cat-grammatiken","7":"series-lehr-und-ubungsbuch-der-deutschen-grammatik","8":"publisher-hueber-verlag","10":"first","11":"onbackorder","12":"taxable","13":"shipping-taxable","14":"purchasable","15":"product-type-simple"},"acf":[],"_links":{"self":[{"href":"https:\/\/exlibris.ee\/ru\/wp-json\/wp\/v2\/product\/47040","targetHints":{"allow":["GET"]}}],"collection":[{"href":"https:\/\/exlibris.ee\/ru\/wp-json\/wp\/v2\/product"}],"about":[{"href":"https:\/\/exlibris.ee\/ru\/wp-json\/wp\/v2\/types\/product"}],"wp:featuredmedia":[{"embeddable":true,"href":"https:\/\/exlibris.ee\/ru\/wp-json\/wp\/v2\/media\/55582"}],"wp:attachment":[{"href":"https:\/\/exlibris.ee\/ru\/wp-json\/wp\/v2\/media?parent=47040"}],"wp:term":[{"taxonomy":"product_brand","embeddable":true,"href":"https:\/\/exlibris.ee\/ru\/wp-json\/wp\/v2\/product_brand?post=47040"},{"taxonomy":"product_cat","embeddable":true,"href":"https:\/\/exlibris.ee\/ru\/wp-json\/wp\/v2\/product_cat?post=47040"},{"taxonomy":"product_tag","embeddable":true,"href":"https:\/\/exlibris.ee\/ru\/wp-json\/wp\/v2\/product_tag?post=47040"},{"taxonomy":"series","embeddable":true,"href":"https:\/\/exlibris.ee\/ru\/wp-json\/wp\/v2\/series?post=47040"},{"taxonomy":"publisher","embeddable":true,"href":"https:\/\/exlibris.ee\/ru\/wp-json\/wp\/v2\/publisher?post=47040"}],"curies":[{"name":"wp","href":"https:\/\/api.w.org\/{rel}","templated":true}]}}