{"id":47042,"date":"2023-05-19T12:23:10","date_gmt":"2023-05-19T09:23:10","guid":{"rendered":"https:\/\/exlibris.ee\/toode\/sags-besser-teil-2-ein-arbeitsbuch-fur-fortgeschrittene-buch\/"},"modified":"2026-04-07T03:30:07","modified_gmt":"2026-04-07T00:30:07","slug":"sags-besser-teil-2-ein-arbeitsbuch-fur-fortgeschrittene-buch","status":"publish","type":"product","link":"https:\/\/exlibris.ee\/ru\/produkt\/sags-besser-teil-2-ein-arbeitsbuch-fur-fortgeschrittene-buch\/","title":{"rendered":"Sag\u00b4s besser! (Teil 2)  Ein Arbeitsbuch f\u00fcr Fortgeschrittene \/ Buch"},"content":{"rendered":"<p>\u00dcbungsziele: &#8212; Festigung und Vertiefung der Grammatikkenntnisse &#8212; Erweiterung des Wortschatzes &#8212; Verbesserung der m\u00fcndlichen und schriftlichen Ausdrucksf\u00e4higkeit, auch f\u00fcr Muttersprachler \u00dcbungsschwerpunkte: &#8212; Funktions- und Formenvielfalt des Verbs, Nomenbildung, Pr\u00e4positionen &#8212; Satzverbindungen durch Konjunktionen; Bildung und Umformung von Nebens\u00e4tzen &#8212; Verbesserung der Ausdrucksf\u00e4higkeit durch Satz- und Textger\u00fcste Einsatzm\u00f6glichkeiten: &#8212; Mit dem L\u00f6sungsschl\u00fcssel geeignet f\u00fcr Selbstlerner, die sich auf eine Pr\u00fcfung oder einen Deutschlandaufenthalt vorbereiten wollen &#8212; Kurstragend oder kurserg\u00e4nzend in fortgeschrittenen Sprachkursen.<\/p>\n","protected":false},"excerpt":{"rendered":"<p>\u00dcbungsziele: &#8212; Festigung und Vertiefung der Grammatikkenntnisse &#8212; Erweiterung des Wortschatzes &#8212; Verbesserung der m\u00fcndlichen und schriftlichen Ausdrucksf\u00e4higkeit, auch f\u00fcr Muttersprachler \u00dcbungsschwerpunkte: &#8212; Funktions- und Formenvielfalt des Verbs, Nomenbildung, Pr\u00e4positionen &#8212; Satzverbindungen durch Konjunktionen; Bildung und Umformung von Nebens\u00e4tzen &#8212;&#8230;<\/p>\n","protected":false},"featured_media":55591,"template":"","meta":{"_acf_changed":false,"inline_featured_image":false},"product_brand":[],"product_cat":[558],"product_tag":[],"series":[{"id":1134,"name":"Sag\u00b4s besser!","slug":"sags-besser"}],"publisher":[{"id":497,"name":"Hueber Verlag","slug":"hueber-verlag"}],"class_list":{"0":"post-47042","1":"product","2":"type-product","3":"status-publish","4":"has-post-thumbnail","6":"product_cat-deutsch-uben","7":"series-sags-besser","8":"publisher-hueber-verlag","10":"first","11":"instock","12":"taxable","13":"shipping-taxable","14":"purchasable","15":"product-type-simple"},"acf":[],"_links":{"self":[{"href":"https:\/\/exlibris.ee\/ru\/wp-json\/wp\/v2\/product\/47042","targetHints":{"allow":["GET"]}}],"collection":[{"href":"https:\/\/exlibris.ee\/ru\/wp-json\/wp\/v2\/product"}],"about":[{"href":"https:\/\/exlibris.ee\/ru\/wp-json\/wp\/v2\/types\/product"}],"wp:featuredmedia":[{"embeddable":true,"href":"https:\/\/exlibris.ee\/ru\/wp-json\/wp\/v2\/media\/55591"}],"wp:attachment":[{"href":"https:\/\/exlibris.ee\/ru\/wp-json\/wp\/v2\/media?parent=47042"}],"wp:term":[{"taxonomy":"product_brand","embeddable":true,"href":"https:\/\/exlibris.ee\/ru\/wp-json\/wp\/v2\/product_brand?post=47042"},{"taxonomy":"product_cat","embeddable":true,"href":"https:\/\/exlibris.ee\/ru\/wp-json\/wp\/v2\/product_cat?post=47042"},{"taxonomy":"product_tag","embeddable":true,"href":"https:\/\/exlibris.ee\/ru\/wp-json\/wp\/v2\/product_tag?post=47042"},{"taxonomy":"series","embeddable":true,"href":"https:\/\/exlibris.ee\/ru\/wp-json\/wp\/v2\/series?post=47042"},{"taxonomy":"publisher","embeddable":true,"href":"https:\/\/exlibris.ee\/ru\/wp-json\/wp\/v2\/publisher?post=47042"}],"curies":[{"name":"wp","href":"https:\/\/api.w.org\/{rel}","templated":true}]}}