{"id":47043,"date":"2023-05-19T12:23:10","date_gmt":"2023-05-19T09:23:10","guid":{"rendered":"https:\/\/exlibris.ee\/toode\/prapositionen-buch\/"},"modified":"2026-04-22T09:45:29","modified_gmt":"2026-04-22T06:45:29","slug":"prapositionen-buch","status":"publish","type":"product","link":"https:\/\/exlibris.ee\/ru\/produkt\/prapositionen-buch\/","title":{"rendered":"Pr\u00e4positionen  Buch"},"content":{"rendered":"<p>\u00dcbungen zu allen wichtigen und gebr\u00e4uchlichen deutschen Pr\u00e4positionen auf den Niveaus A1 bis C1. Im L\u00f6sungsteil wird auf besondere Schwierigkeiten und typische Fehler explizit hingewiesen.<\/p>\n","protected":false},"excerpt":{"rendered":"<p>\u00dcbungen zu allen wichtigen und gebr\u00e4uchlichen deutschen Pr\u00e4positionen auf den Niveaus A1 bis C1. Im L\u00f6sungsteil wird auf besondere Schwierigkeiten und typische Fehler explizit hingewiesen.<\/p>\n","protected":false},"featured_media":55609,"template":"","meta":{"_acf_changed":false,"inline_featured_image":false},"product_brand":[],"product_cat":[480],"product_tag":[],"series":[{"id":1137,"name":"Pr\u00e4positionen","slug":"prapositionen"}],"publisher":[{"id":497,"name":"Hueber Verlag","slug":"hueber-verlag"}],"class_list":{"0":"post-47043","1":"product","2":"type-product","3":"status-publish","4":"has-post-thumbnail","6":"product_cat-grammatiken","7":"series-prapositionen","8":"publisher-hueber-verlag","10":"first","11":"onbackorder","12":"taxable","13":"shipping-taxable","14":"purchasable","15":"product-type-simple"},"acf":[],"_links":{"self":[{"href":"https:\/\/exlibris.ee\/ru\/wp-json\/wp\/v2\/product\/47043","targetHints":{"allow":["GET"]}}],"collection":[{"href":"https:\/\/exlibris.ee\/ru\/wp-json\/wp\/v2\/product"}],"about":[{"href":"https:\/\/exlibris.ee\/ru\/wp-json\/wp\/v2\/types\/product"}],"wp:featuredmedia":[{"embeddable":true,"href":"https:\/\/exlibris.ee\/ru\/wp-json\/wp\/v2\/media\/55609"}],"wp:attachment":[{"href":"https:\/\/exlibris.ee\/ru\/wp-json\/wp\/v2\/media?parent=47043"}],"wp:term":[{"taxonomy":"product_brand","embeddable":true,"href":"https:\/\/exlibris.ee\/ru\/wp-json\/wp\/v2\/product_brand?post=47043"},{"taxonomy":"product_cat","embeddable":true,"href":"https:\/\/exlibris.ee\/ru\/wp-json\/wp\/v2\/product_cat?post=47043"},{"taxonomy":"product_tag","embeddable":true,"href":"https:\/\/exlibris.ee\/ru\/wp-json\/wp\/v2\/product_tag?post=47043"},{"taxonomy":"series","embeddable":true,"href":"https:\/\/exlibris.ee\/ru\/wp-json\/wp\/v2\/series?post=47043"},{"taxonomy":"publisher","embeddable":true,"href":"https:\/\/exlibris.ee\/ru\/wp-json\/wp\/v2\/publisher?post=47043"}],"curies":[{"name":"wp","href":"https:\/\/api.w.org\/{rel}","templated":true}]}}