{"id":47045,"date":"2023-05-19T12:23:10","date_gmt":"2023-05-19T09:23:10","guid":{"rendered":"https:\/\/exlibris.ee\/toode\/mit-deutsch-durchs-jahr-sprachkalender-deutsch-kalender\/"},"modified":"2026-04-18T15:31:56","modified_gmt":"2026-04-18T12:31:56","slug":"mit-deutsch-durchs-jahr-sprachkalender-deutsch-kalender","status":"publish","type":"product","link":"https:\/\/exlibris.ee\/ru\/produkt\/mit-deutsch-durchs-jahr-sprachkalender-deutsch-kalender\/","title":{"rendered":"\ufeffMit Deutsch durchs Jahr  Sprachkalender Deutsch \/ Kalender"},"content":{"rendered":"<p>Mit Deutsch durchs Jahr ist ein immerw\u00e4hrender Sprachkalender ohne Wochentag-Angabe, der in der Jahresmitte gewendet wird und somit jedes Jahr wiederverwendbar ist. Die didaktische Grundidee l\u00e4\u00dft sich unter dem Schlagwort \u201eEdutainment\u201c zusammenfassen: Der Kalender soll nicht systematisch Sprache vermitteln, sondern in der Zielsprache unterhalten, denn vielf\u00e4ltige Besch\u00e4ftigung mit der Zielsprache f\u00f6rdert den Lernprozess. Kursleitern bietet der Kalender Tag f\u00fcr Tag einen \u201eAufh\u00e4nger\u201c f\u00fcr den Unterricht. Zu jedem Tag gibt es ein Stichwort: Manche dieser Stichworte haben einen konkreten Bezug zu genau diesem Tag, andere einen Bezug zum Monat oder zur Jahreszeit, wieder andere k\u00f6nnten an jedem beliebigen Tag des Jahres stehen. Zum Stichwort gibt es die wichtigsten Grammatikinfos sowie einen erkl\u00e4renden Text zur Bedeutung bzw. zu den landeskundlichen oder historischen Konnotationen des Stichworts. Jeder Tag enth\u00e4lt ein Suchwort des Tages, das \u201eergoogelt\u201c werden kann.<\/p>\n","protected":false},"excerpt":{"rendered":"<p>Mit Deutsch durchs Jahr ist ein immerw\u00e4hrender Sprachkalender ohne Wochentag-Angabe, der in der Jahresmitte gewendet wird und somit jedes Jahr wiederverwendbar ist. Die didaktische Grundidee l\u00e4\u00dft sich unter dem Schlagwort \u201eEdutainment\u201c zusammenfassen: Der Kalender soll nicht systematisch Sprache vermitteln, sondern&#8230;<\/p>\n","protected":false},"featured_media":55618,"template":"","meta":{"_acf_changed":false,"inline_featured_image":false},"product_brand":[],"product_cat":[503],"product_tag":[],"series":[],"publisher":[{"id":497,"name":"Hueber Verlag","slug":"hueber-verlag"}],"class_list":{"0":"post-47045","1":"product","2":"type-product","3":"status-publish","4":"has-post-thumbnail","6":"product_cat-lernen-mit-bildern-und-spielen","7":"publisher-hueber-verlag","9":"first","10":"onbackorder","11":"taxable","12":"shipping-taxable","13":"purchasable","14":"product-type-simple"},"acf":[],"_links":{"self":[{"href":"https:\/\/exlibris.ee\/ru\/wp-json\/wp\/v2\/product\/47045","targetHints":{"allow":["GET"]}}],"collection":[{"href":"https:\/\/exlibris.ee\/ru\/wp-json\/wp\/v2\/product"}],"about":[{"href":"https:\/\/exlibris.ee\/ru\/wp-json\/wp\/v2\/types\/product"}],"wp:featuredmedia":[{"embeddable":true,"href":"https:\/\/exlibris.ee\/ru\/wp-json\/wp\/v2\/media\/55618"}],"wp:attachment":[{"href":"https:\/\/exlibris.ee\/ru\/wp-json\/wp\/v2\/media?parent=47045"}],"wp:term":[{"taxonomy":"product_brand","embeddable":true,"href":"https:\/\/exlibris.ee\/ru\/wp-json\/wp\/v2\/product_brand?post=47045"},{"taxonomy":"product_cat","embeddable":true,"href":"https:\/\/exlibris.ee\/ru\/wp-json\/wp\/v2\/product_cat?post=47045"},{"taxonomy":"product_tag","embeddable":true,"href":"https:\/\/exlibris.ee\/ru\/wp-json\/wp\/v2\/product_tag?post=47045"},{"taxonomy":"series","embeddable":true,"href":"https:\/\/exlibris.ee\/ru\/wp-json\/wp\/v2\/series?post=47045"},{"taxonomy":"publisher","embeddable":true,"href":"https:\/\/exlibris.ee\/ru\/wp-json\/wp\/v2\/publisher?post=47045"}],"curies":[{"name":"wp","href":"https:\/\/api.w.org\/{rel}","templated":true}]}}