{"id":47062,"date":"2023-05-19T12:23:15","date_gmt":"2023-05-19T09:23:15","guid":{"rendered":"https:\/\/exlibris.ee\/toode\/planet-3-deutsch-fur-jugendliche-arbeitsbuch\/"},"modified":"2026-04-03T09:16:07","modified_gmt":"2026-04-03T06:16:07","slug":"planet-3-deutsch-fur-jugendliche-arbeitsbuch","status":"publish","type":"product","link":"https:\/\/exlibris.ee\/ru\/produkt\/planet-3-deutsch-fur-jugendliche-arbeitsbuch\/","title":{"rendered":"Planet 3  Deutsch f\u00fcr Jugendliche \/ Arbeitsbuch"},"content":{"rendered":"<p>Das Arbeitsbuch bietet \u00dcbungen zur Differenzierung im Unterricht und zur selbst\u00e4ndigen Arbeit zu Hause. Eine selbstentdeckende Grammatik und Tests mit der M\u00f6glichkeit zur Selbstkontrolle geben dem Lerner Gelegenheit, die eigenen  F\u00e4higkeiten einzusch\u00e4tzen.Eine chronologische Liste des aktiven Wortschatzes erg\u00e4nzt das Arbeitsbuch.<\/p>\n","protected":false},"excerpt":{"rendered":"<p>Das Arbeitsbuch bietet \u00dcbungen zur Differenzierung im Unterricht und zur selbst\u00e4ndigen Arbeit zu Hause. Eine selbstentdeckende Grammatik und Tests mit der M\u00f6glichkeit zur Selbstkontrolle geben dem Lerner Gelegenheit, die eigenen F\u00e4higkeiten einzusch\u00e4tzen.Eine chronologische Liste des aktiven Wortschatzes erg\u00e4nzt das Arbeitsbuch.<\/p>\n","protected":false},"featured_media":55726,"template":"","meta":{"_acf_changed":false,"inline_featured_image":false},"product_brand":[],"product_cat":[477],"product_tag":[],"series":[{"id":1125,"name":"Planet","slug":"planet"}],"publisher":[{"id":497,"name":"Hueber Verlag","slug":"hueber-verlag"}],"class_list":{"0":"post-47062","1":"product","2":"type-product","3":"status-publish","4":"has-post-thumbnail","6":"product_cat-lehrwerke-fur-jugendliche","7":"series-planet","8":"publisher-hueber-verlag","10":"first","11":"instock","12":"taxable","13":"shipping-taxable","14":"purchasable","15":"product-type-simple"},"acf":[],"_links":{"self":[{"href":"https:\/\/exlibris.ee\/ru\/wp-json\/wp\/v2\/product\/47062","targetHints":{"allow":["GET"]}}],"collection":[{"href":"https:\/\/exlibris.ee\/ru\/wp-json\/wp\/v2\/product"}],"about":[{"href":"https:\/\/exlibris.ee\/ru\/wp-json\/wp\/v2\/types\/product"}],"wp:featuredmedia":[{"embeddable":true,"href":"https:\/\/exlibris.ee\/ru\/wp-json\/wp\/v2\/media\/55726"}],"wp:attachment":[{"href":"https:\/\/exlibris.ee\/ru\/wp-json\/wp\/v2\/media?parent=47062"}],"wp:term":[{"taxonomy":"product_brand","embeddable":true,"href":"https:\/\/exlibris.ee\/ru\/wp-json\/wp\/v2\/product_brand?post=47062"},{"taxonomy":"product_cat","embeddable":true,"href":"https:\/\/exlibris.ee\/ru\/wp-json\/wp\/v2\/product_cat?post=47062"},{"taxonomy":"product_tag","embeddable":true,"href":"https:\/\/exlibris.ee\/ru\/wp-json\/wp\/v2\/product_tag?post=47062"},{"taxonomy":"series","embeddable":true,"href":"https:\/\/exlibris.ee\/ru\/wp-json\/wp\/v2\/series?post=47062"},{"taxonomy":"publisher","embeddable":true,"href":"https:\/\/exlibris.ee\/ru\/wp-json\/wp\/v2\/publisher?post=47062"}],"curies":[{"name":"wp","href":"https:\/\/api.w.org\/{rel}","templated":true}]}}