{"id":47063,"date":"2023-05-19T12:23:15","date_gmt":"2023-05-19T09:23:15","guid":{"rendered":"https:\/\/exlibris.ee\/toode\/herz-oder-pistole-kommunikatives-fur-den-unterricht-buch\/"},"modified":"2026-04-05T15:27:12","modified_gmt":"2026-04-05T12:27:12","slug":"herz-oder-pistole-kommunikatives-fur-den-unterricht-buch","status":"publish","type":"product","link":"https:\/\/exlibris.ee\/ru\/produkt\/herz-oder-pistole-kommunikatives-fur-den-unterricht-buch\/","title":{"rendered":"Herz oder Pistole?  Kommunikatives f\u00fcr den Unterricht \/ Buch"},"content":{"rendered":"<p>Zielgruppe: Kursleiter\/innen in Kursen aller Niveaustufen und Lehrerfortbildner Diese Sammlung von fast 50 Kommunikationsaktivit\u00e4ten erm\u00f6glicht einen kreativen, teilnehmeraktiven und handlungsorientierten Unterricht Deutsch als Fremdsprache. Das Konzept ist darauf ausgerichtet, den Kursteilnehmern Gelegenheit zu geben, ihre Kenntnisse eigenverantwortlich zu \u00fcberpr\u00fcfen und zu erweitern, wodurch auch schw\u00e4chere Lerner Gelegenheit haben, sich erfolgreich in den Unterricht einzubringen. Viele der Aktivit\u00e4ten sind bereits f\u00fcr den Anf\u00e4ngerunterricht geeignet.<\/p>\n","protected":false},"excerpt":{"rendered":"<p>Zielgruppe: Kursleiter\/innen in Kursen aller Niveaustufen und Lehrerfortbildner Diese Sammlung von fast 50 Kommunikationsaktivit\u00e4ten erm\u00f6glicht einen kreativen, teilnehmeraktiven und handlungsorientierten Unterricht Deutsch als Fremdsprache. Das Konzept ist darauf ausgerichtet, den Kursteilnehmern Gelegenheit zu geben, ihre Kenntnisse eigenverantwortlich zu \u00fcberpr\u00fcfen und&#8230;<\/p>\n","protected":false},"featured_media":55732,"template":"","meta":{"_acf_changed":false,"inline_featured_image":false},"product_brand":[],"product_cat":[886],"product_tag":[],"series":[],"publisher":[{"id":497,"name":"Hueber Verlag","slug":"hueber-verlag"}],"class_list":{"0":"post-47063","1":"product","2":"type-product","3":"status-publish","4":"has-post-thumbnail","6":"product_cat-methodik","7":"publisher-hueber-verlag","9":"first","10":"instock","11":"taxable","12":"shipping-taxable","13":"purchasable","14":"product-type-simple"},"acf":[],"_links":{"self":[{"href":"https:\/\/exlibris.ee\/ru\/wp-json\/wp\/v2\/product\/47063","targetHints":{"allow":["GET"]}}],"collection":[{"href":"https:\/\/exlibris.ee\/ru\/wp-json\/wp\/v2\/product"}],"about":[{"href":"https:\/\/exlibris.ee\/ru\/wp-json\/wp\/v2\/types\/product"}],"wp:featuredmedia":[{"embeddable":true,"href":"https:\/\/exlibris.ee\/ru\/wp-json\/wp\/v2\/media\/55732"}],"wp:attachment":[{"href":"https:\/\/exlibris.ee\/ru\/wp-json\/wp\/v2\/media?parent=47063"}],"wp:term":[{"taxonomy":"product_brand","embeddable":true,"href":"https:\/\/exlibris.ee\/ru\/wp-json\/wp\/v2\/product_brand?post=47063"},{"taxonomy":"product_cat","embeddable":true,"href":"https:\/\/exlibris.ee\/ru\/wp-json\/wp\/v2\/product_cat?post=47063"},{"taxonomy":"product_tag","embeddable":true,"href":"https:\/\/exlibris.ee\/ru\/wp-json\/wp\/v2\/product_tag?post=47063"},{"taxonomy":"series","embeddable":true,"href":"https:\/\/exlibris.ee\/ru\/wp-json\/wp\/v2\/series?post=47063"},{"taxonomy":"publisher","embeddable":true,"href":"https:\/\/exlibris.ee\/ru\/wp-json\/wp\/v2\/publisher?post=47063"}],"curies":[{"name":"wp","href":"https:\/\/api.w.org\/{rel}","templated":true}]}}