{"id":47066,"date":"2023-05-19T12:23:15","date_gmt":"2023-05-19T09:23:15","guid":{"rendered":"https:\/\/exlibris.ee\/toode\/kurzgrammatik-deutsch-zum-nachschlagen-und-uben-pdf-download-ausgabe-deutsch\/"},"modified":"2026-04-05T15:27:15","modified_gmt":"2026-04-05T12:27:15","slug":"kurzgrammatik-deutsch-zum-nachschlagen-und-uben-pdf-download-ausgabe-deutsch","status":"publish","type":"product","link":"https:\/\/exlibris.ee\/ru\/produkt\/kurzgrammatik-deutsch-zum-nachschlagen-und-uben-pdf-download-ausgabe-deutsch\/","title":{"rendered":"Kurzgrammatik Deutsch  Zum Nachschlagen und \u00dcben \/ PDF-Download Ausgabe Deutsch"},"content":{"rendered":"<p>Zielgruppe: Lernende der Niveaustufen A1 bis B1, die nur die Basisgrammatik lernen bzw. wiederholen m\u00f6chten. Die Kurzgrammatik beschr\u00e4nkt sich in der Stoffauswahl auf die wirklich wichtigen Grammatik-Themen und erkl\u00e4rt so knapp und einfach wie m\u00f6glich. Kurze Tests zu jedem Thema bieten dem Lerner die M\u00f6glichkeit zur Selbstevaluation. Die L\u00f6sungen dazu sowie eine Liste unregelm\u00e4\u00dfiger Verben finden sich im Anhang des Buchs.<\/p>\n","protected":false},"excerpt":{"rendered":"<p>Zielgruppe: Lernende der Niveaustufen A1 bis B1, die nur die Basisgrammatik lernen bzw. wiederholen m\u00f6chten. Die Kurzgrammatik beschr\u00e4nkt sich in der Stoffauswahl auf die wirklich wichtigen Grammatik-Themen und erkl\u00e4rt so knapp und einfach wie m\u00f6glich. Kurze Tests zu jedem Thema&#8230;<\/p>\n","protected":false},"featured_media":55810,"template":"","meta":{"_acf_changed":false,"inline_featured_image":false},"product_brand":[],"product_cat":[480],"product_tag":[],"series":[{"id":1144,"name":"Kurzgrammatik Deutsch","slug":"kurzgrammatik-deutsch"}],"publisher":[{"id":497,"name":"Hueber Verlag","slug":"hueber-verlag"}],"class_list":{"0":"post-47066","1":"product","2":"type-product","3":"status-publish","4":"has-post-thumbnail","6":"product_cat-grammatiken","7":"series-kurzgrammatik-deutsch","8":"publisher-hueber-verlag","10":"first","11":"onbackorder","12":"taxable","13":"shipping-taxable","14":"purchasable","15":"product-type-simple"},"acf":[],"_links":{"self":[{"href":"https:\/\/exlibris.ee\/ru\/wp-json\/wp\/v2\/product\/47066","targetHints":{"allow":["GET"]}}],"collection":[{"href":"https:\/\/exlibris.ee\/ru\/wp-json\/wp\/v2\/product"}],"about":[{"href":"https:\/\/exlibris.ee\/ru\/wp-json\/wp\/v2\/types\/product"}],"wp:featuredmedia":[{"embeddable":true,"href":"https:\/\/exlibris.ee\/ru\/wp-json\/wp\/v2\/media\/55810"}],"wp:attachment":[{"href":"https:\/\/exlibris.ee\/ru\/wp-json\/wp\/v2\/media?parent=47066"}],"wp:term":[{"taxonomy":"product_brand","embeddable":true,"href":"https:\/\/exlibris.ee\/ru\/wp-json\/wp\/v2\/product_brand?post=47066"},{"taxonomy":"product_cat","embeddable":true,"href":"https:\/\/exlibris.ee\/ru\/wp-json\/wp\/v2\/product_cat?post=47066"},{"taxonomy":"product_tag","embeddable":true,"href":"https:\/\/exlibris.ee\/ru\/wp-json\/wp\/v2\/product_tag?post=47066"},{"taxonomy":"series","embeddable":true,"href":"https:\/\/exlibris.ee\/ru\/wp-json\/wp\/v2\/series?post=47066"},{"taxonomy":"publisher","embeddable":true,"href":"https:\/\/exlibris.ee\/ru\/wp-json\/wp\/v2\/publisher?post=47066"}],"curies":[{"name":"wp","href":"https:\/\/api.w.org\/{rel}","templated":true}]}}