{"id":47075,"date":"2023-05-19T12:23:17","date_gmt":"2023-05-19T09:23:17","guid":{"rendered":"https:\/\/exlibris.ee\/toode\/handbuch-mediendidaktik-fremdsprachen-buch\/"},"modified":"2026-04-23T05:40:34","modified_gmt":"2026-04-23T02:40:34","slug":"handbuch-mediendidaktik-fremdsprachen-buch","status":"publish","type":"product","link":"https:\/\/exlibris.ee\/ru\/produkt\/handbuch-mediendidaktik-fremdsprachen-buch\/","title":{"rendered":"Handbuch Mediendidaktik  Fremdsprachen \/ Buch"},"content":{"rendered":"<p>Zielgruppe: Unterrichtende und Studierende des Fachs Deutsch als Fremdsprache Medien spielen auch im Fremdsprachenunterricht zunehmend eine tragende Rolle, und zwar sowohl im reinen E-Lernen als auch verst\u00e4rkt in verschiedenen Kombinationen von E-Medien, Pr\u00e4senzlehre und Druckmaterialien (&#171;Blended Learning\u201e). Dieses Buch geht umfassend und kompetent auf die neuen technischen und didaktischen Herausforderungen ein. Es enth\u00e4lt daher neben einer Einf\u00fchrung in die historischen Entwicklungen und lerntheoretischen Grundlagen des Arbeitsgebietes eine Klassifizierung elektronischer Lernprogramme, ein Evaluationsraster und Erl\u00e4uterungen von Evaluationsverfahren sowie eine umfangreiche und anschauliche Darstellung einer medialen \u00dcbungstypologie. Angaben zu technischen Voraussetzungen f\u00fcr Installation, Betrieb und Entwicklung von elektronischen Lernprogrammen sowie Angaben zu einschl\u00e4giger Referenzliteratur und eine Liste empfohlener Software f\u00fcr verschiedene Sprachen schlie\u00dfen den Band ab.<\/p>\n","protected":false},"excerpt":{"rendered":"<p>Zielgruppe: Unterrichtende und Studierende des Fachs Deutsch als Fremdsprache Medien spielen auch im Fremdsprachenunterricht zunehmend eine tragende Rolle, und zwar sowohl im reinen E-Lernen als auch verst\u00e4rkt in verschiedenen Kombinationen von E-Medien, Pr\u00e4senzlehre und Druckmaterialien (&#171;Blended Learning\u201e). Dieses Buch geht&#8230;<\/p>\n","protected":false},"featured_media":55858,"template":"","meta":{"_acf_changed":false,"inline_featured_image":false},"product_brand":[],"product_cat":[886],"product_tag":[],"series":[],"publisher":[{"id":497,"name":"Hueber Verlag","slug":"hueber-verlag"}],"class_list":{"0":"post-47075","1":"product","2":"type-product","3":"status-publish","4":"has-post-thumbnail","6":"product_cat-methodik","7":"publisher-hueber-verlag","9":"first","10":"instock","11":"taxable","12":"shipping-taxable","13":"purchasable","14":"product-type-simple"},"acf":[],"_links":{"self":[{"href":"https:\/\/exlibris.ee\/ru\/wp-json\/wp\/v2\/product\/47075","targetHints":{"allow":["GET"]}}],"collection":[{"href":"https:\/\/exlibris.ee\/ru\/wp-json\/wp\/v2\/product"}],"about":[{"href":"https:\/\/exlibris.ee\/ru\/wp-json\/wp\/v2\/types\/product"}],"wp:featuredmedia":[{"embeddable":true,"href":"https:\/\/exlibris.ee\/ru\/wp-json\/wp\/v2\/media\/55858"}],"wp:attachment":[{"href":"https:\/\/exlibris.ee\/ru\/wp-json\/wp\/v2\/media?parent=47075"}],"wp:term":[{"taxonomy":"product_brand","embeddable":true,"href":"https:\/\/exlibris.ee\/ru\/wp-json\/wp\/v2\/product_brand?post=47075"},{"taxonomy":"product_cat","embeddable":true,"href":"https:\/\/exlibris.ee\/ru\/wp-json\/wp\/v2\/product_cat?post=47075"},{"taxonomy":"product_tag","embeddable":true,"href":"https:\/\/exlibris.ee\/ru\/wp-json\/wp\/v2\/product_tag?post=47075"},{"taxonomy":"series","embeddable":true,"href":"https:\/\/exlibris.ee\/ru\/wp-json\/wp\/v2\/series?post=47075"},{"taxonomy":"publisher","embeddable":true,"href":"https:\/\/exlibris.ee\/ru\/wp-json\/wp\/v2\/publisher?post=47075"}],"curies":[{"name":"wp","href":"https:\/\/api.w.org\/{rel}","templated":true}]}}