{"id":47116,"date":"2023-05-19T12:23:42","date_gmt":"2023-05-19T09:23:42","guid":{"rendered":"https:\/\/exlibris.ee\/toode\/grammatik-ganz-klar-ubungsgrammatik-a1-b1-mit-audios-online\/"},"modified":"2026-04-10T03:25:56","modified_gmt":"2026-04-10T00:25:56","slug":"grammatik-ganz-klar-ubungsgrammatik-a1-b1-mit-audios-online","status":"publish","type":"product","link":"https:\/\/exlibris.ee\/ru\/produkt\/grammatik-ganz-klar-ubungsgrammatik-a1-b1-mit-audios-online\/","title":{"rendered":"Grammatik \u2013 ganz klar!  \u00dcbungsgrammatik A1-B1 mit Audios online"},"content":{"rendered":"<p>Zielgruppe: Lernende der Niveaustufen A1\u2013B1 Grammatik \u2013 ganz klar! basiert auf der Schritte \u00dcbungsgrammatik und bietet den Lernern mit dem Doppelseitenprinzip die grundlegende deutsche Grammatik in \u00fcbersichtlicher und klarer Form: links ein motivierender Comic und Erkl\u00e4rungen in einfacher Sprache \u2013 rechts nach Niveaustufen gekennzeichnete \u00dcbungen. H\u00f6r\u00fcbungen als MP3-Files zum Download: Die H\u00f6r\u00fcbungen helfen bei der Kontrolle und beim Einschleifen der vorhandenen \u00dcbungen im Buch. Der Lernerfolg kann au\u00dferdem nach jedem Kapitel in Selbsttests \u00fcberpr\u00fcft werden. Die Grammatik eignet sich durch den integrierten L\u00f6sungsschl\u00fcssel sowohl zum Selbstlernen als auch als Erg\u00e4nzung im Unterricht. Anhang mit unregelm\u00e4\u00dfigen Verben, Verben mit Erg\u00e4nzung, Verben mit Pr\u00e4positionen.<\/p>\n","protected":false},"excerpt":{"rendered":"<p>Zielgruppe: Lernende der Niveaustufen A1\u2013B1 Grammatik \u2013 ganz klar! basiert auf der Schritte \u00dcbungsgrammatik und bietet den Lernern mit dem Doppelseitenprinzip die grundlegende deutsche Grammatik in \u00fcbersichtlicher und klarer Form: links ein motivierender Comic und Erkl\u00e4rungen in einfacher Sprache \u2013&#8230;<\/p>\n","protected":false},"featured_media":55930,"template":"","meta":{"_acf_changed":false,"inline_featured_image":false},"product_brand":[],"product_cat":[480],"product_tag":[],"series":[{"id":1148,"name":"Grammatik \u2013 ganz klar!","slug":"grammatik-ganz-klar"}],"publisher":[{"id":497,"name":"Hueber Verlag","slug":"hueber-verlag"}],"class_list":{"0":"post-47116","1":"product","2":"type-product","3":"status-publish","4":"has-post-thumbnail","6":"product_cat-grammatiken","7":"series-grammatik-ganz-klar","8":"publisher-hueber-verlag","10":"first","11":"onbackorder","12":"taxable","13":"shipping-taxable","14":"purchasable","15":"product-type-simple"},"acf":[],"_links":{"self":[{"href":"https:\/\/exlibris.ee\/ru\/wp-json\/wp\/v2\/product\/47116","targetHints":{"allow":["GET"]}}],"collection":[{"href":"https:\/\/exlibris.ee\/ru\/wp-json\/wp\/v2\/product"}],"about":[{"href":"https:\/\/exlibris.ee\/ru\/wp-json\/wp\/v2\/types\/product"}],"wp:featuredmedia":[{"embeddable":true,"href":"https:\/\/exlibris.ee\/ru\/wp-json\/wp\/v2\/media\/55930"}],"wp:attachment":[{"href":"https:\/\/exlibris.ee\/ru\/wp-json\/wp\/v2\/media?parent=47116"}],"wp:term":[{"taxonomy":"product_brand","embeddable":true,"href":"https:\/\/exlibris.ee\/ru\/wp-json\/wp\/v2\/product_brand?post=47116"},{"taxonomy":"product_cat","embeddable":true,"href":"https:\/\/exlibris.ee\/ru\/wp-json\/wp\/v2\/product_cat?post=47116"},{"taxonomy":"product_tag","embeddable":true,"href":"https:\/\/exlibris.ee\/ru\/wp-json\/wp\/v2\/product_tag?post=47116"},{"taxonomy":"series","embeddable":true,"href":"https:\/\/exlibris.ee\/ru\/wp-json\/wp\/v2\/series?post=47116"},{"taxonomy":"publisher","embeddable":true,"href":"https:\/\/exlibris.ee\/ru\/wp-json\/wp\/v2\/publisher?post=47116"}],"curies":[{"name":"wp","href":"https:\/\/api.w.org\/{rel}","templated":true}]}}