{"id":47121,"date":"2023-05-19T12:23:45","date_gmt":"2023-05-19T09:23:45","guid":{"rendered":"https:\/\/exlibris.ee\/toode\/multiple-intelligenzen-im-daf-unterricht-aktivitaten-fur-die-sekundarstufe-und-den-erwachsenenunterricht-buch\/"},"modified":"2026-04-13T05:28:25","modified_gmt":"2026-04-13T02:28:25","slug":"multiple-intelligenzen-im-daf-unterricht-aktivitaten-fur-die-sekundarstufe-und-den-erwachsenenunterricht-buch","status":"publish","type":"product","link":"https:\/\/exlibris.ee\/ru\/produkt\/multiple-intelligenzen-im-daf-unterricht-aktivitaten-fur-die-sekundarstufe-und-den-erwachsenenunterricht-buch\/","title":{"rendered":"Multiple Intelligenzen im DaF-Unterricht  Aktivit\u00e4ten f\u00fcr die Sekundarstufe und den Erwachsenenunterricht \/ Buch"},"content":{"rendered":"<p>Zielgruppe: Unterrichtende in Kursen aller Niveaustufen, Lehrerfortbildner und Studierende des Fachs Deutsch als Fremdsprache Gute Lehrerinnen und Lehrer lieben ihr Unterrichtsfach, wissen aber auch, dass l\u00e4ngst nicht alle Lernenden diesen Enthusiasmus teilen k\u00f6nnen. Das Konzept der multiplen Intelligenzen erm\u00f6glicht es, im Unterricht systematisch Lerner anzusprechen, deren St\u00e4rken au\u00dferhalb des sprachlichen Bereichs liegen. Dieses Buch bietet eine gro\u00dfe Auswahl unterschiedlicher Aktivit\u00e4ten, mit deren Hilfe Sie Lernende einladen k\u00f6nnen, sowohl Intelligenzbereiche einzusetzen, in denen sie am st\u00e4rksten sind, als auch Intelligenzen weiterzuentwickeln, in denen sie Schw\u00e4chen aufweisen, um auf diese Art und Weise ihren Lernprozess zu intensivieren, zu beschleunigen und qualitativ zu verbessern. Durch Aktivit\u00e4ten, die unterschiedliche Formen der Intelligenz ansprechen, sind Sie in der Lage, St\u00e4rken Ihrer Lernenden wahrzunehmen und zu w\u00fcrdigen, die sonst verborgen blieben. Als Konsequenz f\u00fchlen sich diese von Ihnen besser eingesch\u00e4tzt und sind motivierter.<\/p>\n","protected":false},"excerpt":{"rendered":"<p>Zielgruppe: Unterrichtende in Kursen aller Niveaustufen, Lehrerfortbildner und Studierende des Fachs Deutsch als Fremdsprache Gute Lehrerinnen und Lehrer lieben ihr Unterrichtsfach, wissen aber auch, dass l\u00e4ngst nicht alle Lernenden diesen Enthusiasmus teilen k\u00f6nnen. Das Konzept der multiplen Intelligenzen erm\u00f6glicht es,&#8230;<\/p>\n","protected":false},"featured_media":55942,"template":"","meta":{"_acf_changed":false,"inline_featured_image":false},"product_brand":[],"product_cat":[507],"product_tag":[],"series":[],"publisher":[{"id":497,"name":"Hueber Verlag","slug":"hueber-verlag"}],"class_list":{"0":"post-47121","1":"product","2":"type-product","3":"status-publish","4":"has-post-thumbnail","6":"product_cat-prufungsvorbereitung","7":"publisher-hueber-verlag","9":"first","10":"instock","11":"taxable","12":"shipping-taxable","13":"purchasable","14":"product-type-simple"},"acf":[],"_links":{"self":[{"href":"https:\/\/exlibris.ee\/ru\/wp-json\/wp\/v2\/product\/47121","targetHints":{"allow":["GET"]}}],"collection":[{"href":"https:\/\/exlibris.ee\/ru\/wp-json\/wp\/v2\/product"}],"about":[{"href":"https:\/\/exlibris.ee\/ru\/wp-json\/wp\/v2\/types\/product"}],"wp:featuredmedia":[{"embeddable":true,"href":"https:\/\/exlibris.ee\/ru\/wp-json\/wp\/v2\/media\/55942"}],"wp:attachment":[{"href":"https:\/\/exlibris.ee\/ru\/wp-json\/wp\/v2\/media?parent=47121"}],"wp:term":[{"taxonomy":"product_brand","embeddable":true,"href":"https:\/\/exlibris.ee\/ru\/wp-json\/wp\/v2\/product_brand?post=47121"},{"taxonomy":"product_cat","embeddable":true,"href":"https:\/\/exlibris.ee\/ru\/wp-json\/wp\/v2\/product_cat?post=47121"},{"taxonomy":"product_tag","embeddable":true,"href":"https:\/\/exlibris.ee\/ru\/wp-json\/wp\/v2\/product_tag?post=47121"},{"taxonomy":"series","embeddable":true,"href":"https:\/\/exlibris.ee\/ru\/wp-json\/wp\/v2\/series?post=47121"},{"taxonomy":"publisher","embeddable":true,"href":"https:\/\/exlibris.ee\/ru\/wp-json\/wp\/v2\/publisher?post=47121"}],"curies":[{"name":"wp","href":"https:\/\/api.w.org\/{rel}","templated":true}]}}