{"id":47129,"date":"2023-05-19T12:23:52","date_gmt":"2023-05-19T09:23:52","guid":{"rendered":"https:\/\/exlibris.ee\/toode\/grammatik-ganz-klar-digitale-ausgabe-ubungsgrammatik-a1-b1-digitalisierte-ubungsgrammatik-mit-integrierten-audiodateien\/"},"modified":"2026-04-24T19:31:47","modified_gmt":"2026-04-24T16:31:47","slug":"grammatik-ganz-klar-digitale-ausgabe-ubungsgrammatik-a1-b1-digitalisierte-ubungsgrammatik-mit-integrierten-audiodateien","status":"publish","type":"product","link":"https:\/\/exlibris.ee\/ru\/produkt\/grammatik-ganz-klar-digitale-ausgabe-ubungsgrammatik-a1-b1-digitalisierte-ubungsgrammatik-mit-integrierten-audiodateien\/","title":{"rendered":"Grammatik \u2013 ganz klar! \u2013 Digitale Ausgabe  \u00dcbungsgrammatik A1\u2013B1 \/ Digitalisierte \u00dcbungsgrammatik mit integrierten Audiodateien"},"content":{"rendered":"<p>Grammatik \u2013 ganz klar! bietet den Lernern mit dem Doppelseitenprinzip die grundlegende deutsche Grammatik in \u00fcbersichtlicher und klarer Form: links ein motivierender Comic und Erkl\u00e4rungen in einfacher Sprache \u2013 rechts nach Niveaustufen gekennzeichnete \u00dcbungen. Der Lernerfolg kann nach jedem Kapitel in Selbsttests \u00fcberpr\u00fcft werden &#8212; die integrierten Audiodateien helfen den Lernenden zus\u00e4tzlich, den eigenen Lernfortschritt zu kontrollieren und schwierige grammatikalische Ph\u00e4nomene zu automatisieren.<\/p>\n","protected":false},"excerpt":{"rendered":"<p>Grammatik \u2013 ganz klar! bietet den Lernern mit dem Doppelseitenprinzip die grundlegende deutsche Grammatik in \u00fcbersichtlicher und klarer Form: links ein motivierender Comic und Erkl\u00e4rungen in einfacher Sprache \u2013 rechts nach Niveaustufen gekennzeichnete \u00dcbungen. Der Lernerfolg kann nach jedem Kapitel&#8230;<\/p>\n","protected":false},"featured_media":56020,"template":"","meta":{"_acf_changed":false,"inline_featured_image":false},"product_brand":[],"product_cat":[480],"product_tag":[],"series":[{"id":1148,"name":"Grammatik \u2013 ganz klar!","slug":"grammatik-ganz-klar"}],"publisher":[{"id":497,"name":"Hueber Verlag","slug":"hueber-verlag"}],"class_list":{"0":"post-47129","1":"product","2":"type-product","3":"status-publish","4":"has-post-thumbnail","6":"product_cat-grammatiken","7":"series-grammatik-ganz-klar","8":"publisher-hueber-verlag","10":"first","11":"onbackorder","12":"taxable","13":"shipping-taxable","14":"purchasable","15":"product-type-simple"},"acf":[],"_links":{"self":[{"href":"https:\/\/exlibris.ee\/ru\/wp-json\/wp\/v2\/product\/47129","targetHints":{"allow":["GET"]}}],"collection":[{"href":"https:\/\/exlibris.ee\/ru\/wp-json\/wp\/v2\/product"}],"about":[{"href":"https:\/\/exlibris.ee\/ru\/wp-json\/wp\/v2\/types\/product"}],"wp:featuredmedia":[{"embeddable":true,"href":"https:\/\/exlibris.ee\/ru\/wp-json\/wp\/v2\/media\/56020"}],"wp:attachment":[{"href":"https:\/\/exlibris.ee\/ru\/wp-json\/wp\/v2\/media?parent=47129"}],"wp:term":[{"taxonomy":"product_brand","embeddable":true,"href":"https:\/\/exlibris.ee\/ru\/wp-json\/wp\/v2\/product_brand?post=47129"},{"taxonomy":"product_cat","embeddable":true,"href":"https:\/\/exlibris.ee\/ru\/wp-json\/wp\/v2\/product_cat?post=47129"},{"taxonomy":"product_tag","embeddable":true,"href":"https:\/\/exlibris.ee\/ru\/wp-json\/wp\/v2\/product_tag?post=47129"},{"taxonomy":"series","embeddable":true,"href":"https:\/\/exlibris.ee\/ru\/wp-json\/wp\/v2\/series?post=47129"},{"taxonomy":"publisher","embeddable":true,"href":"https:\/\/exlibris.ee\/ru\/wp-json\/wp\/v2\/publisher?post=47129"}],"curies":[{"name":"wp","href":"https:\/\/api.w.org\/{rel}","templated":true}]}}