{"id":47140,"date":"2023-05-19T12:23:54","date_gmt":"2023-05-19T09:23:54","guid":{"rendered":"https:\/\/exlibris.ee\/toode\/redewendungen-buch\/"},"modified":"2026-04-04T03:17:56","modified_gmt":"2026-04-04T00:17:56","slug":"redewendungen-buch","status":"publish","type":"product","link":"https:\/\/exlibris.ee\/ru\/produkt\/redewendungen-buch\/","title":{"rendered":"Redewendungen   Buch"},"content":{"rendered":"<p>Gut 400 der gel\u00e4ufigsten deutschen Redewendungen werden in abwechselungsreichen \u00dcbungstypen trainiert und angewendet. Ein Register im Anhang bietet die M\u00f6glichkeit, die Bedeutung von Redewendungen nachzuschlagen. Lustige Illustrationen lockern das Erscheinungsbild auf.<\/p>\n","protected":false},"excerpt":{"rendered":"<p>Gut 400 der gel\u00e4ufigsten deutschen Redewendungen werden in abwechselungsreichen \u00dcbungstypen trainiert und angewendet. Ein Register im Anhang bietet die M\u00f6glichkeit, die Bedeutung von Redewendungen nachzuschlagen. Lustige Illustrationen lockern das Erscheinungsbild auf.<\/p>\n","protected":false},"featured_media":56074,"template":"","meta":{"_acf_changed":false,"inline_featured_image":false},"product_brand":[],"product_cat":[558],"product_tag":[],"series":[{"id":1151,"name":"Redewendungen","slug":"redewendungen"}],"publisher":[{"id":497,"name":"Hueber Verlag","slug":"hueber-verlag"}],"class_list":{"0":"post-47140","1":"product","2":"type-product","3":"status-publish","4":"has-post-thumbnail","6":"product_cat-deutsch-uben","7":"series-redewendungen","8":"publisher-hueber-verlag","10":"first","11":"onbackorder","12":"taxable","13":"shipping-taxable","14":"purchasable","15":"product-type-simple"},"acf":[],"_links":{"self":[{"href":"https:\/\/exlibris.ee\/ru\/wp-json\/wp\/v2\/product\/47140","targetHints":{"allow":["GET"]}}],"collection":[{"href":"https:\/\/exlibris.ee\/ru\/wp-json\/wp\/v2\/product"}],"about":[{"href":"https:\/\/exlibris.ee\/ru\/wp-json\/wp\/v2\/types\/product"}],"wp:featuredmedia":[{"embeddable":true,"href":"https:\/\/exlibris.ee\/ru\/wp-json\/wp\/v2\/media\/56074"}],"wp:attachment":[{"href":"https:\/\/exlibris.ee\/ru\/wp-json\/wp\/v2\/media?parent=47140"}],"wp:term":[{"taxonomy":"product_brand","embeddable":true,"href":"https:\/\/exlibris.ee\/ru\/wp-json\/wp\/v2\/product_brand?post=47140"},{"taxonomy":"product_cat","embeddable":true,"href":"https:\/\/exlibris.ee\/ru\/wp-json\/wp\/v2\/product_cat?post=47140"},{"taxonomy":"product_tag","embeddable":true,"href":"https:\/\/exlibris.ee\/ru\/wp-json\/wp\/v2\/product_tag?post=47140"},{"taxonomy":"series","embeddable":true,"href":"https:\/\/exlibris.ee\/ru\/wp-json\/wp\/v2\/series?post=47140"},{"taxonomy":"publisher","embeddable":true,"href":"https:\/\/exlibris.ee\/ru\/wp-json\/wp\/v2\/publisher?post=47140"}],"curies":[{"name":"wp","href":"https:\/\/api.w.org\/{rel}","templated":true}]}}