{"id":47142,"date":"2023-05-19T12:23:55","date_gmt":"2023-05-19T09:23:55","guid":{"rendered":"https:\/\/exlibris.ee\/toode\/mit-uns-b1-interaktive-digitale-ausgabe-deutsch-fur-jugendliche-digitalisiertes-kursbuch-mit-integrierten-audiodateien\/"},"modified":"2026-04-18T15:35:40","modified_gmt":"2026-04-18T12:35:40","slug":"mit-uns-b1-interaktive-digitale-ausgabe-deutsch-fur-jugendliche-digitalisiertes-kursbuch-mit-integrierten-audiodateien","status":"publish","type":"product","link":"https:\/\/exlibris.ee\/ru\/produkt\/mit-uns-b1-interaktive-digitale-ausgabe-deutsch-fur-jugendliche-digitalisiertes-kursbuch-mit-integrierten-audiodateien\/","title":{"rendered":"Mit uns B1+ \u2013 Interaktive digitale Ausgabe  Deutsch f\u00fcr Jugendliche \/ Digitalisiertes Kursbuch mit integrierten Audiodateien"},"content":{"rendered":"<p>4 Module \u00e0 3 Lektionen \u2022 in jedem Modul werden die Sch\u00fcler und Sch\u00fclerinnen von einem jugendlichen Protagonisten begleitet, der die Lektionen inhaltlich lose verkn\u00fcpft \u2022 Einstiegsseite zu jedem Modul, auf der der Protagonist und die Themen der Lektionen vorgestellt werden \u2022 am Ende jedes Moduls: zwei Seiten Literatur und Landeskunde \u2022 inklusive einer Vielzahl interaktiver \u00dcbungen \u2022 alle Audios k\u00f6nnen direkt auf der Seite abgespielt werden \u2022 transparente Verkn\u00fcpfung mit dem Arbeitsbuch \u2022 Anhang: Grammatik\u00fcbersicht, Verblisten und Redemittel\u00fcbersicht \u2022 geeignet f\u00fcr Whiteboard, PC und Tablet (iOS-, Windows- und Android-kompatibel).<\/p>\n","protected":false},"excerpt":{"rendered":"<p>4 Module \u00e0 3 Lektionen \u2022 in jedem Modul werden die Sch\u00fcler und Sch\u00fclerinnen von einem jugendlichen Protagonisten begleitet, der die Lektionen inhaltlich lose verkn\u00fcpft \u2022 Einstiegsseite zu jedem Modul, auf der der Protagonist und die Themen der Lektionen vorgestellt&#8230;<\/p>\n","protected":false},"featured_media":56092,"template":"","meta":{"_acf_changed":false,"inline_featured_image":false},"product_brand":[],"product_cat":[477],"product_tag":[],"series":[{"id":1117,"name":"Mit uns","slug":"mit-uns"}],"publisher":[{"id":497,"name":"Hueber Verlag","slug":"hueber-verlag"}],"class_list":{"0":"post-47142","1":"product","2":"type-product","3":"status-publish","4":"has-post-thumbnail","6":"product_cat-lehrwerke-fur-jugendliche","7":"series-mit-uns","8":"publisher-hueber-verlag","10":"first","11":"onbackorder","12":"taxable","13":"shipping-taxable","14":"purchasable","15":"product-type-simple"},"acf":[],"_links":{"self":[{"href":"https:\/\/exlibris.ee\/ru\/wp-json\/wp\/v2\/product\/47142","targetHints":{"allow":["GET"]}}],"collection":[{"href":"https:\/\/exlibris.ee\/ru\/wp-json\/wp\/v2\/product"}],"about":[{"href":"https:\/\/exlibris.ee\/ru\/wp-json\/wp\/v2\/types\/product"}],"wp:featuredmedia":[{"embeddable":true,"href":"https:\/\/exlibris.ee\/ru\/wp-json\/wp\/v2\/media\/56092"}],"wp:attachment":[{"href":"https:\/\/exlibris.ee\/ru\/wp-json\/wp\/v2\/media?parent=47142"}],"wp:term":[{"taxonomy":"product_brand","embeddable":true,"href":"https:\/\/exlibris.ee\/ru\/wp-json\/wp\/v2\/product_brand?post=47142"},{"taxonomy":"product_cat","embeddable":true,"href":"https:\/\/exlibris.ee\/ru\/wp-json\/wp\/v2\/product_cat?post=47142"},{"taxonomy":"product_tag","embeddable":true,"href":"https:\/\/exlibris.ee\/ru\/wp-json\/wp\/v2\/product_tag?post=47142"},{"taxonomy":"series","embeddable":true,"href":"https:\/\/exlibris.ee\/ru\/wp-json\/wp\/v2\/series?post=47142"},{"taxonomy":"publisher","embeddable":true,"href":"https:\/\/exlibris.ee\/ru\/wp-json\/wp\/v2\/publisher?post=47142"}],"curies":[{"name":"wp","href":"https:\/\/api.w.org\/{rel}","templated":true}]}}