{"id":47145,"date":"2023-05-19T12:23:56","date_gmt":"2023-05-19T09:23:56","guid":{"rendered":"https:\/\/exlibris.ee\/toode\/goethe-zertifikat-a2-prufungsziele-testbeschreibung-deutschprufung-fur-jugendliche-und-erwachsene\/"},"modified":"2026-04-06T09:12:08","modified_gmt":"2026-04-06T06:12:08","slug":"goethe-zertifikat-a2-prufungsziele-testbeschreibung-deutschprufung-fur-jugendliche-und-erwachsene","status":"publish","type":"product","link":"https:\/\/exlibris.ee\/ru\/produkt\/goethe-zertifikat-a2-prufungsziele-testbeschreibung-deutschprufung-fur-jugendliche-und-erwachsene\/","title":{"rendered":"Goethe-Zertifikat A2 \u2013 Pr\u00fcfungsziele, Testbeschreibung  Deutschpr\u00fcfung f\u00fcr Jugendliche und Erwachsene"},"content":{"rendered":"<p>Der Band Zertifikat A2 &#8212; Pr\u00fcfungsziele, Testbeschreibung ist ein wertvolles Handwerkszeug f\u00fcr Pr\u00fcfende, Lehrkr\u00e4fte und Kursorganisatoren sowie f\u00fcr alle Fachleute im Bereich Sprachlehr- und Sprachlernforschung. Umfassende Informationen \u00fcber &#8212; die Zielgruppe der Deutschpr\u00fcfung &#8212; den Aufbau und die Pr\u00fcfungsteile &#8212; die Aufgabenstellungen &#8212; die Bewertungskriterien &#8212; Beispiele von Kandidatenleistungen &#8212; eine Zusammenstellung des Wortschatzes und der Strukturen.<\/p>\n","protected":false},"excerpt":{"rendered":"<p>Der Band Zertifikat A2 &#8212; Pr\u00fcfungsziele, Testbeschreibung ist ein wertvolles Handwerkszeug f\u00fcr Pr\u00fcfende, Lehrkr\u00e4fte und Kursorganisatoren sowie f\u00fcr alle Fachleute im Bereich Sprachlehr- und Sprachlernforschung. Umfassende Informationen \u00fcber &#8212; die Zielgruppe der Deutschpr\u00fcfung &#8212; den Aufbau und die Pr\u00fcfungsteile &#8212;&#8230;<\/p>\n","protected":false},"featured_media":56140,"template":"","meta":{"_acf_changed":false,"inline_featured_image":false},"product_brand":[],"product_cat":[507],"product_tag":[],"series":[{"id":1153,"name":"Goethe-Zertifikat","slug":"goethe-zertifikat"}],"publisher":[{"id":497,"name":"Hueber Verlag","slug":"hueber-verlag"}],"class_list":{"0":"post-47145","1":"product","2":"type-product","3":"status-publish","4":"has-post-thumbnail","6":"product_cat-prufungsvorbereitung","7":"series-goethe-zertifikat","8":"publisher-hueber-verlag","10":"first","11":"onbackorder","12":"taxable","13":"shipping-taxable","14":"purchasable","15":"product-type-simple"},"acf":[],"_links":{"self":[{"href":"https:\/\/exlibris.ee\/ru\/wp-json\/wp\/v2\/product\/47145","targetHints":{"allow":["GET"]}}],"collection":[{"href":"https:\/\/exlibris.ee\/ru\/wp-json\/wp\/v2\/product"}],"about":[{"href":"https:\/\/exlibris.ee\/ru\/wp-json\/wp\/v2\/types\/product"}],"wp:featuredmedia":[{"embeddable":true,"href":"https:\/\/exlibris.ee\/ru\/wp-json\/wp\/v2\/media\/56140"}],"wp:attachment":[{"href":"https:\/\/exlibris.ee\/ru\/wp-json\/wp\/v2\/media?parent=47145"}],"wp:term":[{"taxonomy":"product_brand","embeddable":true,"href":"https:\/\/exlibris.ee\/ru\/wp-json\/wp\/v2\/product_brand?post=47145"},{"taxonomy":"product_cat","embeddable":true,"href":"https:\/\/exlibris.ee\/ru\/wp-json\/wp\/v2\/product_cat?post=47145"},{"taxonomy":"product_tag","embeddable":true,"href":"https:\/\/exlibris.ee\/ru\/wp-json\/wp\/v2\/product_tag?post=47145"},{"taxonomy":"series","embeddable":true,"href":"https:\/\/exlibris.ee\/ru\/wp-json\/wp\/v2\/series?post=47145"},{"taxonomy":"publisher","embeddable":true,"href":"https:\/\/exlibris.ee\/ru\/wp-json\/wp\/v2\/publisher?post=47145"}],"curies":[{"name":"wp","href":"https:\/\/api.w.org\/{rel}","templated":true}]}}