{"id":47164,"date":"2023-05-19T12:24:00","date_gmt":"2023-05-19T09:24:00","guid":{"rendered":"https:\/\/exlibris.ee\/toode\/lehr-und-ubungsbuch-der-deutschen-grammatik-neubearbeitung-russische-ausgabe-lehr-und-ubungsbuch-%d0%b3%d1%80%d0%b0%d0%bc%d0%bc%d0%b0%d1%82%d0%b8%d0%ba%d0%b0-%d0%bd%d0%b5\/"},"modified":"2026-04-13T05:30:13","modified_gmt":"2026-04-13T02:30:13","slug":"lehr-und-ubungsbuch-der-deutschen-grammatik-neubearbeitung-russische-ausgabe-lehr-und-ubungsbuch-%d0%b3%d1%80%d0%b0%d0%bc%d0%bc%d0%b0%d1%82%d0%b8%d0%ba%d0%b0-%d0%bd%d0%b5","status":"publish","type":"product","link":"https:\/\/exlibris.ee\/ru\/produkt\/lehr-und-ubungsbuch-der-deutschen-grammatik-neubearbeitung-russische-ausgabe-lehr-und-ubungsbuch-%d0%b3%d1%80%d0%b0%d0%bc%d0%bc%d0%b0%d1%82%d0%b8%d0%ba%d0%b0-%d0%bd%d0%b5\/","title":{"rendered":"Lehr- und \u00dcbungsbuch der deutschen Grammatik \u2013 Neubearbeitung  Russische Ausgabe \/ Lehr- und \u00dcbungsbuch \u2013 \u0413\u0440\u0430\u043c\u043c\u0430\u0442\u0438\u043a\u0430 \u043d\u0435\u043c\u0435\u0446\u043a\u043e\u0433\u043e \u044f\u0437\u044b\u043a\u0430 \u0441 \u0443\u043f\u0440\u0430\u0436\u043d\u0435\u043d\u0438\u044f\u043c\u0438"},"content":{"rendered":"<p>Ist auch f\u00fcr Englisch, Franz\u00f6sisch, Italienisch und Spanisch erh\u00e4ltlich.<\/p>\n","protected":false},"excerpt":{"rendered":"<p>Ist auch f\u00fcr Englisch, Franz\u00f6sisch, Italienisch und Spanisch erh\u00e4ltlich.<\/p>\n","protected":false},"featured_media":56260,"template":"","meta":{"_acf_changed":false,"inline_featured_image":false},"product_brand":[],"product_cat":[480],"product_tag":[],"series":[{"id":1133,"name":"Lehr- und \u00dcbungsbuch der deutschen Grammatik","slug":"lehr-und-ubungsbuch-der-deutschen-grammatik"}],"publisher":[{"id":497,"name":"Hueber Verlag","slug":"hueber-verlag"}],"class_list":{"0":"post-47164","1":"product","2":"type-product","3":"status-publish","4":"has-post-thumbnail","6":"product_cat-grammatiken","7":"series-lehr-und-ubungsbuch-der-deutschen-grammatik","8":"publisher-hueber-verlag","10":"first","11":"instock","12":"taxable","13":"shipping-taxable","14":"purchasable","15":"product-type-simple"},"acf":[],"_links":{"self":[{"href":"https:\/\/exlibris.ee\/ru\/wp-json\/wp\/v2\/product\/47164","targetHints":{"allow":["GET"]}}],"collection":[{"href":"https:\/\/exlibris.ee\/ru\/wp-json\/wp\/v2\/product"}],"about":[{"href":"https:\/\/exlibris.ee\/ru\/wp-json\/wp\/v2\/types\/product"}],"wp:featuredmedia":[{"embeddable":true,"href":"https:\/\/exlibris.ee\/ru\/wp-json\/wp\/v2\/media\/56260"}],"wp:attachment":[{"href":"https:\/\/exlibris.ee\/ru\/wp-json\/wp\/v2\/media?parent=47164"}],"wp:term":[{"taxonomy":"product_brand","embeddable":true,"href":"https:\/\/exlibris.ee\/ru\/wp-json\/wp\/v2\/product_brand?post=47164"},{"taxonomy":"product_cat","embeddable":true,"href":"https:\/\/exlibris.ee\/ru\/wp-json\/wp\/v2\/product_cat?post=47164"},{"taxonomy":"product_tag","embeddable":true,"href":"https:\/\/exlibris.ee\/ru\/wp-json\/wp\/v2\/product_tag?post=47164"},{"taxonomy":"series","embeddable":true,"href":"https:\/\/exlibris.ee\/ru\/wp-json\/wp\/v2\/series?post=47164"},{"taxonomy":"publisher","embeddable":true,"href":"https:\/\/exlibris.ee\/ru\/wp-json\/wp\/v2\/publisher?post=47164"}],"curies":[{"name":"wp","href":"https:\/\/api.w.org\/{rel}","templated":true}]}}