{"id":47173,"date":"2023-05-19T12:24:02","date_gmt":"2023-05-19T09:24:02","guid":{"rendered":"https:\/\/exlibris.ee\/toode\/grammatik-leicht-a2-entdecken-und-uben-einsprachige-ausgabe-pdf-download\/"},"modified":"2026-04-07T21:23:11","modified_gmt":"2026-04-07T18:23:11","slug":"grammatik-leicht-a2-entdecken-und-uben-einsprachige-ausgabe-pdf-download","status":"publish","type":"product","link":"https:\/\/exlibris.ee\/ru\/produkt\/grammatik-leicht-a2-entdecken-und-uben-einsprachige-ausgabe-pdf-download\/","title":{"rendered":"Grammatik leicht A2   Entdecken und \u00fcben \/ Einsprachige Ausgabe, PDF-Download"},"content":{"rendered":"<p>Zielgruppe: Selbstlerner und Kursteilnehmer auf dem Niveau A1 Zielniveau: A2 &#8212; \u00dcbungsgrammatik mit Doppelseitenprinzip: erst Einf\u00fchrung des Grammatikthemas (&#171;Entdecken&#187;), anschlie\u00dfend Ein\u00fcben der Grammatik durch abwechslungsreiche \u00dcbungen (&#171;\u00dcben&#187;) &#8212; Grammatikerkl\u00e4rungen in deutscher Sprache &#8212; Anhang mit L\u00f6sungschl\u00fcssel, Grammatiktabellen und Register.<\/p>\n","protected":false},"excerpt":{"rendered":"<p>Zielgruppe: Selbstlerner und Kursteilnehmer auf dem Niveau A1 Zielniveau: A2 &#8212; \u00dcbungsgrammatik mit Doppelseitenprinzip: erst Einf\u00fchrung des Grammatikthemas (&#171;Entdecken&#187;), anschlie\u00dfend Ein\u00fcben der Grammatik durch abwechslungsreiche \u00dcbungen (&#171;\u00dcben&#187;) &#8212; Grammatikerkl\u00e4rungen in deutscher Sprache &#8212; Anhang mit L\u00f6sungschl\u00fcssel, Grammatiktabellen und Register.<\/p>\n","protected":false},"featured_media":56353,"template":"","meta":{"_acf_changed":false,"inline_featured_image":false},"product_brand":[],"product_cat":[480],"product_tag":[],"series":[{"id":1149,"name":"Grammatik leicht","slug":"grammatik-leicht"}],"publisher":[{"id":497,"name":"Hueber Verlag","slug":"hueber-verlag"}],"class_list":{"0":"post-47173","1":"product","2":"type-product","3":"status-publish","4":"has-post-thumbnail","6":"product_cat-grammatiken","7":"series-grammatik-leicht","8":"publisher-hueber-verlag","10":"first","11":"onbackorder","12":"taxable","13":"shipping-taxable","14":"purchasable","15":"product-type-simple"},"acf":[],"_links":{"self":[{"href":"https:\/\/exlibris.ee\/ru\/wp-json\/wp\/v2\/product\/47173","targetHints":{"allow":["GET"]}}],"collection":[{"href":"https:\/\/exlibris.ee\/ru\/wp-json\/wp\/v2\/product"}],"about":[{"href":"https:\/\/exlibris.ee\/ru\/wp-json\/wp\/v2\/types\/product"}],"wp:featuredmedia":[{"embeddable":true,"href":"https:\/\/exlibris.ee\/ru\/wp-json\/wp\/v2\/media\/56353"}],"wp:attachment":[{"href":"https:\/\/exlibris.ee\/ru\/wp-json\/wp\/v2\/media?parent=47173"}],"wp:term":[{"taxonomy":"product_brand","embeddable":true,"href":"https:\/\/exlibris.ee\/ru\/wp-json\/wp\/v2\/product_brand?post=47173"},{"taxonomy":"product_cat","embeddable":true,"href":"https:\/\/exlibris.ee\/ru\/wp-json\/wp\/v2\/product_cat?post=47173"},{"taxonomy":"product_tag","embeddable":true,"href":"https:\/\/exlibris.ee\/ru\/wp-json\/wp\/v2\/product_tag?post=47173"},{"taxonomy":"series","embeddable":true,"href":"https:\/\/exlibris.ee\/ru\/wp-json\/wp\/v2\/series?post=47173"},{"taxonomy":"publisher","embeddable":true,"href":"https:\/\/exlibris.ee\/ru\/wp-json\/wp\/v2\/publisher?post=47173"}],"curies":[{"name":"wp","href":"https:\/\/api.w.org\/{rel}","templated":true}]}}