{"id":47175,"date":"2023-05-19T12:24:02","date_gmt":"2023-05-19T09:24:02","guid":{"rendered":"https:\/\/exlibris.ee\/toode\/ratsel-um-die-chinesische-vase-fenders-zweiter-fall-pdf-download\/"},"modified":"2026-04-17T15:39:30","modified_gmt":"2026-04-17T12:39:30","slug":"ratsel-um-die-chinesische-vase-fenders-zweiter-fall-pdf-download","status":"publish","type":"product","link":"https:\/\/exlibris.ee\/ru\/produkt\/ratsel-um-die-chinesische-vase-fenders-zweiter-fall-pdf-download\/","title":{"rendered":"R\u00e4tsel um die chinesische Vase  Fenders zweiter Fall \/ PDF-Download"},"content":{"rendered":"<p>Im zweiten Band der Lekt\u00fcrereihe Spannender Lernkrimi bekommt Privatdetektiv Fender den Auftrag, eine antike chinesische Vase wiederzufinden, die bei einem brutalen Raub\u00fcberfall gestohlen wurde. Seine Spurensuche f\u00fchrt ihn dabei quer durch Deutschland und erst eine mysteri\u00f6se Legende bringt mehr Licht ins Dunkel&#8230; Zielgruppe: Erwachsene Lernende der Niveaustufe A2 (erste Grundkenntnisse) Geeignet f\u00fcr Selbstlerner oder als Zusatzmaterial im Unterricht (z.B. Integrationskurse) Die Reihe Spannender Lernkrimi bietet spannende Krimis, bei denen das Lernen ganz nebenbei abl\u00e4uft. Die Lekt\u00fcren werden immer erg\u00e4nzt durch einen MP3-Download des kompletten Krimis sowie \u00dcbungen zum H\u00f6r- und Leseverstehen. Vierfarbige Illustrationen unterst\u00fctzen das Leseverstehen. Wortschatzerkl\u00e4rungen in der Fu\u00dfzeile und in Wortfeldern.<\/p>\n","protected":false},"excerpt":{"rendered":"<p>Im zweiten Band der Lekt\u00fcrereihe Spannender Lernkrimi bekommt Privatdetektiv Fender den Auftrag, eine antike chinesische Vase wiederzufinden, die bei einem brutalen Raub\u00fcberfall gestohlen wurde. Seine Spurensuche f\u00fchrt ihn dabei quer durch Deutschland und erst eine mysteri\u00f6se Legende bringt mehr Licht&#8230;<\/p>\n","protected":false},"featured_media":56269,"template":"","meta":{"_acf_changed":false,"inline_featured_image":false},"product_brand":[],"product_cat":[851],"product_tag":[],"series":[{"id":1156,"name":"R\u00e4tsel um die chinesische Vase","slug":"ratsel-um-die-chinesische-vase"}],"publisher":[{"id":497,"name":"Hueber Verlag","slug":"hueber-verlag"}],"class_list":{"0":"post-47175","1":"product","2":"type-product","3":"status-publish","4":"has-post-thumbnail","6":"product_cat-lesetexte-deutsch","7":"series-ratsel-um-die-chinesische-vase","8":"publisher-hueber-verlag","10":"first","11":"onbackorder","12":"taxable","13":"shipping-taxable","14":"purchasable","15":"product-type-simple"},"acf":[],"_links":{"self":[{"href":"https:\/\/exlibris.ee\/ru\/wp-json\/wp\/v2\/product\/47175","targetHints":{"allow":["GET"]}}],"collection":[{"href":"https:\/\/exlibris.ee\/ru\/wp-json\/wp\/v2\/product"}],"about":[{"href":"https:\/\/exlibris.ee\/ru\/wp-json\/wp\/v2\/types\/product"}],"wp:featuredmedia":[{"embeddable":true,"href":"https:\/\/exlibris.ee\/ru\/wp-json\/wp\/v2\/media\/56269"}],"wp:attachment":[{"href":"https:\/\/exlibris.ee\/ru\/wp-json\/wp\/v2\/media?parent=47175"}],"wp:term":[{"taxonomy":"product_brand","embeddable":true,"href":"https:\/\/exlibris.ee\/ru\/wp-json\/wp\/v2\/product_brand?post=47175"},{"taxonomy":"product_cat","embeddable":true,"href":"https:\/\/exlibris.ee\/ru\/wp-json\/wp\/v2\/product_cat?post=47175"},{"taxonomy":"product_tag","embeddable":true,"href":"https:\/\/exlibris.ee\/ru\/wp-json\/wp\/v2\/product_tag?post=47175"},{"taxonomy":"series","embeddable":true,"href":"https:\/\/exlibris.ee\/ru\/wp-json\/wp\/v2\/series?post=47175"},{"taxonomy":"publisher","embeddable":true,"href":"https:\/\/exlibris.ee\/ru\/wp-json\/wp\/v2\/publisher?post=47175"}],"curies":[{"name":"wp","href":"https:\/\/api.w.org\/{rel}","templated":true}]}}