{"id":47179,"date":"2023-05-19T12:24:03","date_gmt":"2023-05-19T09:24:03","guid":{"rendered":"https:\/\/exlibris.ee\/toode\/geschaftskommunikation-verhandlungssprache-kursbuch-mit-audio-cd\/"},"modified":"2026-04-18T15:37:26","modified_gmt":"2026-04-18T12:37:26","slug":"geschaftskommunikation-verhandlungssprache-kursbuch-mit-audio-cd","status":"publish","type":"product","link":"https:\/\/exlibris.ee\/ru\/produkt\/geschaftskommunikation-verhandlungssprache-kursbuch-mit-audio-cd\/","title":{"rendered":"Gesch\u00e4ftskommunikation \u2013 Verhandlungssprache  Kursbuch mit Audio-CD"},"content":{"rendered":"<p>Ein Trainingskurs f\u00fcr Gesch\u00e4ftskommunikation und Verhandlungssprache. Mithilfe von Redemitteln, \u00dcbungen und ausgew\u00e4hlter Grammatik kann man seine m\u00fcndliche Ausdrucksf\u00e4higkeit im Gesch\u00e4ftsleben trainieren und verbessern. Alle Redemittel sowie Modelldialoge f\u00fcr den gesch\u00e4ftlichen Alltag sind auf der beiliegenden Audio-CD enthalten. Der Kurs ist sowohl f\u00fcr den Einsatz im Unterricht als auch zum Selbstlernen geeignet.<\/p>\n","protected":false},"excerpt":{"rendered":"<p>Ein Trainingskurs f\u00fcr Gesch\u00e4ftskommunikation und Verhandlungssprache. Mithilfe von Redemitteln, \u00dcbungen und ausgew\u00e4hlter Grammatik kann man seine m\u00fcndliche Ausdrucksf\u00e4higkeit im Gesch\u00e4ftsleben trainieren und verbessern. Alle Redemittel sowie Modelldialoge f\u00fcr den gesch\u00e4ftlichen Alltag sind auf der beiliegenden Audio-CD enthalten. Der Kurs ist&#8230;<\/p>\n","protected":false},"featured_media":56386,"template":"","meta":{"_acf_changed":false,"inline_featured_image":false},"product_brand":[],"product_cat":[885],"product_tag":[],"series":[],"publisher":[{"id":497,"name":"Hueber Verlag","slug":"hueber-verlag"}],"class_list":{"0":"post-47179","1":"product","2":"type-product","3":"status-publish","4":"has-post-thumbnail","6":"product_cat-berufssprache","7":"publisher-hueber-verlag","9":"first","10":"onbackorder","11":"taxable","12":"shipping-taxable","13":"purchasable","14":"product-type-simple"},"acf":[],"_links":{"self":[{"href":"https:\/\/exlibris.ee\/ru\/wp-json\/wp\/v2\/product\/47179","targetHints":{"allow":["GET"]}}],"collection":[{"href":"https:\/\/exlibris.ee\/ru\/wp-json\/wp\/v2\/product"}],"about":[{"href":"https:\/\/exlibris.ee\/ru\/wp-json\/wp\/v2\/types\/product"}],"wp:featuredmedia":[{"embeddable":true,"href":"https:\/\/exlibris.ee\/ru\/wp-json\/wp\/v2\/media\/56386"}],"wp:attachment":[{"href":"https:\/\/exlibris.ee\/ru\/wp-json\/wp\/v2\/media?parent=47179"}],"wp:term":[{"taxonomy":"product_brand","embeddable":true,"href":"https:\/\/exlibris.ee\/ru\/wp-json\/wp\/v2\/product_brand?post=47179"},{"taxonomy":"product_cat","embeddable":true,"href":"https:\/\/exlibris.ee\/ru\/wp-json\/wp\/v2\/product_cat?post=47179"},{"taxonomy":"product_tag","embeddable":true,"href":"https:\/\/exlibris.ee\/ru\/wp-json\/wp\/v2\/product_tag?post=47179"},{"taxonomy":"series","embeddable":true,"href":"https:\/\/exlibris.ee\/ru\/wp-json\/wp\/v2\/series?post=47179"},{"taxonomy":"publisher","embeddable":true,"href":"https:\/\/exlibris.ee\/ru\/wp-json\/wp\/v2\/publisher?post=47179"}],"curies":[{"name":"wp","href":"https:\/\/api.w.org\/{rel}","templated":true}]}}