{"id":47224,"date":"2023-05-19T12:24:24","date_gmt":"2023-05-19T09:24:24","guid":{"rendered":"https:\/\/exlibris.ee\/toode\/menschen-im-beruf-tourismus-a1-kursbuch-mit-ubungsteil-und-audio-cd\/"},"modified":"2026-04-04T03:18:57","modified_gmt":"2026-04-04T00:18:57","slug":"menschen-im-beruf-tourismus-a1-kursbuch-mit-ubungsteil-und-audio-cd","status":"publish","type":"product","link":"https:\/\/exlibris.ee\/ru\/produkt\/menschen-im-beruf-tourismus-a1-kursbuch-mit-ubungsteil-und-audio-cd\/","title":{"rendered":"Menschen im Beruf &#8212; Tourismus A1  Kursbuch mit \u00dcbungsteil und Audio-CD"},"content":{"rendered":"<p>Das Lehrwerk vermittelt und trainiert Wortschatz und h\u00e4ufig gebrauchte Ausdr\u00fccke und Redemittel, die Berufst\u00e4tige in der Tourismusbranche f\u00fcr ihre Arbeit ben\u00f6tigen. In Band A1 lernen die Kursteilnehmer sich in verschiedenen Situationen im Hotel sprachlich zu verst\u00e4ndigen. Typische Sprech- und H\u00f6rsituationen werden dabei aus der Perspektive der Hotelangestellten an der Rezeption und im Restaurant ge\u00fcbt. Parallel einsetzbar zu jedem allgemeinsprachlichen Lehrwerk der Niveaustufe A1 \u2013 wegen der \u00fcbereinstimmenden Progression besonders geeignet als fachsprachliche Erg\u00e4nzung zu dem Lehrwerk Menschen.<\/p>\n","protected":false},"excerpt":{"rendered":"<p>Das Lehrwerk vermittelt und trainiert Wortschatz und h\u00e4ufig gebrauchte Ausdr\u00fccke und Redemittel, die Berufst\u00e4tige in der Tourismusbranche f\u00fcr ihre Arbeit ben\u00f6tigen. In Band A1 lernen die Kursteilnehmer sich in verschiedenen Situationen im Hotel sprachlich zu verst\u00e4ndigen. Typische Sprech- und H\u00f6rsituationen&#8230;<\/p>\n","protected":false},"featured_media":56419,"template":"","meta":{"_acf_changed":false,"inline_featured_image":false},"product_brand":[],"product_cat":[897],"product_tag":[],"series":[{"id":1163,"name":"Menschen im Beruf","slug":"menschen-im-beruf"}],"publisher":[{"id":497,"name":"Hueber Verlag","slug":"hueber-verlag"}],"class_list":{"0":"post-47224","1":"product","2":"type-product","3":"status-publish","4":"has-post-thumbnail","6":"product_cat-keeleope-leiunurk","7":"series-menschen-im-beruf","8":"publisher-hueber-verlag","10":"first","11":"instock","12":"taxable","13":"shipping-taxable","14":"purchasable","15":"product-type-simple"},"acf":[],"_links":{"self":[{"href":"https:\/\/exlibris.ee\/ru\/wp-json\/wp\/v2\/product\/47224","targetHints":{"allow":["GET"]}}],"collection":[{"href":"https:\/\/exlibris.ee\/ru\/wp-json\/wp\/v2\/product"}],"about":[{"href":"https:\/\/exlibris.ee\/ru\/wp-json\/wp\/v2\/types\/product"}],"wp:featuredmedia":[{"embeddable":true,"href":"https:\/\/exlibris.ee\/ru\/wp-json\/wp\/v2\/media\/56419"}],"wp:attachment":[{"href":"https:\/\/exlibris.ee\/ru\/wp-json\/wp\/v2\/media?parent=47224"}],"wp:term":[{"taxonomy":"product_brand","embeddable":true,"href":"https:\/\/exlibris.ee\/ru\/wp-json\/wp\/v2\/product_brand?post=47224"},{"taxonomy":"product_cat","embeddable":true,"href":"https:\/\/exlibris.ee\/ru\/wp-json\/wp\/v2\/product_cat?post=47224"},{"taxonomy":"product_tag","embeddable":true,"href":"https:\/\/exlibris.ee\/ru\/wp-json\/wp\/v2\/product_tag?post=47224"},{"taxonomy":"series","embeddable":true,"href":"https:\/\/exlibris.ee\/ru\/wp-json\/wp\/v2\/series?post=47224"},{"taxonomy":"publisher","embeddable":true,"href":"https:\/\/exlibris.ee\/ru\/wp-json\/wp\/v2\/publisher?post=47224"}],"curies":[{"name":"wp","href":"https:\/\/api.w.org\/{rel}","templated":true}]}}