{"id":47226,"date":"2023-05-19T12:24:24","date_gmt":"2023-05-19T09:24:24","guid":{"rendered":"https:\/\/exlibris.ee\/toode\/hueber-worterbuch-learners-dictionary-deutsch-als-fremdsprache-german-english-english-german\/"},"modified":"2026-04-15T13:36:13","modified_gmt":"2026-04-15T10:36:13","slug":"hueber-worterbuch-learners-dictionary-deutsch-als-fremdsprache-german-english-english-german","status":"publish","type":"product","link":"https:\/\/exlibris.ee\/ru\/produkt\/hueber-worterbuch-learners-dictionary-deutsch-als-fremdsprache-german-english-english-german\/","title":{"rendered":"Hueber W\u00f6rterbuch Learner\u2019s Dictionary  Deutsch als Fremdsprache \/ German-English \/ English-German"},"content":{"rendered":"<p>Das Learner\u00b4s Dictionary ist das modernste und lernerfreundlichste zweisprachige W\u00f6rterbuch Deutsch als Fremdsprache. Besser kann man aktiven Spracherwerb und kontinuierlichen Lernerfolg nicht unterst\u00fctzen. &#8212; \u00dcber 100.000 Stichw\u00f6rter, Beispiele, Konstruktionen und Wendungen &#8212; Farbig hervorgehobene Stichw\u00f6rter &#8212; Gekennzeichneter Lernwortschatz des Zertifikats Deutsch &#8212; Informationen zur deutschen Grammatik und Landeskunde &#8212; \u00dcber 40.000 Phonetikangaben &#8212; Zahlreiche Synonyme und Antonyme &#8212; Viele Infok\u00e4sten zur deutschen Grammatik und Landeskunde.<\/p>\n","protected":false},"excerpt":{"rendered":"<p>Das Learner\u00b4s Dictionary ist das modernste und lernerfreundlichste zweisprachige W\u00f6rterbuch Deutsch als Fremdsprache. Besser kann man aktiven Spracherwerb und kontinuierlichen Lernerfolg nicht unterst\u00fctzen. &#8212; \u00dcber 100.000 Stichw\u00f6rter, Beispiele, Konstruktionen und Wendungen &#8212; Farbig hervorgehobene Stichw\u00f6rter &#8212; Gekennzeichneter Lernwortschatz des Zertifikats&#8230;<\/p>\n","protected":false},"featured_media":56443,"template":"","meta":{"_acf_changed":false,"inline_featured_image":false},"product_brand":[],"product_cat":[883],"product_tag":[],"series":[],"publisher":[{"id":497,"name":"Hueber Verlag","slug":"hueber-verlag"}],"class_list":{"0":"post-47226","1":"product","2":"type-product","3":"status-publish","4":"has-post-thumbnail","6":"product_cat-worterbucher","7":"publisher-hueber-verlag","9":"first","10":"onbackorder","11":"taxable","12":"shipping-taxable","13":"purchasable","14":"product-type-simple"},"acf":[],"_links":{"self":[{"href":"https:\/\/exlibris.ee\/ru\/wp-json\/wp\/v2\/product\/47226","targetHints":{"allow":["GET"]}}],"collection":[{"href":"https:\/\/exlibris.ee\/ru\/wp-json\/wp\/v2\/product"}],"about":[{"href":"https:\/\/exlibris.ee\/ru\/wp-json\/wp\/v2\/types\/product"}],"wp:featuredmedia":[{"embeddable":true,"href":"https:\/\/exlibris.ee\/ru\/wp-json\/wp\/v2\/media\/56443"}],"wp:attachment":[{"href":"https:\/\/exlibris.ee\/ru\/wp-json\/wp\/v2\/media?parent=47226"}],"wp:term":[{"taxonomy":"product_brand","embeddable":true,"href":"https:\/\/exlibris.ee\/ru\/wp-json\/wp\/v2\/product_brand?post=47226"},{"taxonomy":"product_cat","embeddable":true,"href":"https:\/\/exlibris.ee\/ru\/wp-json\/wp\/v2\/product_cat?post=47226"},{"taxonomy":"product_tag","embeddable":true,"href":"https:\/\/exlibris.ee\/ru\/wp-json\/wp\/v2\/product_tag?post=47226"},{"taxonomy":"series","embeddable":true,"href":"https:\/\/exlibris.ee\/ru\/wp-json\/wp\/v2\/series?post=47226"},{"taxonomy":"publisher","embeddable":true,"href":"https:\/\/exlibris.ee\/ru\/wp-json\/wp\/v2\/publisher?post=47226"}],"curies":[{"name":"wp","href":"https:\/\/api.w.org\/{rel}","templated":true}]}}