{"id":47229,"date":"2023-05-19T12:24:25","date_gmt":"2023-05-19T09:24:25","guid":{"rendered":"https:\/\/exlibris.ee\/toode\/motive-a1-interaktive-digitale-ausgabe-kompaktkurs-daf-digitalisiertes-kursbuch-lektion-1-8-mit-integrierten-audiodateien-und-interaktiven-zusatzubungen\/"},"modified":"2026-04-04T03:18:58","modified_gmt":"2026-04-04T00:18:58","slug":"motive-a1-interaktive-digitale-ausgabe-kompaktkurs-daf-digitalisiertes-kursbuch-lektion-1-8-mit-integrierten-audiodateien-und-interaktiven-zusatzubungen","status":"publish","type":"product","link":"https:\/\/exlibris.ee\/ru\/produkt\/motive-a1-interaktive-digitale-ausgabe-kompaktkurs-daf-digitalisiertes-kursbuch-lektion-1-8-mit-integrierten-audiodateien-und-interaktiven-zusatzubungen\/","title":{"rendered":"Motive A1 \u2013 interaktive Digitale Ausgabe  Kompaktkurs DaF \/ Digitalisiertes Kursbuch, Lektion 1\u20138 mit integrierten Audiodateien und interaktiven Zusatz\u00fcbungen"},"content":{"rendered":"<p>Digitales Kursbuch mit integrierten Audiodateien und interaktiven Zusatz\u00fcbungen &#8212; alle Lektionen mit klarem Aufbau f\u00fcr hohe Transparenz &#8212; attraktive Einstiegsseiten zur Aktivierung des Vorwissens &#8212; motivierende Lesetexte &#8212; interessante H\u00f6rgeschichten &#8212; authentische Gespr\u00e4chsanl\u00e4sse &#8212; Aktivierung von Vorwissen auf den Einstiegsseiten &#8212; Lernen in 3 Phasen: Erkennen, gelenkte Anwendung, freies Anwenden &#8212; Grammatik- und Redemittel\u00fcbersicht am Ende jeder Lektion (mit Audiotraining) &#8212; alle H\u00f6rtexte als MP3-Dateien.<\/p>\n","protected":false},"excerpt":{"rendered":"<p>Digitales Kursbuch mit integrierten Audiodateien und interaktiven Zusatz\u00fcbungen &#8212; alle Lektionen mit klarem Aufbau f\u00fcr hohe Transparenz &#8212; attraktive Einstiegsseiten zur Aktivierung des Vorwissens &#8212; motivierende Lesetexte &#8212; interessante H\u00f6rgeschichten &#8212; authentische Gespr\u00e4chsanl\u00e4sse &#8212; Aktivierung von Vorwissen auf den Einstiegsseiten&#8230;<\/p>\n","protected":false},"featured_media":56476,"template":"","meta":{"_acf_changed":false,"inline_featured_image":false},"product_brand":[],"product_cat":[1121],"product_tag":[],"series":[{"id":1131,"name":"Motive","slug":"motive"}],"publisher":[{"id":497,"name":"Hueber Verlag","slug":"hueber-verlag"}],"class_list":{"0":"post-47229","1":"product","2":"type-product","3":"status-publish","4":"has-post-thumbnail","6":"product_cat-lehrwerke-fur-jugendliche-und-erwachsene","7":"series-motive","8":"publisher-hueber-verlag","10":"first","11":"onbackorder","12":"taxable","13":"shipping-taxable","14":"purchasable","15":"product-type-simple"},"acf":[],"_links":{"self":[{"href":"https:\/\/exlibris.ee\/ru\/wp-json\/wp\/v2\/product\/47229","targetHints":{"allow":["GET"]}}],"collection":[{"href":"https:\/\/exlibris.ee\/ru\/wp-json\/wp\/v2\/product"}],"about":[{"href":"https:\/\/exlibris.ee\/ru\/wp-json\/wp\/v2\/types\/product"}],"wp:featuredmedia":[{"embeddable":true,"href":"https:\/\/exlibris.ee\/ru\/wp-json\/wp\/v2\/media\/56476"}],"wp:attachment":[{"href":"https:\/\/exlibris.ee\/ru\/wp-json\/wp\/v2\/media?parent=47229"}],"wp:term":[{"taxonomy":"product_brand","embeddable":true,"href":"https:\/\/exlibris.ee\/ru\/wp-json\/wp\/v2\/product_brand?post=47229"},{"taxonomy":"product_cat","embeddable":true,"href":"https:\/\/exlibris.ee\/ru\/wp-json\/wp\/v2\/product_cat?post=47229"},{"taxonomy":"product_tag","embeddable":true,"href":"https:\/\/exlibris.ee\/ru\/wp-json\/wp\/v2\/product_tag?post=47229"},{"taxonomy":"series","embeddable":true,"href":"https:\/\/exlibris.ee\/ru\/wp-json\/wp\/v2\/series?post=47229"},{"taxonomy":"publisher","embeddable":true,"href":"https:\/\/exlibris.ee\/ru\/wp-json\/wp\/v2\/publisher?post=47229"}],"curies":[{"name":"wp","href":"https:\/\/api.w.org\/{rel}","templated":true}]}}