{"id":47238,"date":"2023-05-19T12:24:27","date_gmt":"2023-05-19T09:24:27","guid":{"rendered":"https:\/\/exlibris.ee\/toode\/menschen-im-beruf-bewerbungstraining-kursbuch-mit-audio-cd\/"},"modified":"2026-04-17T15:39:40","modified_gmt":"2026-04-17T12:39:40","slug":"menschen-im-beruf-bewerbungstraining-kursbuch-mit-audio-cd","status":"publish","type":"product","link":"https:\/\/exlibris.ee\/ru\/produkt\/menschen-im-beruf-bewerbungstraining-kursbuch-mit-audio-cd\/","title":{"rendered":"Menschen im Beruf &#8212; Bewerbungstraining  Kursbuch mit Audio-CD"},"content":{"rendered":"<p>\u00fcbt systematisch die sprachlichen Handlungen im Bewerbungsprozess &#8212; pr\u00e4sentiert typische Situationen von der Stellenrecherche bis zum Vorstellungsgespr\u00e4ch und die daf\u00fcr notwendigen sprachlichen Mittel &#8212; trainiert insbesondere Schreibfertigkeit und m\u00fcndlichen Ausdruck &#8212; ideal als kursbegleitendes Material im Unterricht &#8212; durch den integrierten L\u00f6sungsschl\u00fcssel auch f\u00fcr Selbstlernende geeignet.<\/p>\n","protected":false},"excerpt":{"rendered":"<p>\u00fcbt systematisch die sprachlichen Handlungen im Bewerbungsprozess &#8212; pr\u00e4sentiert typische Situationen von der Stellenrecherche bis zum Vorstellungsgespr\u00e4ch und die daf\u00fcr notwendigen sprachlichen Mittel &#8212; trainiert insbesondere Schreibfertigkeit und m\u00fcndlichen Ausdruck &#8212; ideal als kursbegleitendes Material im Unterricht &#8212; durch den&#8230;<\/p>\n","protected":false},"featured_media":56602,"template":"","meta":{"_acf_changed":false,"inline_featured_image":false},"product_brand":[],"product_cat":[885],"product_tag":[],"series":[{"id":1163,"name":"Menschen im Beruf","slug":"menschen-im-beruf"}],"publisher":[{"id":497,"name":"Hueber Verlag","slug":"hueber-verlag"}],"class_list":{"0":"post-47238","1":"product","2":"type-product","3":"status-publish","4":"has-post-thumbnail","6":"product_cat-berufssprache","7":"series-menschen-im-beruf","8":"publisher-hueber-verlag","10":"first","11":"instock","12":"taxable","13":"shipping-taxable","14":"purchasable","15":"product-type-simple"},"acf":[],"_links":{"self":[{"href":"https:\/\/exlibris.ee\/ru\/wp-json\/wp\/v2\/product\/47238","targetHints":{"allow":["GET"]}}],"collection":[{"href":"https:\/\/exlibris.ee\/ru\/wp-json\/wp\/v2\/product"}],"about":[{"href":"https:\/\/exlibris.ee\/ru\/wp-json\/wp\/v2\/types\/product"}],"wp:featuredmedia":[{"embeddable":true,"href":"https:\/\/exlibris.ee\/ru\/wp-json\/wp\/v2\/media\/56602"}],"wp:attachment":[{"href":"https:\/\/exlibris.ee\/ru\/wp-json\/wp\/v2\/media?parent=47238"}],"wp:term":[{"taxonomy":"product_brand","embeddable":true,"href":"https:\/\/exlibris.ee\/ru\/wp-json\/wp\/v2\/product_brand?post=47238"},{"taxonomy":"product_cat","embeddable":true,"href":"https:\/\/exlibris.ee\/ru\/wp-json\/wp\/v2\/product_cat?post=47238"},{"taxonomy":"product_tag","embeddable":true,"href":"https:\/\/exlibris.ee\/ru\/wp-json\/wp\/v2\/product_tag?post=47238"},{"taxonomy":"series","embeddable":true,"href":"https:\/\/exlibris.ee\/ru\/wp-json\/wp\/v2\/series?post=47238"},{"taxonomy":"publisher","embeddable":true,"href":"https:\/\/exlibris.ee\/ru\/wp-json\/wp\/v2\/publisher?post=47238"}],"curies":[{"name":"wp","href":"https:\/\/api.w.org\/{rel}","templated":true}]}}