{"id":47243,"date":"2023-05-19T12:24:28","date_gmt":"2023-05-19T09:24:28","guid":{"rendered":"https:\/\/exlibris.ee\/toode\/im-beruf-arbeitsbuch\/"},"modified":"2026-04-18T15:39:15","modified_gmt":"2026-04-18T12:39:15","slug":"im-beruf-arbeitsbuch","status":"publish","type":"product","link":"https:\/\/exlibris.ee\/ru\/produkt\/im-beruf-arbeitsbuch\/","title":{"rendered":"Im Beruf  Arbeitsbuch"},"content":{"rendered":"<p>Niveau B1 plus bis B2- umfangreiches \u00dcbungsmaterial-Vertiefen und \u00dcben von Grammatik, Wortschatz und Redemitteln- Training aller Fertigkeiten-Doppelseite mit \u00dcbersicht \u00fcber den Lernwortschatz der Lektion.<\/p>\n","protected":false},"excerpt":{"rendered":"<p>Niveau B1 plus bis B2- umfangreiches \u00dcbungsmaterial-Vertiefen und \u00dcben von Grammatik, Wortschatz und Redemitteln- Training aller Fertigkeiten-Doppelseite mit \u00dcbersicht \u00fcber den Lernwortschatz der Lektion.<\/p>\n","protected":false},"featured_media":338065,"template":"","meta":{"_acf_changed":false,"inline_featured_image":false},"product_brand":[],"product_cat":[897],"product_tag":[],"series":[{"id":1162,"name":"Im Beruf","slug":"im-beruf"}],"publisher":[{"id":497,"name":"Hueber Verlag","slug":"hueber-verlag"}],"class_list":{"0":"post-47243","1":"product","2":"type-product","3":"status-publish","4":"has-post-thumbnail","6":"product_cat-keeleope-leiunurk","7":"series-im-beruf","8":"publisher-hueber-verlag","10":"first","11":"instock","12":"taxable","13":"shipping-taxable","14":"purchasable","15":"product-type-simple"},"acf":[],"_links":{"self":[{"href":"https:\/\/exlibris.ee\/ru\/wp-json\/wp\/v2\/product\/47243","targetHints":{"allow":["GET"]}}],"collection":[{"href":"https:\/\/exlibris.ee\/ru\/wp-json\/wp\/v2\/product"}],"about":[{"href":"https:\/\/exlibris.ee\/ru\/wp-json\/wp\/v2\/types\/product"}],"wp:featuredmedia":[{"embeddable":true,"href":"https:\/\/exlibris.ee\/ru\/wp-json\/wp\/v2\/media\/338065"}],"wp:attachment":[{"href":"https:\/\/exlibris.ee\/ru\/wp-json\/wp\/v2\/media?parent=47243"}],"wp:term":[{"taxonomy":"product_brand","embeddable":true,"href":"https:\/\/exlibris.ee\/ru\/wp-json\/wp\/v2\/product_brand?post=47243"},{"taxonomy":"product_cat","embeddable":true,"href":"https:\/\/exlibris.ee\/ru\/wp-json\/wp\/v2\/product_cat?post=47243"},{"taxonomy":"product_tag","embeddable":true,"href":"https:\/\/exlibris.ee\/ru\/wp-json\/wp\/v2\/product_tag?post=47243"},{"taxonomy":"series","embeddable":true,"href":"https:\/\/exlibris.ee\/ru\/wp-json\/wp\/v2\/series?post=47243"},{"taxonomy":"publisher","embeddable":true,"href":"https:\/\/exlibris.ee\/ru\/wp-json\/wp\/v2\/publisher?post=47243"}],"curies":[{"name":"wp","href":"https:\/\/api.w.org\/{rel}","templated":true}]}}