{"id":47245,"date":"2023-05-19T12:24:28","date_gmt":"2023-05-19T09:24:28","guid":{"rendered":"https:\/\/exlibris.ee\/toode\/fortbildung-fur-kursleitende-deutsch-als-zweitsprache-band-4-zielgruppenorientiertes-arbeiten-lernen-lernen-konfliktmanagement-alphabetisierung-berufsorientie\/"},"modified":"2026-04-15T13:37:34","modified_gmt":"2026-04-15T10:37:34","slug":"fortbildung-fur-kursleitende-deutsch-als-zweitsprache-band-4-zielgruppenorientiertes-arbeiten-lernen-lernen-konfliktmanagement-alphabetisierung-berufsorientie","status":"publish","type":"product","link":"https:\/\/exlibris.ee\/ru\/produkt\/fortbildung-fur-kursleitende-deutsch-als-zweitsprache-band-4-zielgruppenorientiertes-arbeiten-lernen-lernen-konfliktmanagement-alphabetisierung-berufsorientie\/","title":{"rendered":"Fortbildung f\u00fcr Kursleitende Deutsch als Zweitsprache 4"},"content":{"rendered":"<p>Eine vierb\u00e4ndige Sammlung von Fortbildungsmaterialien f\u00fcr Integrationskursleitende. Die Fortbildungsmaterialien orientieren sich an den Lernzielen und -inhalten der \u201eKonzeption f\u00fcr die Qualifizierung von Lehrkr\u00e4ften im Bereich Deutsch als Zweitsprache\u201c des Bundesamts f\u00fcr Migration und Fl\u00fcchtlinge. Kursleiter finden in diesen anwendungsorientierten Fortbildungsb\u00e4nden Hintergrundinformationen zu praktisch allen f\u00fcr ihre Arbeit relevanten Fragen. Die Reihe bietet aber auch eine Vielzahl von Ideen, Tipps f\u00fcr spezielle Unterrichtssituationen, Hinweise auf Lehrwerke und Materialien (auch im Internet) sowie Vorschl\u00e4ge f\u00fcr Aktivit\u00e4ten, die sofort und ohne gro\u00dfen Aufwand im allt\u00e4glichen Unterricht umgesetzt werden k\u00f6nnen. Band 4 bietet Grundlagen zu zielgruppenorientiertem Arbeiten: Lernen lernen, Unterrichtsbeobachtung, Kursteilnehmerberatung, Konfliktmanagement, Neue Medien, Alphabetisierung, Berufsorientierung und fossilierte Fehler.<\/p>\n","protected":false},"excerpt":{"rendered":"<p>Eine vierb\u00e4ndige Sammlung von Fortbildungsmaterialien f\u00fcr Integrationskursleitende. Die Fortbildungsmaterialien orientieren sich an den Lernzielen und -inhalten der \u201eKonzeption f\u00fcr die Qualifizierung von Lehrkr\u00e4ften im Bereich Deutsch als Zweitsprache\u201c des Bundesamts f\u00fcr Migration und Fl\u00fcchtlinge. Kursleiter finden in diesen anwendungsorientierten Fortbildungsb\u00e4nden&#8230;<\/p>\n","protected":false},"featured_media":56659,"template":"","meta":{"_acf_changed":false,"inline_featured_image":false},"product_brand":[],"product_cat":[1121],"product_tag":[],"series":[{"id":1165,"name":"Fortbildung f\u00fcr Kursleitende Deutsch","slug":"fortbildung-fur-kursleitende-deutsch"}],"publisher":[{"id":497,"name":"Hueber Verlag","slug":"hueber-verlag"}],"class_list":{"0":"post-47245","1":"product","2":"type-product","3":"status-publish","4":"has-post-thumbnail","6":"product_cat-lehrwerke-fur-jugendliche-und-erwachsene","7":"series-fortbildung-fur-kursleitende-deutsch","8":"publisher-hueber-verlag","10":"first","11":"instock","12":"taxable","13":"shipping-taxable","14":"purchasable","15":"product-type-simple"},"acf":[],"_links":{"self":[{"href":"https:\/\/exlibris.ee\/ru\/wp-json\/wp\/v2\/product\/47245","targetHints":{"allow":["GET"]}}],"collection":[{"href":"https:\/\/exlibris.ee\/ru\/wp-json\/wp\/v2\/product"}],"about":[{"href":"https:\/\/exlibris.ee\/ru\/wp-json\/wp\/v2\/types\/product"}],"wp:featuredmedia":[{"embeddable":true,"href":"https:\/\/exlibris.ee\/ru\/wp-json\/wp\/v2\/media\/56659"}],"wp:attachment":[{"href":"https:\/\/exlibris.ee\/ru\/wp-json\/wp\/v2\/media?parent=47245"}],"wp:term":[{"taxonomy":"product_brand","embeddable":true,"href":"https:\/\/exlibris.ee\/ru\/wp-json\/wp\/v2\/product_brand?post=47245"},{"taxonomy":"product_cat","embeddable":true,"href":"https:\/\/exlibris.ee\/ru\/wp-json\/wp\/v2\/product_cat?post=47245"},{"taxonomy":"product_tag","embeddable":true,"href":"https:\/\/exlibris.ee\/ru\/wp-json\/wp\/v2\/product_tag?post=47245"},{"taxonomy":"series","embeddable":true,"href":"https:\/\/exlibris.ee\/ru\/wp-json\/wp\/v2\/series?post=47245"},{"taxonomy":"publisher","embeddable":true,"href":"https:\/\/exlibris.ee\/ru\/wp-json\/wp\/v2\/publisher?post=47245"}],"curies":[{"name":"wp","href":"https:\/\/api.w.org\/{rel}","templated":true}]}}