{"id":47256,"date":"2023-05-19T12:24:31","date_gmt":"2023-05-19T09:24:31","guid":{"rendered":"https:\/\/exlibris.ee\/toode\/menschen-a1-intensivtrainer-interaktive-version\/"},"modified":"2026-04-06T09:13:20","modified_gmt":"2026-04-06T06:13:20","slug":"menschen-a1-intensivtrainer-interaktive-version","status":"publish","type":"product","link":"https:\/\/exlibris.ee\/ru\/produkt\/menschen-a1-intensivtrainer-interaktive-version\/","title":{"rendered":"Menschen A1  Intensivtrainer &#8212; interaktive Version"},"content":{"rendered":"<p>Interaktive Version mit integrierten Audiodateien Der Intensivtrainer erm\u00f6glicht das selbstst\u00e4ndige \u00dcben und Wiederholen des Lernstoffs. Passend zu jeder Kursbuchlektion gibt es auf drei Seiten \u00dcbungen zu Grammatik, Wortschatz und Redemittel und am Lektionsende wird abwechselnd jeweils eine der Fertigkeiten H\u00f6ren, Lesen und Schreiben trainiert. Nach jedem Modul bieten Lese- oder H\u00f6rtexte landeskundliche Informationen und Aufgaben zum Alltag.<\/p>\n","protected":false},"excerpt":{"rendered":"<p>Interaktive Version mit integrierten Audiodateien Der Intensivtrainer erm\u00f6glicht das selbstst\u00e4ndige \u00dcben und Wiederholen des Lernstoffs. Passend zu jeder Kursbuchlektion gibt es auf drei Seiten \u00dcbungen zu Grammatik, Wortschatz und Redemittel und am Lektionsende wird abwechselnd jeweils eine der Fertigkeiten H\u00f6ren,&#8230;<\/p>\n","protected":false},"featured_media":56743,"template":"","meta":{"_acf_changed":false,"inline_featured_image":false},"product_brand":[],"product_cat":[1121],"product_tag":[],"series":[{"id":554,"name":"Menschen A1","slug":"menschen-a1"}],"publisher":[{"id":497,"name":"Hueber Verlag","slug":"hueber-verlag"}],"class_list":{"0":"post-47256","1":"product","2":"type-product","3":"status-publish","4":"has-post-thumbnail","6":"product_cat-lehrwerke-fur-jugendliche-und-erwachsene","7":"series-menschen-a1","8":"publisher-hueber-verlag","10":"first","11":"onbackorder","12":"taxable","13":"shipping-taxable","14":"purchasable","15":"product-type-simple"},"acf":[],"_links":{"self":[{"href":"https:\/\/exlibris.ee\/ru\/wp-json\/wp\/v2\/product\/47256","targetHints":{"allow":["GET"]}}],"collection":[{"href":"https:\/\/exlibris.ee\/ru\/wp-json\/wp\/v2\/product"}],"about":[{"href":"https:\/\/exlibris.ee\/ru\/wp-json\/wp\/v2\/types\/product"}],"wp:featuredmedia":[{"embeddable":true,"href":"https:\/\/exlibris.ee\/ru\/wp-json\/wp\/v2\/media\/56743"}],"wp:attachment":[{"href":"https:\/\/exlibris.ee\/ru\/wp-json\/wp\/v2\/media?parent=47256"}],"wp:term":[{"taxonomy":"product_brand","embeddable":true,"href":"https:\/\/exlibris.ee\/ru\/wp-json\/wp\/v2\/product_brand?post=47256"},{"taxonomy":"product_cat","embeddable":true,"href":"https:\/\/exlibris.ee\/ru\/wp-json\/wp\/v2\/product_cat?post=47256"},{"taxonomy":"product_tag","embeddable":true,"href":"https:\/\/exlibris.ee\/ru\/wp-json\/wp\/v2\/product_tag?post=47256"},{"taxonomy":"series","embeddable":true,"href":"https:\/\/exlibris.ee\/ru\/wp-json\/wp\/v2\/series?post=47256"},{"taxonomy":"publisher","embeddable":true,"href":"https:\/\/exlibris.ee\/ru\/wp-json\/wp\/v2\/publisher?post=47256"}],"curies":[{"name":"wp","href":"https:\/\/api.w.org\/{rel}","templated":true}]}}