{"id":47266,"date":"2023-05-19T12:24:33","date_gmt":"2023-05-19T09:24:33","guid":{"rendered":"https:\/\/exlibris.ee\/toode\/leo-sprachkurs-plus-deutsch-englische-ausgabe-teil-2-online-kurs\/"},"modified":"2026-04-18T15:39:22","modified_gmt":"2026-04-18T12:39:22","slug":"leo-sprachkurs-plus-deutsch-englische-ausgabe-teil-2-online-kurs","status":"publish","type":"product","link":"https:\/\/exlibris.ee\/ru\/produkt\/leo-sprachkurs-plus-deutsch-englische-ausgabe-teil-2-online-kurs\/","title":{"rendered":"LEO \u2013 Sprachkurs Plus Deutsch, Englische Ausgabe (Teil 2)  Online-Kurs"},"content":{"rendered":"<p>Mit LEO \u2013 Sprachkurs Plus Deutsch (Teil 2) steht Ihnen der Sprachkurs Plus Deutsch f\u00fcr die Ausgangssprache Englisch als Online-Sprachkurs auf dem beliebten LEO-W\u00f6rterbuchportal zur Verf\u00fcgung. Sie k\u00f6nnen unterhaltsam Ihre Deutschkenntnisse aufbauen. Der LEO \u2013 Sprachkurs Plus Deutsch (Teil 2) wurde nach den neuesten Erkenntnissen der Neurodidaktik entwickelt. Der Selbstlernkurs ist optimal, um sich die grundlegenden Sprachstrukturen und einen Grundwortschatz anzueignen. Zudem gibt es eine Vielzahl an Insiderinformationen zu Land, Leuten und Alltagsleben. Der Kurs besteht aus 8 Online-Lektionen mit zahlreichen interaktiven \u00dcbungen und einem Abschluss-Test. Die Dialoge werden von Muttersprachlern gesprochen. Per Mausklick kann man Textpassagen erneut anh\u00f6ren oder sich die \u00dcbersetzung anzeigen lassen. Wer sich mit anderen Nutzern austauschen m\u00f6chte, dem steht das Kursforum jederzeit zur Verf\u00fcgung. Auf der LEO Website k\u00f6nnen Sie die ersten zwei Lektionen kostenlos testen.<\/p>\n","protected":false},"excerpt":{"rendered":"<p>Mit LEO \u2013 Sprachkurs Plus Deutsch (Teil 2) steht Ihnen der Sprachkurs Plus Deutsch f\u00fcr die Ausgangssprache Englisch als Online-Sprachkurs auf dem beliebten LEO-W\u00f6rterbuchportal zur Verf\u00fcgung. Sie k\u00f6nnen unterhaltsam Ihre Deutschkenntnisse aufbauen. Der LEO \u2013 Sprachkurs Plus Deutsch (Teil 2)&#8230;<\/p>\n","protected":false},"featured_media":338117,"template":"","meta":{"_acf_changed":false,"inline_featured_image":false},"product_brand":[],"product_cat":[538],"product_tag":[],"series":[],"publisher":[{"id":497,"name":"Hueber Verlag","slug":"hueber-verlag"}],"class_list":{"0":"post-47266","1":"product","2":"type-product","3":"status-publish","4":"has-post-thumbnail","6":"product_cat-lehrwerke-fur-erwachsene","7":"publisher-hueber-verlag","9":"first","10":"onbackorder","11":"taxable","12":"shipping-taxable","13":"purchasable","14":"product-type-simple"},"acf":[],"_links":{"self":[{"href":"https:\/\/exlibris.ee\/ru\/wp-json\/wp\/v2\/product\/47266","targetHints":{"allow":["GET"]}}],"collection":[{"href":"https:\/\/exlibris.ee\/ru\/wp-json\/wp\/v2\/product"}],"about":[{"href":"https:\/\/exlibris.ee\/ru\/wp-json\/wp\/v2\/types\/product"}],"wp:featuredmedia":[{"embeddable":true,"href":"https:\/\/exlibris.ee\/ru\/wp-json\/wp\/v2\/media\/338117"}],"wp:attachment":[{"href":"https:\/\/exlibris.ee\/ru\/wp-json\/wp\/v2\/media?parent=47266"}],"wp:term":[{"taxonomy":"product_brand","embeddable":true,"href":"https:\/\/exlibris.ee\/ru\/wp-json\/wp\/v2\/product_brand?post=47266"},{"taxonomy":"product_cat","embeddable":true,"href":"https:\/\/exlibris.ee\/ru\/wp-json\/wp\/v2\/product_cat?post=47266"},{"taxonomy":"product_tag","embeddable":true,"href":"https:\/\/exlibris.ee\/ru\/wp-json\/wp\/v2\/product_tag?post=47266"},{"taxonomy":"series","embeddable":true,"href":"https:\/\/exlibris.ee\/ru\/wp-json\/wp\/v2\/series?post=47266"},{"taxonomy":"publisher","embeddable":true,"href":"https:\/\/exlibris.ee\/ru\/wp-json\/wp\/v2\/publisher?post=47266"}],"curies":[{"name":"wp","href":"https:\/\/api.w.org\/{rel}","templated":true}]}}