{"id":47267,"date":"2023-05-19T12:24:33","date_gmt":"2023-05-19T09:24:33","guid":{"rendered":"https:\/\/exlibris.ee\/toode\/leitfaden-fur-sprachkursleiter-erganzte-und-uberarbeitete-auflage\/"},"modified":"2026-04-04T03:20:01","modified_gmt":"2026-04-04T00:20:01","slug":"leitfaden-fur-sprachkursleiter-erganzte-und-uberarbeitete-auflage","status":"publish","type":"product","link":"https:\/\/exlibris.ee\/ru\/produkt\/leitfaden-fur-sprachkursleiter-erganzte-und-uberarbeitete-auflage\/","title":{"rendered":"Leitfaden f\u00fcr Sprachkursleiter  Erg\u00e4nzte und \u00fcberarbeitete Auflage"},"content":{"rendered":"<p>Wenn Sie einen Sprachkurs an einer Volkshochschule \u00fcbernehmen, ergaben sich viele Fragen: Wie l\u00e4sst sich der Unterricht mit Anf\u00e4ngern effizient strukturieren und abwechslungsreich gestalten? Wie kann man die Teilnehmer motivieren? Welche Lernstrategien eignen sich f\u00fcr heterogene Lerngruppen? Solche und \u00e4hnliche Fragen hat sich jeder Kursleiter bereits gestellt. Der Leitfaden f\u00fcr Sprachkursleiter m\u00f6chte bei der Beantwortung dieser und weiterer Fragen gern behilflich sein. Entwickelt wurde der Leitfaden f\u00fcr Sprachkursleiter von einer Gruppe erfahrener Fachbereichsleiter am Niederrhein. Er eignet sich auch als Begleitmaterial f\u00fcr Einf\u00fchrungsseminare, die sich an neue Sprachkursleiter richten. Ber\u00fccksichtigt wurden die neuesten Entwicklungen der Fremdsprachendidaktik und -methodik. Zahlreiche praxyisbezogene Hinweise und Tipps geben Anregungen f\u00fcr einen erwachsenengerechten, lebendigen und kommunikativen Sprachunterricht. Der Anhang enth\u00e4lt ein Formular f\u00fcr die Unterrichtsplanung, einen Fragebogen als Kopiervorlage f\u00fcr die Kursteilnehmer zur Auswertung des Unterrichts, Tipps f\u00fcr Sprachkursteilnehmer und ein Raster zur Selbstbeurteilung gem\u00e4\u00df dem Gemeinsamen Europ\u00e4ischen Referenzrahmen.<\/p>\n","protected":false},"excerpt":{"rendered":"<p>Wenn Sie einen Sprachkurs an einer Volkshochschule \u00fcbernehmen, ergaben sich viele Fragen: Wie l\u00e4sst sich der Unterricht mit Anf\u00e4ngern effizient strukturieren und abwechslungsreich gestalten? Wie kann man die Teilnehmer motivieren? Welche Lernstrategien eignen sich f\u00fcr heterogene Lerngruppen? Solche und \u00e4hnliche&#8230;<\/p>\n","protected":false},"featured_media":56824,"template":"","meta":{"_acf_changed":false,"inline_featured_image":false},"product_brand":[],"product_cat":[538],"product_tag":[],"series":[],"publisher":[{"id":497,"name":"Hueber Verlag","slug":"hueber-verlag"}],"class_list":{"0":"post-47267","1":"product","2":"type-product","3":"status-publish","4":"has-post-thumbnail","6":"product_cat-lehrwerke-fur-erwachsene","7":"publisher-hueber-verlag","9":"first","10":"instock","11":"taxable","12":"shipping-taxable","13":"purchasable","14":"product-type-simple"},"acf":[],"_links":{"self":[{"href":"https:\/\/exlibris.ee\/ru\/wp-json\/wp\/v2\/product\/47267","targetHints":{"allow":["GET"]}}],"collection":[{"href":"https:\/\/exlibris.ee\/ru\/wp-json\/wp\/v2\/product"}],"about":[{"href":"https:\/\/exlibris.ee\/ru\/wp-json\/wp\/v2\/types\/product"}],"wp:featuredmedia":[{"embeddable":true,"href":"https:\/\/exlibris.ee\/ru\/wp-json\/wp\/v2\/media\/56824"}],"wp:attachment":[{"href":"https:\/\/exlibris.ee\/ru\/wp-json\/wp\/v2\/media?parent=47267"}],"wp:term":[{"taxonomy":"product_brand","embeddable":true,"href":"https:\/\/exlibris.ee\/ru\/wp-json\/wp\/v2\/product_brand?post=47267"},{"taxonomy":"product_cat","embeddable":true,"href":"https:\/\/exlibris.ee\/ru\/wp-json\/wp\/v2\/product_cat?post=47267"},{"taxonomy":"product_tag","embeddable":true,"href":"https:\/\/exlibris.ee\/ru\/wp-json\/wp\/v2\/product_tag?post=47267"},{"taxonomy":"series","embeddable":true,"href":"https:\/\/exlibris.ee\/ru\/wp-json\/wp\/v2\/series?post=47267"},{"taxonomy":"publisher","embeddable":true,"href":"https:\/\/exlibris.ee\/ru\/wp-json\/wp\/v2\/publisher?post=47267"}],"curies":[{"name":"wp","href":"https:\/\/api.w.org\/{rel}","templated":true}]}}