{"id":47270,"date":"2023-05-19T12:24:33","date_gmt":"2023-05-19T09:24:33","guid":{"rendered":"https:\/\/exlibris.ee\/toode\/mit-uns-b2-deutsch-fur-jugendliche-digitales-videopaket\/"},"modified":"2026-04-22T09:57:40","modified_gmt":"2026-04-22T06:57:40","slug":"mit-uns-b2-deutsch-fur-jugendliche-digitales-videopaket","status":"publish","type":"product","link":"https:\/\/exlibris.ee\/ru\/produkt\/mit-uns-b2-deutsch-fur-jugendliche-digitales-videopaket\/","title":{"rendered":"Mit uns B2  Deutsch f\u00fcr Jugendliche \/ Digitales Videopaket"},"content":{"rendered":"<p>Das digitale Videopaket zu Mit uns B2 enth\u00e4lt sechs kurze landeskundliche Filme (\u00e0 vier bis f\u00fcnf Minuten), die thematisch auf 6 der 12 Lektionen von Mit uns B2 abgestimmt sind. Im Videopaket gibt es dazu PDF-Arbeitsbl\u00e4tter (3 Seiten pro Video), Hinweise f\u00fcr Lehrende sowie die Transkriptionen. Sie k\u00f6nnen auf alles \u00fcber die Medienplattform Hueber interaktiv zugreifen.<\/p>\n","protected":false},"excerpt":{"rendered":"<p>Das digitale Videopaket zu Mit uns B2 enth\u00e4lt sechs kurze landeskundliche Filme (\u00e0 vier bis f\u00fcnf Minuten), die thematisch auf 6 der 12 Lektionen von Mit uns B2 abgestimmt sind. Im Videopaket gibt es dazu PDF-Arbeitsbl\u00e4tter (3 Seiten pro Video),&#8230;<\/p>\n","protected":false},"featured_media":56857,"template":"","meta":{"_acf_changed":false,"inline_featured_image":false},"product_brand":[],"product_cat":[477],"product_tag":[],"series":[{"id":1117,"name":"Mit uns","slug":"mit-uns"}],"publisher":[{"id":497,"name":"Hueber Verlag","slug":"hueber-verlag"}],"class_list":{"0":"post-47270","1":"product","2":"type-product","3":"status-publish","4":"has-post-thumbnail","6":"product_cat-lehrwerke-fur-jugendliche","7":"series-mit-uns","8":"publisher-hueber-verlag","10":"first","11":"onbackorder","12":"taxable","13":"shipping-taxable","14":"purchasable","15":"product-type-simple"},"acf":[],"_links":{"self":[{"href":"https:\/\/exlibris.ee\/ru\/wp-json\/wp\/v2\/product\/47270","targetHints":{"allow":["GET"]}}],"collection":[{"href":"https:\/\/exlibris.ee\/ru\/wp-json\/wp\/v2\/product"}],"about":[{"href":"https:\/\/exlibris.ee\/ru\/wp-json\/wp\/v2\/types\/product"}],"wp:featuredmedia":[{"embeddable":true,"href":"https:\/\/exlibris.ee\/ru\/wp-json\/wp\/v2\/media\/56857"}],"wp:attachment":[{"href":"https:\/\/exlibris.ee\/ru\/wp-json\/wp\/v2\/media?parent=47270"}],"wp:term":[{"taxonomy":"product_brand","embeddable":true,"href":"https:\/\/exlibris.ee\/ru\/wp-json\/wp\/v2\/product_brand?post=47270"},{"taxonomy":"product_cat","embeddable":true,"href":"https:\/\/exlibris.ee\/ru\/wp-json\/wp\/v2\/product_cat?post=47270"},{"taxonomy":"product_tag","embeddable":true,"href":"https:\/\/exlibris.ee\/ru\/wp-json\/wp\/v2\/product_tag?post=47270"},{"taxonomy":"series","embeddable":true,"href":"https:\/\/exlibris.ee\/ru\/wp-json\/wp\/v2\/series?post=47270"},{"taxonomy":"publisher","embeddable":true,"href":"https:\/\/exlibris.ee\/ru\/wp-json\/wp\/v2\/publisher?post=47270"}],"curies":[{"name":"wp","href":"https:\/\/api.w.org\/{rel}","templated":true}]}}