{"id":47274,"date":"2023-05-19T12:24:35","date_gmt":"2023-05-19T09:24:35","guid":{"rendered":"https:\/\/exlibris.ee\/toode\/fit-furs-zertifikat-b1-deutschprufung-fur-erwachsene-lehrbuch-mit-zwei-integrierten-audio-cds\/"},"modified":"2026-04-03T09:18:59","modified_gmt":"2026-04-03T06:18:59","slug":"fit-furs-zertifikat-b1-deutschprufung-fur-erwachsene-lehrbuch-mit-zwei-integrierten-audio-cds","status":"publish","type":"product","link":"https:\/\/exlibris.ee\/ru\/produkt\/fit-furs-zertifikat-b1-deutschprufung-fur-erwachsene-lehrbuch-mit-zwei-integrierten-audio-cds\/","title":{"rendered":"Fit f\u00fcrs Zertifikat B1, Deutschpr\u00fcfung f\u00fcr Erwachsene  Lehrbuch mit zwei integrierten Audio-CDs"},"content":{"rendered":"<p>Der Trainingsband macht mit den Inhalten und dem Format der neuen Pr\u00fcfung Zertifikat B1 vertraut, erkl\u00e4rt, worauf es in der Pr\u00fcfung ankommt, und gibt authentisches \u00dcbungsmaterial an die Hand. Die Lernenden werden Schritt f\u00fcr Schritt in allen Fertigkeiten auf die Pr\u00fcfungsaufgaben vorbereitet: &#8212; Training der Pr\u00fcfungsmodule Lesen, H\u00f6ren, Schreiben und Sprechen &#8212; abschlie\u00dfende Pr\u00fcfungssimulation zu jedem Modul &#8212; Tipps zu jeder Pr\u00fcfungsaufgabe &#8212; inklusive 2 Audio-CDs mit allen H\u00f6rtexten &#8212; mit Transkriptionen und integriertem L\u00f6sungsschl\u00fcssel &#8212; geeignet f\u00fcr den Einsatz im Unterricht oder zum Selbststudium zu Hause.<\/p>\n","protected":false},"excerpt":{"rendered":"<p>Der Trainingsband macht mit den Inhalten und dem Format der neuen Pr\u00fcfung Zertifikat B1 vertraut, erkl\u00e4rt, worauf es in der Pr\u00fcfung ankommt, und gibt authentisches \u00dcbungsmaterial an die Hand. Die Lernenden werden Schritt f\u00fcr Schritt in allen Fertigkeiten auf die&#8230;<\/p>\n","protected":false},"featured_media":56887,"template":"","meta":{"_acf_changed":false,"inline_featured_image":false},"product_brand":[],"product_cat":[507],"product_tag":[],"series":[{"id":1173,"name":"Fit f\u00fcrs Zertifikat B2","slug":"fit-furs-zertifikat-b2"}],"publisher":[{"id":497,"name":"Hueber Verlag","slug":"hueber-verlag"}],"class_list":{"0":"post-47274","1":"product","2":"type-product","3":"status-publish","4":"has-post-thumbnail","6":"product_cat-prufungsvorbereitung","7":"series-fit-furs-zertifikat-b2","8":"publisher-hueber-verlag","10":"first","11":"instock","12":"taxable","13":"shipping-taxable","14":"purchasable","15":"product-type-simple"},"acf":[],"_links":{"self":[{"href":"https:\/\/exlibris.ee\/ru\/wp-json\/wp\/v2\/product\/47274","targetHints":{"allow":["GET"]}}],"collection":[{"href":"https:\/\/exlibris.ee\/ru\/wp-json\/wp\/v2\/product"}],"about":[{"href":"https:\/\/exlibris.ee\/ru\/wp-json\/wp\/v2\/types\/product"}],"wp:featuredmedia":[{"embeddable":true,"href":"https:\/\/exlibris.ee\/ru\/wp-json\/wp\/v2\/media\/56887"}],"wp:attachment":[{"href":"https:\/\/exlibris.ee\/ru\/wp-json\/wp\/v2\/media?parent=47274"}],"wp:term":[{"taxonomy":"product_brand","embeddable":true,"href":"https:\/\/exlibris.ee\/ru\/wp-json\/wp\/v2\/product_brand?post=47274"},{"taxonomy":"product_cat","embeddable":true,"href":"https:\/\/exlibris.ee\/ru\/wp-json\/wp\/v2\/product_cat?post=47274"},{"taxonomy":"product_tag","embeddable":true,"href":"https:\/\/exlibris.ee\/ru\/wp-json\/wp\/v2\/product_tag?post=47274"},{"taxonomy":"series","embeddable":true,"href":"https:\/\/exlibris.ee\/ru\/wp-json\/wp\/v2\/series?post=47274"},{"taxonomy":"publisher","embeddable":true,"href":"https:\/\/exlibris.ee\/ru\/wp-json\/wp\/v2\/publisher?post=47274"}],"curies":[{"name":"wp","href":"https:\/\/api.w.org\/{rel}","templated":true}]}}