{"id":47320,"date":"2023-05-19T12:25:03","date_gmt":"2023-05-19T09:25:03","guid":{"rendered":"https:\/\/exlibris.ee\/toode\/menschen-hier-a1-1-arbeitsbuch-interaktive-version\/"},"modified":"2026-04-03T09:19:30","modified_gmt":"2026-04-03T06:19:30","slug":"menschen-hier-a1-1-arbeitsbuch-interaktive-version","status":"publish","type":"product","link":"https:\/\/exlibris.ee\/ru\/produkt\/menschen-hier-a1-1-arbeitsbuch-interaktive-version\/","title":{"rendered":"Menschen hier A1.1  Arbeitsbuch &#8212; interaktive Version"},"content":{"rendered":"<p>Menschen hier &#8212; das Arbeitsbuch zum Lehrwerk Menschen speziell f\u00fcr Integrationskurse Interaktive Version mit integrierten Audiodateien Das Arbeitsbuch setzt die inhaltlichen Anforderungen des Rahmencurriculums des Bundesamts f\u00fcr Migration und Fl\u00fcchtlinge (BAMF) um und bereitet auf den Deutschtest f\u00fcr Zuwanderer (DTZ) vor. \u2022 zum selbstst\u00e4ndigen Vertiefen von Grammatik, Wortschatz und Redemitteln \u2022 gezieltes Training der vier Fertigkeiten mit systematischem Pr\u00fcfungstraining \u2022 Selbsttests \u2022 Lernwortschatz mit Tipps zum Vokabellernen \u2022 acht zus\u00e4tzliche Modulseiten mit weiteren Aufgaben, die den Stoff des Moduls nochmals aufgreifen und kombiniert \u00fcben \u2022 Die Seiten \u201eIm Alltag\u201c, \u201eIn der Familie\u201c und \u201eIm Beruf\u201cgreifen die Lernziele aus dem Rahmencurriculum auf \u2022 Wiederholungsstation Wortschatz\/Grammatik \u2022 Aussprachetraining \u2022 Selbsteinsch\u00e4tzung \u2022 integrierte Audios zu den Aufgaben im Arbeitsbuch.<\/p>\n","protected":false},"excerpt":{"rendered":"<p>Menschen hier &#8212; das Arbeitsbuch zum Lehrwerk Menschen speziell f\u00fcr Integrationskurse Interaktive Version mit integrierten Audiodateien Das Arbeitsbuch setzt die inhaltlichen Anforderungen des Rahmencurriculums des Bundesamts f\u00fcr Migration und Fl\u00fcchtlinge (BAMF) um und bereitet auf den Deutschtest f\u00fcr Zuwanderer (DTZ)&#8230;<\/p>\n","protected":false},"featured_media":57019,"template":"","meta":{"_acf_changed":false,"inline_featured_image":false},"product_brand":[],"product_cat":[1121],"product_tag":[],"series":[{"id":554,"name":"Menschen A1","slug":"menschen-a1"}],"publisher":[{"id":497,"name":"Hueber Verlag","slug":"hueber-verlag"}],"class_list":{"0":"post-47320","1":"product","2":"type-product","3":"status-publish","4":"has-post-thumbnail","6":"product_cat-lehrwerke-fur-jugendliche-und-erwachsene","7":"series-menschen-a1","8":"publisher-hueber-verlag","10":"first","11":"onbackorder","12":"taxable","13":"shipping-taxable","14":"purchasable","15":"product-type-simple"},"acf":[],"_links":{"self":[{"href":"https:\/\/exlibris.ee\/ru\/wp-json\/wp\/v2\/product\/47320","targetHints":{"allow":["GET"]}}],"collection":[{"href":"https:\/\/exlibris.ee\/ru\/wp-json\/wp\/v2\/product"}],"about":[{"href":"https:\/\/exlibris.ee\/ru\/wp-json\/wp\/v2\/types\/product"}],"wp:featuredmedia":[{"embeddable":true,"href":"https:\/\/exlibris.ee\/ru\/wp-json\/wp\/v2\/media\/57019"}],"wp:attachment":[{"href":"https:\/\/exlibris.ee\/ru\/wp-json\/wp\/v2\/media?parent=47320"}],"wp:term":[{"taxonomy":"product_brand","embeddable":true,"href":"https:\/\/exlibris.ee\/ru\/wp-json\/wp\/v2\/product_brand?post=47320"},{"taxonomy":"product_cat","embeddable":true,"href":"https:\/\/exlibris.ee\/ru\/wp-json\/wp\/v2\/product_cat?post=47320"},{"taxonomy":"product_tag","embeddable":true,"href":"https:\/\/exlibris.ee\/ru\/wp-json\/wp\/v2\/product_tag?post=47320"},{"taxonomy":"series","embeddable":true,"href":"https:\/\/exlibris.ee\/ru\/wp-json\/wp\/v2\/series?post=47320"},{"taxonomy":"publisher","embeddable":true,"href":"https:\/\/exlibris.ee\/ru\/wp-json\/wp\/v2\/publisher?post=47320"}],"curies":[{"name":"wp","href":"https:\/\/api.w.org\/{rel}","templated":true}]}}