{"id":47329,"date":"2023-05-19T12:25:07","date_gmt":"2023-05-19T09:25:07","guid":{"rendered":"https:\/\/exlibris.ee\/toode\/menschen-im-beruf-tourismus-a2-digitale-ausgabe-digitalisiertes-kursbuch-mit-ubungsteil-mit-integrierten-audiodateien\/"},"modified":"2026-04-04T03:21:00","modified_gmt":"2026-04-04T00:21:00","slug":"menschen-im-beruf-tourismus-a2-digitale-ausgabe-digitalisiertes-kursbuch-mit-ubungsteil-mit-integrierten-audiodateien","status":"publish","type":"product","link":"https:\/\/exlibris.ee\/ru\/produkt\/menschen-im-beruf-tourismus-a2-digitale-ausgabe-digitalisiertes-kursbuch-mit-ubungsteil-mit-integrierten-audiodateien\/","title":{"rendered":"Menschen im Beruf &#8212; Tourismus A2 \u2013 Digitale Ausgabe  Digitalisiertes Kursbuch mit \u00dcbungsteil mit integrierten Audiodateien"},"content":{"rendered":"<p>Ankn\u00fcpfend an den ersten Band lernen die Kursteilnehmer in Band A2 sich in verschiedenen Situationen am Urlaubsort wie z.B. im Restaurant, bei Ausfl\u00fcgen oder der Abreise im Hotel sprachlich zu verst\u00e4ndigen. Typische Sprech- und H\u00f6rsituationen werden dabei aus der Perspektive der Angestellten an der Rezeption oder im Restaurant ge\u00fcbt. Parallel einsetzbar zu jedem allgemeinsprachlichen Lehrwerk der Niveaustufe A2 \u2013 wegen der \u00fcbereinstimmenden Progression besonders geeignet als fachsprachliche Erg\u00e4nzung zu dem Lehrwerk Menschen.<\/p>\n","protected":false},"excerpt":{"rendered":"<p>Ankn\u00fcpfend an den ersten Band lernen die Kursteilnehmer in Band A2 sich in verschiedenen Situationen am Urlaubsort wie z.B. im Restaurant, bei Ausfl\u00fcgen oder der Abreise im Hotel sprachlich zu verst\u00e4ndigen. Typische Sprech- und H\u00f6rsituationen werden dabei aus der Perspektive&#8230;<\/p>\n","protected":false},"featured_media":57085,"template":"","meta":{"_acf_changed":false,"inline_featured_image":false},"product_brand":[],"product_cat":[885],"product_tag":[],"series":[{"id":1163,"name":"Menschen im Beruf","slug":"menschen-im-beruf"}],"publisher":[{"id":497,"name":"Hueber Verlag","slug":"hueber-verlag"}],"class_list":{"0":"post-47329","1":"product","2":"type-product","3":"status-publish","4":"has-post-thumbnail","6":"product_cat-berufssprache","7":"series-menschen-im-beruf","8":"publisher-hueber-verlag","10":"first","11":"onbackorder","12":"taxable","13":"shipping-taxable","14":"purchasable","15":"product-type-simple"},"acf":[],"_links":{"self":[{"href":"https:\/\/exlibris.ee\/ru\/wp-json\/wp\/v2\/product\/47329","targetHints":{"allow":["GET"]}}],"collection":[{"href":"https:\/\/exlibris.ee\/ru\/wp-json\/wp\/v2\/product"}],"about":[{"href":"https:\/\/exlibris.ee\/ru\/wp-json\/wp\/v2\/types\/product"}],"wp:featuredmedia":[{"embeddable":true,"href":"https:\/\/exlibris.ee\/ru\/wp-json\/wp\/v2\/media\/57085"}],"wp:attachment":[{"href":"https:\/\/exlibris.ee\/ru\/wp-json\/wp\/v2\/media?parent=47329"}],"wp:term":[{"taxonomy":"product_brand","embeddable":true,"href":"https:\/\/exlibris.ee\/ru\/wp-json\/wp\/v2\/product_brand?post=47329"},{"taxonomy":"product_cat","embeddable":true,"href":"https:\/\/exlibris.ee\/ru\/wp-json\/wp\/v2\/product_cat?post=47329"},{"taxonomy":"product_tag","embeddable":true,"href":"https:\/\/exlibris.ee\/ru\/wp-json\/wp\/v2\/product_tag?post=47329"},{"taxonomy":"series","embeddable":true,"href":"https:\/\/exlibris.ee\/ru\/wp-json\/wp\/v2\/series?post=47329"},{"taxonomy":"publisher","embeddable":true,"href":"https:\/\/exlibris.ee\/ru\/wp-json\/wp\/v2\/publisher?post=47329"}],"curies":[{"name":"wp","href":"https:\/\/api.w.org\/{rel}","templated":true}]}}