{"id":47335,"date":"2023-05-19T12:25:13","date_gmt":"2023-05-19T09:25:13","guid":{"rendered":"https:\/\/exlibris.ee\/toode\/menschen-im-beruf-telefontraining-kursbuch-mit-audios-online\/"},"modified":"2026-04-05T15:33:59","modified_gmt":"2026-04-05T12:33:59","slug":"menschen-im-beruf-telefontraining-kursbuch-mit-audios-online","status":"publish","type":"product","link":"https:\/\/exlibris.ee\/ru\/produkt\/menschen-im-beruf-telefontraining-kursbuch-mit-audios-online\/","title":{"rendered":"Menschen im Beruf &#8212; Telefontraining  Kursbuch mit Audios online"},"content":{"rendered":"<p>Zielgruppe: Lernende ab der Niveaustufe B1, die aus beruflichen Gr\u00fcnden Deutsch lernen und das Telefonieren am Arbeitsplatz systematisch trainieren m\u00f6chten. Die Lektionen beginnen mit der Pr\u00e4sentation von Vokabular und Redemitteln und gehen \u00fcber Informationen zur Telefonsituation zum H\u00f6rverstehen und dann zu den Rollenspielen. Es gibt Erkl\u00e4rungen, \u00dcbungen zu Vokabular und Redemitteln, H\u00f6rverstehensaufgaben, Rollenspiele und Schreibaufgaben.<\/p>\n","protected":false},"excerpt":{"rendered":"<p>Zielgruppe: Lernende ab der Niveaustufe B1, die aus beruflichen Gr\u00fcnden Deutsch lernen und das Telefonieren am Arbeitsplatz systematisch trainieren m\u00f6chten. Die Lektionen beginnen mit der Pr\u00e4sentation von Vokabular und Redemitteln und gehen \u00fcber Informationen zur Telefonsituation zum H\u00f6rverstehen und dann&#8230;<\/p>\n","protected":false},"featured_media":57133,"template":"","meta":{"_acf_changed":false,"inline_featured_image":false},"product_brand":[],"product_cat":[885],"product_tag":[],"series":[{"id":1163,"name":"Menschen im Beruf","slug":"menschen-im-beruf"}],"publisher":[{"id":497,"name":"Hueber Verlag","slug":"hueber-verlag"}],"class_list":{"0":"post-47335","1":"product","2":"type-product","3":"status-publish","4":"has-post-thumbnail","6":"product_cat-berufssprache","7":"series-menschen-im-beruf","8":"publisher-hueber-verlag","10":"first","11":"instock","12":"taxable","13":"shipping-taxable","14":"purchasable","15":"product-type-simple"},"acf":[],"_links":{"self":[{"href":"https:\/\/exlibris.ee\/ru\/wp-json\/wp\/v2\/product\/47335","targetHints":{"allow":["GET"]}}],"collection":[{"href":"https:\/\/exlibris.ee\/ru\/wp-json\/wp\/v2\/product"}],"about":[{"href":"https:\/\/exlibris.ee\/ru\/wp-json\/wp\/v2\/types\/product"}],"wp:featuredmedia":[{"embeddable":true,"href":"https:\/\/exlibris.ee\/ru\/wp-json\/wp\/v2\/media\/57133"}],"wp:attachment":[{"href":"https:\/\/exlibris.ee\/ru\/wp-json\/wp\/v2\/media?parent=47335"}],"wp:term":[{"taxonomy":"product_brand","embeddable":true,"href":"https:\/\/exlibris.ee\/ru\/wp-json\/wp\/v2\/product_brand?post=47335"},{"taxonomy":"product_cat","embeddable":true,"href":"https:\/\/exlibris.ee\/ru\/wp-json\/wp\/v2\/product_cat?post=47335"},{"taxonomy":"product_tag","embeddable":true,"href":"https:\/\/exlibris.ee\/ru\/wp-json\/wp\/v2\/product_tag?post=47335"},{"taxonomy":"series","embeddable":true,"href":"https:\/\/exlibris.ee\/ru\/wp-json\/wp\/v2\/series?post=47335"},{"taxonomy":"publisher","embeddable":true,"href":"https:\/\/exlibris.ee\/ru\/wp-json\/wp\/v2\/publisher?post=47335"}],"curies":[{"name":"wp","href":"https:\/\/api.w.org\/{rel}","templated":true}]}}