{"id":47339,"date":"2023-05-19T12:25:15","date_gmt":"2023-05-19T09:25:15","guid":{"rendered":"https:\/\/exlibris.ee\/toode\/mord-in-der-popakademie-lina-lindberg-ermittelt-wieder-lekture-mit-audios-online\/"},"modified":"2026-04-06T09:13:59","modified_gmt":"2026-04-06T06:13:59","slug":"mord-in-der-popakademie-lina-lindberg-ermittelt-wieder-lekture-mit-audios-online","status":"publish","type":"product","link":"https:\/\/exlibris.ee\/ru\/produkt\/mord-in-der-popakademie-lina-lindberg-ermittelt-wieder-lekture-mit-audios-online\/","title":{"rendered":"Mord in der Popakademie  Lina Lindberg ermittelt wieder \/ Lekt\u00fcre mit Audios online"},"content":{"rendered":"<p>Schock f\u00fcr die Studierenden der weltbekannten Popakademie in Mannheim-Jungbusch: Professor Per Olsson stirbt durch einen Stromschlag, der durch einen nicht geerdeten Mikrofonst\u00e4nder verursacht wurde. War es ein tragischer Unfall oder gar ein geplanter Anschlag? Lina Lindberg und ihr Team von der Kripo Mannheim ermitteln in alle Richtungen \u2026 Zielgruppe: Erwachsene Lernende der Niveaustufe A2 (erste Grundkenntnisse) Geeignet f\u00fcr Selbstlerner oder als Zusatzmaterial im Unterricht (z.B. Integrationskurse) Die Reihe Spannender Lernkrimi bietet spannende Krimis, bei denen das Lernen ganz nebenbei abl\u00e4uft. Die Lekt\u00fcren werden immer erg\u00e4nzt durch einen MP3-Download des kompletten Krimis sowie \u00dcbungen zum H\u00f6r- und Leseverstehen. Vierfarbige Illustrationen unterst\u00fctzen das Leseverstehen. Wortschatzerkl\u00e4rungen in der Fu\u00dfzeile und in Wortfeldern.<\/p>\n","protected":false},"excerpt":{"rendered":"<p>Schock f\u00fcr die Studierenden der weltbekannten Popakademie in Mannheim-Jungbusch: Professor Per Olsson stirbt durch einen Stromschlag, der durch einen nicht geerdeten Mikrofonst\u00e4nder verursacht wurde. War es ein tragischer Unfall oder gar ein geplanter Anschlag? Lina Lindberg und ihr Team von&#8230;<\/p>\n","protected":false},"featured_media":57166,"template":"","meta":{"_acf_changed":false,"inline_featured_image":false},"product_brand":[],"product_cat":[851],"product_tag":[],"series":[{"id":1179,"name":"Mord in der Popakademie","slug":"mord-in-der-popakademie"}],"publisher":[{"id":497,"name":"Hueber Verlag","slug":"hueber-verlag"}],"class_list":{"0":"post-47339","1":"product","2":"type-product","3":"status-publish","4":"has-post-thumbnail","6":"product_cat-lesetexte-deutsch","7":"series-mord-in-der-popakademie","8":"publisher-hueber-verlag","10":"first","11":"onbackorder","12":"taxable","13":"shipping-taxable","14":"purchasable","15":"product-type-simple"},"acf":[],"_links":{"self":[{"href":"https:\/\/exlibris.ee\/ru\/wp-json\/wp\/v2\/product\/47339","targetHints":{"allow":["GET"]}}],"collection":[{"href":"https:\/\/exlibris.ee\/ru\/wp-json\/wp\/v2\/product"}],"about":[{"href":"https:\/\/exlibris.ee\/ru\/wp-json\/wp\/v2\/types\/product"}],"wp:featuredmedia":[{"embeddable":true,"href":"https:\/\/exlibris.ee\/ru\/wp-json\/wp\/v2\/media\/57166"}],"wp:attachment":[{"href":"https:\/\/exlibris.ee\/ru\/wp-json\/wp\/v2\/media?parent=47339"}],"wp:term":[{"taxonomy":"product_brand","embeddable":true,"href":"https:\/\/exlibris.ee\/ru\/wp-json\/wp\/v2\/product_brand?post=47339"},{"taxonomy":"product_cat","embeddable":true,"href":"https:\/\/exlibris.ee\/ru\/wp-json\/wp\/v2\/product_cat?post=47339"},{"taxonomy":"product_tag","embeddable":true,"href":"https:\/\/exlibris.ee\/ru\/wp-json\/wp\/v2\/product_tag?post=47339"},{"taxonomy":"series","embeddable":true,"href":"https:\/\/exlibris.ee\/ru\/wp-json\/wp\/v2\/series?post=47339"},{"taxonomy":"publisher","embeddable":true,"href":"https:\/\/exlibris.ee\/ru\/wp-json\/wp\/v2\/publisher?post=47339"}],"curies":[{"name":"wp","href":"https:\/\/api.w.org\/{rel}","templated":true}]}}