{"id":47340,"date":"2023-05-19T12:25:16","date_gmt":"2023-05-19T09:25:16","guid":{"rendered":"https:\/\/exlibris.ee\/toode\/im-beruf-neu-b2-c1-arbeitsbuch\/"},"modified":"2026-04-18T15:42:59","modified_gmt":"2026-04-18T12:42:59","slug":"im-beruf-neu-b2-c1-arbeitsbuch","status":"publish","type":"product","link":"https:\/\/exlibris.ee\/ru\/produkt\/im-beruf-neu-b2-c1-arbeitsbuch\/","title":{"rendered":"Im Beruf NEU B2+\/C1  Arbeitsbuch"},"content":{"rendered":"<p>Arbeitsbuch B2+\/C1 Printausgabe mit Audios online Berufssprachliches Lehrwerk f\u00fcr Erwachsene und Jugendliche ab 16 Jahren, die aus beruflichen Gr\u00fcnden Sprachkenntnisse auf dem Niveau C1 erwerben m\u00f6chten. Das Arbeitsbuch ist sowohl f\u00fcr die Integration in den Unterricht als auch f\u00fcr die selbstst\u00e4ndige Nachbereitung des Unterrichtsstoffes geeignet. Es ist sehr gut zur Binnendifferenzierung im Unterricht einsetzbar. Es enth\u00e4lt ein umfangreiches Angebot abwechslungsreicher \u00dcbungen zum Vertiefen und \u00dcben von Grammatik, Wortschatz, Fertigkeiten sowie Redemitteln f\u00fcr typische berufliche Situationen. Inklusive einer \u00dcbersicht \u00fcber den Lernwortschatz der Lektion.<\/p>\n","protected":false},"excerpt":{"rendered":"<p>Arbeitsbuch B2+\/C1 Printausgabe mit Audios online Berufssprachliches Lehrwerk f\u00fcr Erwachsene und Jugendliche ab 16 Jahren, die aus beruflichen Gr\u00fcnden Sprachkenntnisse auf dem Niveau C1 erwerben m\u00f6chten. Das Arbeitsbuch ist sowohl f\u00fcr die Integration in den Unterricht als auch f\u00fcr die&#8230;<\/p>\n","protected":false},"featured_media":57190,"template":"","meta":{"_acf_changed":false,"inline_featured_image":false},"product_brand":[],"product_cat":[885],"product_tag":[],"series":[{"id":1172,"name":"Im Beruf NEU","slug":"im-beruf-neu"}],"publisher":[{"id":497,"name":"Hueber Verlag","slug":"hueber-verlag"}],"class_list":{"0":"post-47340","1":"product","2":"type-product","3":"status-publish","4":"has-post-thumbnail","6":"product_cat-berufssprache","7":"series-im-beruf-neu","8":"publisher-hueber-verlag","10":"first","11":"onbackorder","12":"taxable","13":"shipping-taxable","14":"purchasable","15":"product-type-simple"},"acf":[],"_links":{"self":[{"href":"https:\/\/exlibris.ee\/ru\/wp-json\/wp\/v2\/product\/47340","targetHints":{"allow":["GET"]}}],"collection":[{"href":"https:\/\/exlibris.ee\/ru\/wp-json\/wp\/v2\/product"}],"about":[{"href":"https:\/\/exlibris.ee\/ru\/wp-json\/wp\/v2\/types\/product"}],"wp:featuredmedia":[{"embeddable":true,"href":"https:\/\/exlibris.ee\/ru\/wp-json\/wp\/v2\/media\/57190"}],"wp:attachment":[{"href":"https:\/\/exlibris.ee\/ru\/wp-json\/wp\/v2\/media?parent=47340"}],"wp:term":[{"taxonomy":"product_brand","embeddable":true,"href":"https:\/\/exlibris.ee\/ru\/wp-json\/wp\/v2\/product_brand?post=47340"},{"taxonomy":"product_cat","embeddable":true,"href":"https:\/\/exlibris.ee\/ru\/wp-json\/wp\/v2\/product_cat?post=47340"},{"taxonomy":"product_tag","embeddable":true,"href":"https:\/\/exlibris.ee\/ru\/wp-json\/wp\/v2\/product_tag?post=47340"},{"taxonomy":"series","embeddable":true,"href":"https:\/\/exlibris.ee\/ru\/wp-json\/wp\/v2\/series?post=47340"},{"taxonomy":"publisher","embeddable":true,"href":"https:\/\/exlibris.ee\/ru\/wp-json\/wp\/v2\/publisher?post=47340"}],"curies":[{"name":"wp","href":"https:\/\/api.w.org\/{rel}","templated":true}]}}