{"id":47342,"date":"2023-05-19T12:25:17","date_gmt":"2023-05-19T09:25:17","guid":{"rendered":"https:\/\/exlibris.ee\/toode\/menschen-a1-pdf-download-glossar-deutsch-franzosisch-allemand-francais\/"},"modified":"2026-04-03T09:20:21","modified_gmt":"2026-04-03T06:20:21","slug":"menschen-a1-pdf-download-glossar-deutsch-franzosisch-allemand-francais","status":"publish","type":"product","link":"https:\/\/exlibris.ee\/ru\/produkt\/menschen-a1-pdf-download-glossar-deutsch-franzosisch-allemand-francais\/","title":{"rendered":"Menschen A1  PDF-Download Glossar Deutsch-Franz\u00f6sisch \u2013 Allemand-Fran\u00e7ais"},"content":{"rendered":"<p>Das Glossar enth\u00e4lt: &#8212; den gesamten Wortschatz des Kursbuchs &#8212; Beispiels\u00e4tze &#8212; \u00dcbersetzungen der deutschen W\u00f6rter in die jeweilige Sprache.<\/p>\n","protected":false},"excerpt":{"rendered":"<p>Das Glossar enth\u00e4lt: &#8212; den gesamten Wortschatz des Kursbuchs &#8212; Beispiels\u00e4tze &#8212; \u00dcbersetzungen der deutschen W\u00f6rter in die jeweilige Sprache.<\/p>\n","protected":false},"featured_media":57205,"template":"","meta":{"_acf_changed":false,"inline_featured_image":false},"product_brand":[],"product_cat":[1121],"product_tag":[],"series":[{"id":554,"name":"Menschen A1","slug":"menschen-a1"}],"publisher":[{"id":497,"name":"Hueber Verlag","slug":"hueber-verlag"}],"class_list":{"0":"post-47342","1":"product","2":"type-product","3":"status-publish","4":"has-post-thumbnail","6":"product_cat-lehrwerke-fur-jugendliche-und-erwachsene","7":"series-menschen-a1","8":"publisher-hueber-verlag","10":"first","11":"onbackorder","12":"taxable","13":"shipping-taxable","14":"purchasable","15":"product-type-simple"},"acf":[],"_links":{"self":[{"href":"https:\/\/exlibris.ee\/ru\/wp-json\/wp\/v2\/product\/47342","targetHints":{"allow":["GET"]}}],"collection":[{"href":"https:\/\/exlibris.ee\/ru\/wp-json\/wp\/v2\/product"}],"about":[{"href":"https:\/\/exlibris.ee\/ru\/wp-json\/wp\/v2\/types\/product"}],"wp:featuredmedia":[{"embeddable":true,"href":"https:\/\/exlibris.ee\/ru\/wp-json\/wp\/v2\/media\/57205"}],"wp:attachment":[{"href":"https:\/\/exlibris.ee\/ru\/wp-json\/wp\/v2\/media?parent=47342"}],"wp:term":[{"taxonomy":"product_brand","embeddable":true,"href":"https:\/\/exlibris.ee\/ru\/wp-json\/wp\/v2\/product_brand?post=47342"},{"taxonomy":"product_cat","embeddable":true,"href":"https:\/\/exlibris.ee\/ru\/wp-json\/wp\/v2\/product_cat?post=47342"},{"taxonomy":"product_tag","embeddable":true,"href":"https:\/\/exlibris.ee\/ru\/wp-json\/wp\/v2\/product_tag?post=47342"},{"taxonomy":"series","embeddable":true,"href":"https:\/\/exlibris.ee\/ru\/wp-json\/wp\/v2\/series?post=47342"},{"taxonomy":"publisher","embeddable":true,"href":"https:\/\/exlibris.ee\/ru\/wp-json\/wp\/v2\/publisher?post=47342"}],"curies":[{"name":"wp","href":"https:\/\/api.w.org\/{rel}","templated":true}]}}