{"id":47345,"date":"2023-05-19T12:25:18","date_gmt":"2023-05-19T09:25:18","guid":{"rendered":"https:\/\/exlibris.ee\/toode\/planet-deutsch-fur-jugendliche-dvd\/"},"modified":"2026-04-10T23:38:35","modified_gmt":"2026-04-10T20:38:35","slug":"planet-deutsch-fur-jugendliche-dvd","status":"publish","type":"product","link":"https:\/\/exlibris.ee\/ru\/produkt\/planet-deutsch-fur-jugendliche-dvd\/","title":{"rendered":"Planet  Deutsch f\u00fcr Jugendliche \/ DVD"},"content":{"rendered":"<p>Zu den Themen Hobbys, Schule, Wohnen, Einkaufen, Sport, Mein Tag vermittelt die DVD nicht nur landeskundliche Informationen, sondern sie zeigt in lockeren, am\u00fcsanten Spielszenen Situationen aus dem allt\u00e4glichen Leben von Jugendlichen. So kommt auf unterhaltsame Weise ein St\u00fcck Lebenswirklichkeit in den Unterricht. Die Spielszenen k\u00f6nnen einzeln angesteuert und in beliebiger Reihenfolge eingesetzt werden. Die DVD unterst\u00fctzt den Unterricht mit Planet, ist f\u00fcr die Durchf\u00fchrung des Kurses aber nicht verpflichtend. Im Lehrwerkservice gibt es abwechslungsreiche \u00dcbungen, Didaktisierungsvorschl\u00e4ge sowie die Transkriptionen zu jeder Szene zum kostenlosen Download.<\/p>\n","protected":false},"excerpt":{"rendered":"<p>Zu den Themen Hobbys, Schule, Wohnen, Einkaufen, Sport, Mein Tag vermittelt die DVD nicht nur landeskundliche Informationen, sondern sie zeigt in lockeren, am\u00fcsanten Spielszenen Situationen aus dem allt\u00e4glichen Leben von Jugendlichen. So kommt auf unterhaltsame Weise ein St\u00fcck Lebenswirklichkeit in&#8230;<\/p>\n","protected":false},"featured_media":57220,"template":"","meta":{"_acf_changed":false,"inline_featured_image":false},"product_brand":[],"product_cat":[477],"product_tag":[],"series":[{"id":1125,"name":"Planet","slug":"planet"}],"publisher":[{"id":497,"name":"Hueber Verlag","slug":"hueber-verlag"}],"class_list":{"0":"post-47345","1":"product","2":"type-product","3":"status-publish","4":"has-post-thumbnail","6":"product_cat-lehrwerke-fur-jugendliche","7":"series-planet","8":"publisher-hueber-verlag","10":"first","11":"instock","12":"taxable","13":"shipping-taxable","14":"purchasable","15":"product-type-simple"},"acf":[],"_links":{"self":[{"href":"https:\/\/exlibris.ee\/ru\/wp-json\/wp\/v2\/product\/47345","targetHints":{"allow":["GET"]}}],"collection":[{"href":"https:\/\/exlibris.ee\/ru\/wp-json\/wp\/v2\/product"}],"about":[{"href":"https:\/\/exlibris.ee\/ru\/wp-json\/wp\/v2\/types\/product"}],"wp:featuredmedia":[{"embeddable":true,"href":"https:\/\/exlibris.ee\/ru\/wp-json\/wp\/v2\/media\/57220"}],"wp:attachment":[{"href":"https:\/\/exlibris.ee\/ru\/wp-json\/wp\/v2\/media?parent=47345"}],"wp:term":[{"taxonomy":"product_brand","embeddable":true,"href":"https:\/\/exlibris.ee\/ru\/wp-json\/wp\/v2\/product_brand?post=47345"},{"taxonomy":"product_cat","embeddable":true,"href":"https:\/\/exlibris.ee\/ru\/wp-json\/wp\/v2\/product_cat?post=47345"},{"taxonomy":"product_tag","embeddable":true,"href":"https:\/\/exlibris.ee\/ru\/wp-json\/wp\/v2\/product_tag?post=47345"},{"taxonomy":"series","embeddable":true,"href":"https:\/\/exlibris.ee\/ru\/wp-json\/wp\/v2\/series?post=47345"},{"taxonomy":"publisher","embeddable":true,"href":"https:\/\/exlibris.ee\/ru\/wp-json\/wp\/v2\/publisher?post=47345"}],"curies":[{"name":"wp","href":"https:\/\/api.w.org\/{rel}","templated":true}]}}